{"id":741628,"date":"2025-03-03T18:14:52","date_gmt":"2025-03-03T17:14:52","guid":{"rendered":"https:\/\/stoic-curie.212-227-153-4.plesk.page\/producto\/tender-eurovinil-ev-rib-250cm\/"},"modified":"2026-02-25T00:00:54","modified_gmt":"2026-02-25T00:00:54","slug":"tender-eurovinil-ev-rib-250cm","status":"publish","type":"product","link":"https:\/\/stoic-curie.212-227-153-4.plesk.page\/hr\/product\/tender-eurovinil-ev-rib-250cm\/","title":{"rendered":"Tender Eurovinil EV RIB 250cm"},"content":{"rendered":"<p>Tender Eurovinil EV RIB 250cm &#8211; Semi-rigidni tender Eurovinil EV RIB od 250 cm ima dno od stakloplastike koje je izra\u0111eno naprednom vakuumskom tehnologijom, \u0161to rezultira proizvodom koji je istovremeno \u010dvrst i lagan, pru\u017eaju\u0107i impresivne performanse \u010dak i s manjim motorima. Izra\u0111en od visokootporne 1100D PVC mre\u017ee, ovaj tender jam\u010di trajnost i u\u010dinkovitost, \u010dak i kada ga pokre\u0107u skromni motori. Njegove velike cijevi i za\u0161titni rubovi osiguravaju izvanrednu udobnost tijekom plovidbe. Ova linija proizvoda isti\u010de se svojom pomnom pa\u017enjom na detalje i elegantnim dizajnom. Prostrani cijevni okvir i prsluk otporan na prskanje pove\u0107avaju udobnost dok \u0161tite putnike od prodora vode. Semi-rigidni \u010damci, karakterizirani svojim elegantnim bijelim zavr\u0161etkom, nadopunjuju bilo koje plovilo, nude\u0107i skladnu mje\u0161avinu sofisticiranosti, jednostavnosti i performansi. Model 275DF posebno se isti\u010de dodatnim zna\u010dajkama. Standardna oprema koja dolazi s tenderom uklju\u010duje: pumpu, komplet za popravak, vesla, torbu za \u010damac, konop za vezivanje i klupu. Ovaj sveobuhvatan pregled pru\u017ea vam sve bitne informacije potrebne za dono\u0161enje informirane odluke o va\u0161im zahtjevima za semi-rigidne tendere.<\/p>\n","protected":false},"excerpt":{"rendered":"<p>Tender Eurovinil EV RIB 250cm &#8211; Semi-rigidni tender Eurovinil EV RIB od 250 cm ima dno od stakloplastike koje je<\/p>\n","protected":false},"featured_media":5942138,"comment_status":"open","ping_status":"closed","template":"","meta":[],"product_brand":[2926],"product_cat":[1833],"product_tag":[],"class_list":{"0":"post-741628","1":"product","2":"type-product","3":"status-publish","4":"has-post-thumbnail","6":"product_brand-eurovinil-hr","7":"product_cat-pomocni-camci","9":"first","10":"instock","11":"shipping-taxable","12":"purchasable","13":"product-type-simple"},"_links":{"self":[{"href":"https:\/\/stoic-curie.212-227-153-4.plesk.page\/hr\/wp-json\/wp\/v2\/product\/741628","targetHints":{"allow":["GET"]}}],"collection":[{"href":"https:\/\/stoic-curie.212-227-153-4.plesk.page\/hr\/wp-json\/wp\/v2\/product"}],"about":[{"href":"https:\/\/stoic-curie.212-227-153-4.plesk.page\/hr\/wp-json\/wp\/v2\/types\/product"}],"replies":[{"embeddable":true,"href":"https:\/\/stoic-curie.212-227-153-4.plesk.page\/hr\/wp-json\/wp\/v2\/comments?post=741628"}],"version-history":[{"count":0,"href":"https:\/\/stoic-curie.212-227-153-4.plesk.page\/hr\/wp-json\/wp\/v2\/product\/741628\/revisions"}],"wp:featuredmedia":[{"embeddable":true,"href":"https:\/\/stoic-curie.212-227-153-4.plesk.page\/hr\/wp-json\/wp\/v2\/media\/5942138"}],"wp:attachment":[{"href":"https:\/\/stoic-curie.212-227-153-4.plesk.page\/hr\/wp-json\/wp\/v2\/media?parent=741628"}],"wp:term":[{"taxonomy":"product_brand","embeddable":true,"href":"https:\/\/stoic-curie.212-227-153-4.plesk.page\/hr\/wp-json\/wp\/v2\/product_brand?post=741628"},{"taxonomy":"product_cat","embeddable":true,"href":"https:\/\/stoic-curie.212-227-153-4.plesk.page\/hr\/wp-json\/wp\/v2\/product_cat?post=741628"},{"taxonomy":"product_tag","embeddable":true,"href":"https:\/\/stoic-curie.212-227-153-4.plesk.page\/hr\/wp-json\/wp\/v2\/product_tag?post=741628"}],"curies":[{"name":"wp","href":"https:\/\/api.w.org\/{rel}","templated":true}]}}