{"id":741641,"date":"2025-03-03T18:14:55","date_gmt":"2025-03-03T17:14:55","guid":{"rendered":"https:\/\/stoic-curie.212-227-153-4.plesk.page\/producto\/vakumski-drzac-do-40kg\/"},"modified":"2026-02-25T00:00:54","modified_gmt":"2026-02-25T00:00:54","slug":"vakumski-drzac-do-40kg","status":"publish","type":"product","link":"https:\/\/stoic-curie.212-227-153-4.plesk.page\/hr\/product\/vakumski-drzac-do-40kg\/","title":{"rendered":"Vakumski dr\u017eac do 40kg"},"content":{"rendered":"<p>Vakumski dr\u017eac do 40kg &#8211; <\/p>\n<p>Oja\u010dana plastika i nehr\u0111aju\u0107i \u010delik, sna\u017ena ru\u010dka s usisnom \u010da\u0161om, savr\u0161ena kao dr\u017ea\u010d trupa, kao to\u010dka pri\u010dvr\u0161\u0107enja ili kao alat za transport ravnih predmeta. Snaga podizanja od 40 kg po usisnoj \u010da\u0161i.<\/p>\n","protected":false},"excerpt":{"rendered":"<p>Vakumski dr\u017eac do 40kg &#8211; Oja\u010dana plastika i nehr\u0111aju\u0107i \u010delik, sna\u017ena ru\u010dka s usisnom \u010da\u0161om, savr\u0161ena kao dr\u017ea\u010d trupa, kao<\/p>\n","protected":false},"featured_media":5942149,"comment_status":"open","ping_status":"closed","template":"","meta":[],"product_brand":[3236],"product_cat":[1631],"product_tag":[],"class_list":{"0":"post-741641","1":"product","2":"type-product","3":"status-publish","4":"has-post-thumbnail","6":"product_brand-osculati-hr","7":"product_cat-alati-za-ciscenje","9":"first","10":"instock","11":"shipping-taxable","12":"purchasable","13":"product-type-simple"},"_links":{"self":[{"href":"https:\/\/stoic-curie.212-227-153-4.plesk.page\/hr\/wp-json\/wp\/v2\/product\/741641","targetHints":{"allow":["GET"]}}],"collection":[{"href":"https:\/\/stoic-curie.212-227-153-4.plesk.page\/hr\/wp-json\/wp\/v2\/product"}],"about":[{"href":"https:\/\/stoic-curie.212-227-153-4.plesk.page\/hr\/wp-json\/wp\/v2\/types\/product"}],"replies":[{"embeddable":true,"href":"https:\/\/stoic-curie.212-227-153-4.plesk.page\/hr\/wp-json\/wp\/v2\/comments?post=741641"}],"version-history":[{"count":0,"href":"https:\/\/stoic-curie.212-227-153-4.plesk.page\/hr\/wp-json\/wp\/v2\/product\/741641\/revisions"}],"wp:featuredmedia":[{"embeddable":true,"href":"https:\/\/stoic-curie.212-227-153-4.plesk.page\/hr\/wp-json\/wp\/v2\/media\/5942149"}],"wp:attachment":[{"href":"https:\/\/stoic-curie.212-227-153-4.plesk.page\/hr\/wp-json\/wp\/v2\/media?parent=741641"}],"wp:term":[{"taxonomy":"product_brand","embeddable":true,"href":"https:\/\/stoic-curie.212-227-153-4.plesk.page\/hr\/wp-json\/wp\/v2\/product_brand?post=741641"},{"taxonomy":"product_cat","embeddable":true,"href":"https:\/\/stoic-curie.212-227-153-4.plesk.page\/hr\/wp-json\/wp\/v2\/product_cat?post=741641"},{"taxonomy":"product_tag","embeddable":true,"href":"https:\/\/stoic-curie.212-227-153-4.plesk.page\/hr\/wp-json\/wp\/v2\/product_tag?post=741641"}],"curies":[{"name":"wp","href":"https:\/\/api.w.org\/{rel}","templated":true}]}}