{"id":741643,"date":"2025-03-03T18:14:56","date_gmt":"2025-03-03T17:14:56","guid":{"rendered":"https:\/\/stoic-curie.212-227-153-4.plesk.page\/producto\/skywatch-smartphone-bluetooth-bl500-vremenska-stanica\/"},"modified":"2026-02-25T00:00:54","modified_gmt":"2026-02-25T00:00:54","slug":"skywatch-smartphone-bluetooth-bl500-vremenska-stanica","status":"publish","type":"product","link":"https:\/\/stoic-curie.212-227-153-4.plesk.page\/hr\/product\/skywatch-smartphone-bluetooth-bl500-vremenska-stanica\/","title":{"rendered":"Skywatch Smartphone Bluetooth BL500, vremenska stanica"},"content":{"rendered":"<p>Skywatch Smartphone Bluetooth BL500, vremenska stanica &#8211; <\/p>\n<p>Potpuna meteorolo\u0161ka stanica koja je spojena sa pametnim telefonom putem Bluetootha. Idealna za sve profesionalne i vanjske aktivnosti poput jedrenja, kitesurfinga, paraglidinga, planinarenja itd. Izra\u0111ena od anodiziranog aluminija IP67, s punjivom mikro USB baterijom. Dimenzije \u00d826 x 116 mm. Uklju\u010duje vezicu, metalnu kop\u010du i kutiju za pohranu. Kompatibilna s iPhone\/iPad i Android ure\u0111ajima.<\/p>\n","protected":false},"excerpt":{"rendered":"<p>Skywatch Smartphone Bluetooth BL500, vremenska stanica &#8211; Potpuna meteorolo\u0161ka stanica koja je spojena sa pametnim telefonom putem Bluetootha. Idealna za<\/p>\n","protected":false},"featured_media":5942151,"comment_status":"open","ping_status":"closed","template":"","meta":[],"product_brand":[3406],"product_cat":[1744,1777],"product_tag":[],"class_list":{"0":"post-741643","1":"product","2":"type-product","3":"status-publish","4":"has-post-thumbnail","6":"product_brand-skywatch-hr","7":"product_cat-brodska-elektronika","8":"product_cat-nauticki-instrumenti","10":"first","11":"outofstock","12":"shipping-taxable","13":"purchasable","14":"product-type-simple"},"_links":{"self":[{"href":"https:\/\/stoic-curie.212-227-153-4.plesk.page\/hr\/wp-json\/wp\/v2\/product\/741643","targetHints":{"allow":["GET"]}}],"collection":[{"href":"https:\/\/stoic-curie.212-227-153-4.plesk.page\/hr\/wp-json\/wp\/v2\/product"}],"about":[{"href":"https:\/\/stoic-curie.212-227-153-4.plesk.page\/hr\/wp-json\/wp\/v2\/types\/product"}],"replies":[{"embeddable":true,"href":"https:\/\/stoic-curie.212-227-153-4.plesk.page\/hr\/wp-json\/wp\/v2\/comments?post=741643"}],"version-history":[{"count":0,"href":"https:\/\/stoic-curie.212-227-153-4.plesk.page\/hr\/wp-json\/wp\/v2\/product\/741643\/revisions"}],"wp:featuredmedia":[{"embeddable":true,"href":"https:\/\/stoic-curie.212-227-153-4.plesk.page\/hr\/wp-json\/wp\/v2\/media\/5942151"}],"wp:attachment":[{"href":"https:\/\/stoic-curie.212-227-153-4.plesk.page\/hr\/wp-json\/wp\/v2\/media?parent=741643"}],"wp:term":[{"taxonomy":"product_brand","embeddable":true,"href":"https:\/\/stoic-curie.212-227-153-4.plesk.page\/hr\/wp-json\/wp\/v2\/product_brand?post=741643"},{"taxonomy":"product_cat","embeddable":true,"href":"https:\/\/stoic-curie.212-227-153-4.plesk.page\/hr\/wp-json\/wp\/v2\/product_cat?post=741643"},{"taxonomy":"product_tag","embeddable":true,"href":"https:\/\/stoic-curie.212-227-153-4.plesk.page\/hr\/wp-json\/wp\/v2\/product_tag?post=741643"}],"curies":[{"name":"wp","href":"https:\/\/api.w.org\/{rel}","templated":true}]}}