{"id":741645,"date":"2025-03-03T18:14:56","date_gmt":"2025-03-03T17:14:56","guid":{"rendered":"https:\/\/stoic-curie.212-227-153-4.plesk.page\/producto\/par-noznih-prekidaca-od-nehrdajuceg-celika-mz-12-24-v\/"},"modified":"2026-02-25T00:00:54","modified_gmt":"2026-02-25T00:00:54","slug":"par-noznih-prekidaca-od-nehrdajuceg-celika-mz-12-24-v","status":"publish","type":"product","link":"https:\/\/stoic-curie.212-227-153-4.plesk.page\/hr\/product\/par-noznih-prekidaca-od-nehrdajuceg-celika-mz-12-24-v\/","title":{"rendered":"Par no\u017enih prekida\u010da od nehr\u0111aju\u0107eg \u010delika MZ 12\/24 V"},"content":{"rendered":"<p>Par no\u017enih prekida\u010da od nehr\u0111aju\u0107eg \u010delika MZ 12\/24 V &#8211; <\/p>\n<p>Par Up-Down prekida\u010da za stopala s bazom i poklopcem od nehr\u0111aju\u0107eg \u010delika. Vodootporan, sa silikonskom gumom otporan na slanu vodu. Promjer 70 mm, maksimalno optere\u0107enje 5A.<\/p>\n","protected":false},"excerpt":{"rendered":"<p>Par no\u017enih prekida\u010da od nehr\u0111aju\u0107eg \u010delika MZ 12\/24 V &#8211; Par Up-Down prekida\u010da za stopala s bazom i poklopcem od<\/p>\n","protected":false},"featured_media":5942157,"comment_status":"open","ping_status":"closed","template":"","meta":[],"product_brand":[3161],"product_cat":[1611],"product_tag":[],"class_list":{"0":"post-741645","1":"product","2":"type-product","3":"status-publish","4":"has-post-thumbnail","6":"product_brand-mz-electronic-hr","7":"product_cat-vitla-quick","9":"first","10":"instock","11":"shipping-taxable","12":"purchasable","13":"product-type-simple"},"_links":{"self":[{"href":"https:\/\/stoic-curie.212-227-153-4.plesk.page\/hr\/wp-json\/wp\/v2\/product\/741645","targetHints":{"allow":["GET"]}}],"collection":[{"href":"https:\/\/stoic-curie.212-227-153-4.plesk.page\/hr\/wp-json\/wp\/v2\/product"}],"about":[{"href":"https:\/\/stoic-curie.212-227-153-4.plesk.page\/hr\/wp-json\/wp\/v2\/types\/product"}],"replies":[{"embeddable":true,"href":"https:\/\/stoic-curie.212-227-153-4.plesk.page\/hr\/wp-json\/wp\/v2\/comments?post=741645"}],"version-history":[{"count":0,"href":"https:\/\/stoic-curie.212-227-153-4.plesk.page\/hr\/wp-json\/wp\/v2\/product\/741645\/revisions"}],"wp:featuredmedia":[{"embeddable":true,"href":"https:\/\/stoic-curie.212-227-153-4.plesk.page\/hr\/wp-json\/wp\/v2\/media\/5942157"}],"wp:attachment":[{"href":"https:\/\/stoic-curie.212-227-153-4.plesk.page\/hr\/wp-json\/wp\/v2\/media?parent=741645"}],"wp:term":[{"taxonomy":"product_brand","embeddable":true,"href":"https:\/\/stoic-curie.212-227-153-4.plesk.page\/hr\/wp-json\/wp\/v2\/product_brand?post=741645"},{"taxonomy":"product_cat","embeddable":true,"href":"https:\/\/stoic-curie.212-227-153-4.plesk.page\/hr\/wp-json\/wp\/v2\/product_cat?post=741645"},{"taxonomy":"product_tag","embeddable":true,"href":"https:\/\/stoic-curie.212-227-153-4.plesk.page\/hr\/wp-json\/wp\/v2\/product_tag?post=741645"}],"curies":[{"name":"wp","href":"https:\/\/api.w.org\/{rel}","templated":true}]}}