{"id":741646,"date":"2025-03-03T18:14:56","date_gmt":"2025-03-03T17:14:56","guid":{"rendered":"https:\/\/stoic-curie.212-227-153-4.plesk.page\/producto\/pool-hhp-sidro-pocincani-celik-12kg\/"},"modified":"2026-02-25T00:00:55","modified_gmt":"2026-02-25T00:00:55","slug":"pool-hhp-sidro-pocincani-celik-12kg","status":"publish","type":"product","link":"https:\/\/stoic-curie.212-227-153-4.plesk.page\/hr\/product\/pool-hhp-sidro-pocincani-celik-12kg\/","title":{"rendered":"Pool HHP Sidro 12kg"},"content":{"rendered":"<p>Pool HHP Sidro 12kg &#8211; <\/p>\n<p>Drago nam je predstaviti pocin\u010dani \u010deli\u010dni anker &#8220;Pool HHP&#8221; (High Holding Power), posebno izra\u0111en za izvanredne performanse u pje\u0161\u010danim i blatnim okru\u017eenjima. Ovaj TW tip anker je anker visoke sile dr\u017eanja bez zaliha, pa\u017eljivo dizajniran da pru\u017ei izvanredne performanse sidrenja kojima vlasnici brodova mogu vjerovati. Klju\u010dna zna\u010dajka ovog ankera je njegova impresivna sposobnost da pru\u017ea vi\u0161e od dvostruke sile dr\u017eanja u usporedbi s tradicionalnim ankerima iste te\u017eine. Odabirom Pool HHP ankera ula\u017eete u proizvod koji jam\u010di superiorne performanse i sigurnost za va\u0161 brod.<\/p>\n<p>Anker ima velike, ravne o\u0161trice izra\u0111ene od \u010delika visoke \u010dvrsto\u0107e. Debljina ovih o\u0161trica varira od 15 mm do 140 mm, ovisno o specifi\u010dnoj veli\u010dini ankera koju odaberete. Ova varijacija u debljini osigurava da je svaki anker prilago\u0111en razli\u010ditim uvjetima plovidbe i veli\u010dinama.<\/p>\n<p><strong>Specifikacije proizvoda:<\/strong><\/p>\n<ul>\n<li><strong>Tip:<\/strong>\u00a0Anker visoke sile dr\u017eanja<\/li>\n<li><strong>Materijal:<\/strong>\u00a0\u010celik ZG230-45CH<\/li>\n<li><strong>Te\u017einski raspon:<\/strong>\u00a012 kg do 150 kg<\/li>\n<li><strong>Opcije zavr\u0161ne obrade:<\/strong>\u00a0Vru\u0107e pocin\u010dan za ve\u0107u izdr\u017eljivost<\/li>\n<li><strong>Certifikati:<\/strong>\u00a0BV, ABS, DNV, GL, LRS, RINA, RS, IRS, CCS, KR, NK<\/li>\n<\/ul>\n<p>Ovaj anker je izvrsna opcija za vlasnike brodova koji tra\u017ee pouzdano i \u010dvrsto rje\u0161enje za sidrenje, posebno u te\u0161kim uvjetima. S visokom snagom dr\u017eanja i robusnom konstrukcijom, Pool HHP anker jam\u010di da va\u0161 brod ostane sigurno usidren, omogu\u0107uju\u0107i vam da se opustite i u\u017eivate u va\u0161em vremenu na vodi.<\/p>\n","protected":false},"excerpt":{"rendered":"<p>Pool HHP Sidro 12kg &#8211; Drago nam je predstaviti pocin\u010dani \u010deli\u010dni anker &#8220;Pool HHP&#8221; (High Holding Power), posebno izra\u0111en za<\/p>\n","protected":false},"featured_media":5942158,"comment_status":"open","ping_status":"closed","template":"","meta":[],"product_brand":[3086],"product_cat":[1871],"product_tag":[],"class_list":{"0":"post-741646","1":"product","2":"type-product","3":"status-publish","4":"has-post-thumbnail","6":"product_brand-maggigroup-hr","7":"product_cat-sidra-danforth","9":"first","10":"instock","11":"shipping-taxable","12":"purchasable","13":"product-type-simple"},"_links":{"self":[{"href":"https:\/\/stoic-curie.212-227-153-4.plesk.page\/hr\/wp-json\/wp\/v2\/product\/741646","targetHints":{"allow":["GET"]}}],"collection":[{"href":"https:\/\/stoic-curie.212-227-153-4.plesk.page\/hr\/wp-json\/wp\/v2\/product"}],"about":[{"href":"https:\/\/stoic-curie.212-227-153-4.plesk.page\/hr\/wp-json\/wp\/v2\/types\/product"}],"replies":[{"embeddable":true,"href":"https:\/\/stoic-curie.212-227-153-4.plesk.page\/hr\/wp-json\/wp\/v2\/comments?post=741646"}],"version-history":[{"count":0,"href":"https:\/\/stoic-curie.212-227-153-4.plesk.page\/hr\/wp-json\/wp\/v2\/product\/741646\/revisions"}],"wp:featuredmedia":[{"embeddable":true,"href":"https:\/\/stoic-curie.212-227-153-4.plesk.page\/hr\/wp-json\/wp\/v2\/media\/5942158"}],"wp:attachment":[{"href":"https:\/\/stoic-curie.212-227-153-4.plesk.page\/hr\/wp-json\/wp\/v2\/media?parent=741646"}],"wp:term":[{"taxonomy":"product_brand","embeddable":true,"href":"https:\/\/stoic-curie.212-227-153-4.plesk.page\/hr\/wp-json\/wp\/v2\/product_brand?post=741646"},{"taxonomy":"product_cat","embeddable":true,"href":"https:\/\/stoic-curie.212-227-153-4.plesk.page\/hr\/wp-json\/wp\/v2\/product_cat?post=741646"},{"taxonomy":"product_tag","embeddable":true,"href":"https:\/\/stoic-curie.212-227-153-4.plesk.page\/hr\/wp-json\/wp\/v2\/product_tag?post=741646"}],"curies":[{"name":"wp","href":"https:\/\/api.w.org\/{rel}","templated":true}]}}