{"id":741647,"date":"2025-03-03T18:14:56","date_gmt":"2025-03-03T17:14:56","guid":{"rendered":"https:\/\/stoic-curie.212-227-153-4.plesk.page\/producto\/pool-hhp-sidro-pocincani-celik-20kg\/"},"modified":"2026-02-25T00:00:55","modified_gmt":"2026-02-25T00:00:55","slug":"pool-hhp-sidro-pocincani-celik-20kg","status":"publish","type":"product","link":"https:\/\/stoic-curie.212-227-153-4.plesk.page\/hr\/product\/pool-hhp-sidro-pocincani-celik-20kg\/","title":{"rendered":"Pool HHP sidro 20kg"},"content":{"rendered":"<p>Pool HHP sidro 20kg &#8211; <\/p>\n<p>Galvanizirani \u010celik &#8220;Pool HHP&#8221; (Visoka Snaga Dr\u017eanja) Sidro: Idealno za Kori\u0161tenje u Pijesku i Blatu. TW tip sidra je sidro bez zaliha visoke snage, dizajnirano za pru\u017eanje izvanredne performanse sidrenja. Pru\u017ea vi\u0161e od dvostruke nosivosti od standardnih sidara jednake te\u017eine. Ovo sidro opremljeno je velikim, ravnim majem od visokotla\u010dne \u010deli\u010dne plo\u010de, s debljinama koje variraju od 15 mm do 140 mm, ovisno o veli\u010dini sidra.<\/p>\n<p><strong>Specifikacije proizvoda:<\/strong><\/p>\n<ul>\n<li><strong>Tip:<\/strong> Sidro s visokom snagom<\/li>\n<li><strong>Materijal:<\/strong> \u010celik ZG230-45CH<\/li>\n<li><strong>Te\u017einski raspon:<\/strong> 50 kg do 150 kg<\/li>\n<li><strong>Opcije zavr\u0161ne obrade:<\/strong> Vru\u0107e pocin\u010dano<\/li>\n<li><strong>Certifikati:<\/strong> BV, ABS, DNV, GL, LRS, RINA, RS, IRS, CCS, KR, NK<\/li>\n<\/ul>\n<p>Ovo sidro je pouzdan izbor za vlasnike plovila koji tra\u017ee robusno i u\u010dinkovito rje\u0161enje za sidrenje u izazovnim uvjetima.<\/p>\n","protected":false},"excerpt":{"rendered":"<p>Pool HHP sidro 20kg &#8211; Galvanizirani \u010celik &#8220;Pool HHP&#8221; (Visoka Snaga Dr\u017eanja) Sidro: Idealno za Kori\u0161tenje u Pijesku i Blatu.<\/p>\n","protected":false},"featured_media":5942158,"comment_status":"open","ping_status":"closed","template":"","meta":[],"product_brand":[3086],"product_cat":[1871],"product_tag":[],"class_list":{"0":"post-741647","1":"product","2":"type-product","3":"status-publish","4":"has-post-thumbnail","6":"product_brand-maggigroup-hr","7":"product_cat-sidra-danforth","9":"first","10":"instock","11":"shipping-taxable","12":"purchasable","13":"product-type-simple"},"_links":{"self":[{"href":"https:\/\/stoic-curie.212-227-153-4.plesk.page\/hr\/wp-json\/wp\/v2\/product\/741647","targetHints":{"allow":["GET"]}}],"collection":[{"href":"https:\/\/stoic-curie.212-227-153-4.plesk.page\/hr\/wp-json\/wp\/v2\/product"}],"about":[{"href":"https:\/\/stoic-curie.212-227-153-4.plesk.page\/hr\/wp-json\/wp\/v2\/types\/product"}],"replies":[{"embeddable":true,"href":"https:\/\/stoic-curie.212-227-153-4.plesk.page\/hr\/wp-json\/wp\/v2\/comments?post=741647"}],"version-history":[{"count":0,"href":"https:\/\/stoic-curie.212-227-153-4.plesk.page\/hr\/wp-json\/wp\/v2\/product\/741647\/revisions"}],"wp:featuredmedia":[{"embeddable":true,"href":"https:\/\/stoic-curie.212-227-153-4.plesk.page\/hr\/wp-json\/wp\/v2\/media\/5942158"}],"wp:attachment":[{"href":"https:\/\/stoic-curie.212-227-153-4.plesk.page\/hr\/wp-json\/wp\/v2\/media?parent=741647"}],"wp:term":[{"taxonomy":"product_brand","embeddable":true,"href":"https:\/\/stoic-curie.212-227-153-4.plesk.page\/hr\/wp-json\/wp\/v2\/product_brand?post=741647"},{"taxonomy":"product_cat","embeddable":true,"href":"https:\/\/stoic-curie.212-227-153-4.plesk.page\/hr\/wp-json\/wp\/v2\/product_cat?post=741647"},{"taxonomy":"product_tag","embeddable":true,"href":"https:\/\/stoic-curie.212-227-153-4.plesk.page\/hr\/wp-json\/wp\/v2\/product_tag?post=741647"}],"curies":[{"name":"wp","href":"https:\/\/api.w.org\/{rel}","templated":true}]}}