{"id":741648,"date":"2025-03-03T18:14:57","date_gmt":"2025-03-03T17:14:57","guid":{"rendered":"https:\/\/stoic-curie.212-227-153-4.plesk.page\/producto\/pool-hhp-sidro-pocincani-celik-40kg\/"},"modified":"2026-02-25T00:00:55","modified_gmt":"2026-02-25T00:00:55","slug":"pool-hhp-sidro-pocincani-celik-40kg","status":"publish","type":"product","link":"https:\/\/stoic-curie.212-227-153-4.plesk.page\/hr\/product\/pool-hhp-sidro-pocincani-celik-40kg\/","title":{"rendered":"Pool HHP sidro 40kg"},"content":{"rendered":"<p>Pool HHP sidro 40kg &#8211; <\/p>\n<p>Galvanizirano \u010delik &#8220;Pool HHP&#8221; (High Holding Power) sidro: Savr\u0161eno za kori\u0161tenje u pijesku i blatu. TW tip sidra je sidro bez stoka visoke nosivosti, osmi\u0161ljeno da pru\u017ea izvanredne mogu\u0107nosti vezivanja. Pru\u017ea vi\u0161e od dvostruke nosivosti konvencionalnih sidara iste te\u017eine. Ovo sidro je dizajnirano s velikim, ravnim krakovima izra\u0111enim od \u010deli\u010dne plo\u010de visoke \u010dvrsto\u0107e, s debljinama od 15 mm do 140 mm, ovisno o veli\u010dini sidra.<\/p>\n<p><strong>Specifikacije proizvoda:<\/strong><\/p>\n<ul>\n<li><strong>Tip:<\/strong>\u00a0Sidro visoke nosivosti<\/li>\n<li><strong>Materijal:<\/strong>\u00a0\u010celik ZG230-45CH<\/li>\n<li><strong>Raspon te\u017eine:<\/strong>\u00a050 kg do 150 kg<\/li>\n<li><strong>Opcije zavr\u0161ne obrade:<\/strong>\u00a0Vru\u0107e pocin\u010deno<\/li>\n<li><strong>Certifikati:<\/strong>\u00a0BV, ABS, DNV, GL, LRS, RINA, RS, IRS, CCS, KR, NK<\/li>\n<\/ul>\n<p>Ovo sidro je izvrsna opcija za vlasnike \u010damaca koji tra\u017ee pouzdano i sna\u017eno sidreno rje\u0161enje u te\u0161kim uvjetima.<\/p>\n","protected":false},"excerpt":{"rendered":"<p>Pool HHP sidro 40kg &#8211; Galvanizirano \u010delik &#8220;Pool HHP&#8221; (High Holding Power) sidro: Savr\u0161eno za kori\u0161tenje u pijesku i blatu.<\/p>\n","protected":false},"featured_media":5942158,"comment_status":"open","ping_status":"closed","template":"","meta":[],"product_brand":[3086],"product_cat":[1871],"product_tag":[],"class_list":{"0":"post-741648","1":"product","2":"type-product","3":"status-publish","4":"has-post-thumbnail","6":"product_brand-maggigroup-hr","7":"product_cat-sidra-danforth","9":"first","10":"instock","11":"shipping-taxable","12":"purchasable","13":"product-type-simple"},"_links":{"self":[{"href":"https:\/\/stoic-curie.212-227-153-4.plesk.page\/hr\/wp-json\/wp\/v2\/product\/741648","targetHints":{"allow":["GET"]}}],"collection":[{"href":"https:\/\/stoic-curie.212-227-153-4.plesk.page\/hr\/wp-json\/wp\/v2\/product"}],"about":[{"href":"https:\/\/stoic-curie.212-227-153-4.plesk.page\/hr\/wp-json\/wp\/v2\/types\/product"}],"replies":[{"embeddable":true,"href":"https:\/\/stoic-curie.212-227-153-4.plesk.page\/hr\/wp-json\/wp\/v2\/comments?post=741648"}],"version-history":[{"count":0,"href":"https:\/\/stoic-curie.212-227-153-4.plesk.page\/hr\/wp-json\/wp\/v2\/product\/741648\/revisions"}],"wp:featuredmedia":[{"embeddable":true,"href":"https:\/\/stoic-curie.212-227-153-4.plesk.page\/hr\/wp-json\/wp\/v2\/media\/5942158"}],"wp:attachment":[{"href":"https:\/\/stoic-curie.212-227-153-4.plesk.page\/hr\/wp-json\/wp\/v2\/media?parent=741648"}],"wp:term":[{"taxonomy":"product_brand","embeddable":true,"href":"https:\/\/stoic-curie.212-227-153-4.plesk.page\/hr\/wp-json\/wp\/v2\/product_brand?post=741648"},{"taxonomy":"product_cat","embeddable":true,"href":"https:\/\/stoic-curie.212-227-153-4.plesk.page\/hr\/wp-json\/wp\/v2\/product_cat?post=741648"},{"taxonomy":"product_tag","embeddable":true,"href":"https:\/\/stoic-curie.212-227-153-4.plesk.page\/hr\/wp-json\/wp\/v2\/product_tag?post=741648"}],"curies":[{"name":"wp","href":"https:\/\/api.w.org\/{rel}","templated":true}]}}