{"id":741649,"date":"2025-03-03T18:14:57","date_gmt":"2025-03-03T17:14:57","guid":{"rendered":"https:\/\/stoic-curie.212-227-153-4.plesk.page\/producto\/pool-hhp-sidro-pocincani-celik-60kg\/"},"modified":"2026-02-25T00:00:55","modified_gmt":"2026-02-25T00:00:55","slug":"pool-hhp-sidro-pocincani-celik-60kg","status":"publish","type":"product","link":"https:\/\/stoic-curie.212-227-153-4.plesk.page\/hr\/product\/pool-hhp-sidro-pocincani-celik-60kg\/","title":{"rendered":"Pool HHP sidro 60kg"},"content":{"rendered":"<p>Pool HHP sidro 60kg &#8211; <\/p>\n<p>Galvanizirani \u010delik &#8220;Pool HHP&#8221; (High Holding Power) sidro: Savr\u0161eno za kori\u0161tenje u pijesku i blatu. TW tip sidra je sidro bez krme s visokom snagom dr\u017eanja, dizajnirano da pru\u017ea izvanredne mogu\u0107nosti sidrenja. Pru\u017ea vi\u0161e od dvostruke snage dr\u017eanja konvencionalnih sidara iste te\u017eine. Ovo sidro je dizajnirano s velikim, ravnim krilima od \u010deli\u010dne plo\u010de visoke \u010dvrsto\u0107e, s debljinama koje variraju od 15 mm do 140 mm, ovisno o veli\u010dini sidra.<\/p>\n<p><strong>Specifikacije proizvoda:<\/strong><\/p>\n<ul>\n<li><strong>Tip:<\/strong> Sidro visoke snage dr\u017eanja<\/li>\n<li><strong>Materijal:<\/strong> \u010celik ZG230-45CH<\/li>\n<li><strong>Raspon te\u017eine:<\/strong> 50 kg do 150 kg<\/li>\n<li><strong>Opcije zavr\u0161ne obrade:<\/strong> Vru\u0107e pocin\u010dano<\/li>\n<li><strong>Certifikacije:<\/strong> BV, ABS, DNV, GL, LRS, RINA, RS, IRS, CCS, KR, NK<\/li>\n<\/ul>\n<p>Ovo sidro je izvrsna opcija za vlasnike brodova koji tra\u017ee pouzdano i \u010dvrsto sidrenje rje\u0161enje u te\u0161kim uvjetima.<\/p>\n","protected":false},"excerpt":{"rendered":"<p>Pool HHP sidro 60kg &#8211; Galvanizirani \u010delik &#8220;Pool HHP&#8221; (High Holding Power) sidro: Savr\u0161eno za kori\u0161tenje u pijesku i blatu.<\/p>\n","protected":false},"featured_media":5942158,"comment_status":"open","ping_status":"closed","template":"","meta":[],"product_brand":[3086],"product_cat":[1871],"product_tag":[],"class_list":{"0":"post-741649","1":"product","2":"type-product","3":"status-publish","4":"has-post-thumbnail","6":"product_brand-maggigroup-hr","7":"product_cat-sidra-danforth","9":"first","10":"instock","11":"shipping-taxable","12":"purchasable","13":"product-type-simple"},"_links":{"self":[{"href":"https:\/\/stoic-curie.212-227-153-4.plesk.page\/hr\/wp-json\/wp\/v2\/product\/741649","targetHints":{"allow":["GET"]}}],"collection":[{"href":"https:\/\/stoic-curie.212-227-153-4.plesk.page\/hr\/wp-json\/wp\/v2\/product"}],"about":[{"href":"https:\/\/stoic-curie.212-227-153-4.plesk.page\/hr\/wp-json\/wp\/v2\/types\/product"}],"replies":[{"embeddable":true,"href":"https:\/\/stoic-curie.212-227-153-4.plesk.page\/hr\/wp-json\/wp\/v2\/comments?post=741649"}],"version-history":[{"count":0,"href":"https:\/\/stoic-curie.212-227-153-4.plesk.page\/hr\/wp-json\/wp\/v2\/product\/741649\/revisions"}],"wp:featuredmedia":[{"embeddable":true,"href":"https:\/\/stoic-curie.212-227-153-4.plesk.page\/hr\/wp-json\/wp\/v2\/media\/5942158"}],"wp:attachment":[{"href":"https:\/\/stoic-curie.212-227-153-4.plesk.page\/hr\/wp-json\/wp\/v2\/media?parent=741649"}],"wp:term":[{"taxonomy":"product_brand","embeddable":true,"href":"https:\/\/stoic-curie.212-227-153-4.plesk.page\/hr\/wp-json\/wp\/v2\/product_brand?post=741649"},{"taxonomy":"product_cat","embeddable":true,"href":"https:\/\/stoic-curie.212-227-153-4.plesk.page\/hr\/wp-json\/wp\/v2\/product_cat?post=741649"},{"taxonomy":"product_tag","embeddable":true,"href":"https:\/\/stoic-curie.212-227-153-4.plesk.page\/hr\/wp-json\/wp\/v2\/product_tag?post=741649"}],"curies":[{"name":"wp","href":"https:\/\/api.w.org\/{rel}","templated":true}]}}