{"id":741650,"date":"2025-03-03T18:14:57","date_gmt":"2025-03-03T17:14:57","guid":{"rendered":"https:\/\/stoic-curie.212-227-153-4.plesk.page\/producto\/pool-hhp-sidro-pocincani-celik-100kg\/"},"modified":"2026-02-25T00:00:55","modified_gmt":"2026-02-25T00:00:55","slug":"pool-hhp-sidro-pocincani-celik-100kg","status":"publish","type":"product","link":"https:\/\/stoic-curie.212-227-153-4.plesk.page\/hr\/product\/pool-hhp-sidro-pocincani-celik-100kg\/","title":{"rendered":"Pool HHP sidro, pocin\u010dani \u010delik, 100kg"},"content":{"rendered":"<p>Pool HHP sidro, pocin\u010dani \u010delik, 100kg &#8211; <\/p>\n<p>Galvanizirano \u010deli\u010dno &#8220;Pool HHP&#8221; (High Holding Power) sidro: Savr\u0161eno za upotrebu u pijesku i blatu. TW tip sidra je sidro bez stoka s visokom snagom dr\u017eanja, dizajnirano za pru\u017eanje izvanredne sidrene u\u010dinkovitosti. Pru\u017ea vi\u0161e od dvostruke snage dr\u017eanja tradicionalnih sidara iste te\u017eine. Ovo sidro ima velike, ravne krake izra\u0111ene od \u010deli\u010dnih plo\u010da visoke \u010dvrsto\u0107e, debljine od 15 mm do 140 mm, ovisno o veli\u010dini sidra.<\/p>\n<p><strong>Pojedinosti o proizvodu:<\/strong><\/p>\n<ul>\n<li><strong>Tip:<\/strong> Sidro s visokom snagom dr\u017eanja<\/li>\n<li><strong>Materijal:<\/strong> \u010celik ZG230-45CH<\/li>\n<li><strong>Raspon te\u017eine:<\/strong> 50 kg do 150 kg<\/li>\n<li><strong>Opcije zavr\u0161ne obrade:<\/strong> Vru\u0107e pocin\u010dano<\/li>\n<li><strong>Certifikacije:<\/strong> BV, ABS, DNV, GL, LRS, RINA, RS, IRS, CCS, KR, NK<\/li>\n<\/ul>\n<p>Ovo sidro je izvrstan izbor za vlasnike brodova koji tra\u017ee pouzdano i \u010dvrsto sidrenje u izazovnim uvjetima.<\/p>\n","protected":false},"excerpt":{"rendered":"<p>Pool HHP sidro, pocin\u010dani \u010delik, 100kg &#8211; Galvanizirano \u010deli\u010dno &#8220;Pool HHP&#8221; (High Holding Power) sidro: Savr\u0161eno za upotrebu u pijesku<\/p>\n","protected":false},"featured_media":5942158,"comment_status":"open","ping_status":"closed","template":"","meta":[],"product_brand":[3086],"product_cat":[1871],"product_tag":[],"class_list":{"0":"post-741650","1":"product","2":"type-product","3":"status-publish","4":"has-post-thumbnail","6":"product_brand-maggigroup-hr","7":"product_cat-sidra-danforth","9":"first","10":"instock","11":"shipping-taxable","12":"purchasable","13":"product-type-simple"},"_links":{"self":[{"href":"https:\/\/stoic-curie.212-227-153-4.plesk.page\/hr\/wp-json\/wp\/v2\/product\/741650","targetHints":{"allow":["GET"]}}],"collection":[{"href":"https:\/\/stoic-curie.212-227-153-4.plesk.page\/hr\/wp-json\/wp\/v2\/product"}],"about":[{"href":"https:\/\/stoic-curie.212-227-153-4.plesk.page\/hr\/wp-json\/wp\/v2\/types\/product"}],"replies":[{"embeddable":true,"href":"https:\/\/stoic-curie.212-227-153-4.plesk.page\/hr\/wp-json\/wp\/v2\/comments?post=741650"}],"version-history":[{"count":0,"href":"https:\/\/stoic-curie.212-227-153-4.plesk.page\/hr\/wp-json\/wp\/v2\/product\/741650\/revisions"}],"wp:featuredmedia":[{"embeddable":true,"href":"https:\/\/stoic-curie.212-227-153-4.plesk.page\/hr\/wp-json\/wp\/v2\/media\/5942158"}],"wp:attachment":[{"href":"https:\/\/stoic-curie.212-227-153-4.plesk.page\/hr\/wp-json\/wp\/v2\/media?parent=741650"}],"wp:term":[{"taxonomy":"product_brand","embeddable":true,"href":"https:\/\/stoic-curie.212-227-153-4.plesk.page\/hr\/wp-json\/wp\/v2\/product_brand?post=741650"},{"taxonomy":"product_cat","embeddable":true,"href":"https:\/\/stoic-curie.212-227-153-4.plesk.page\/hr\/wp-json\/wp\/v2\/product_cat?post=741650"},{"taxonomy":"product_tag","embeddable":true,"href":"https:\/\/stoic-curie.212-227-153-4.plesk.page\/hr\/wp-json\/wp\/v2\/product_tag?post=741650"}],"curies":[{"name":"wp","href":"https:\/\/api.w.org\/{rel}","templated":true}]}}