{"id":741651,"date":"2025-03-03T18:14:57","date_gmt":"2025-03-03T17:14:57","guid":{"rendered":"https:\/\/stoic-curie.212-227-153-4.plesk.page\/producto\/membranska-pumpa-jabsco-16-litara-u-minuti-12-v\/"},"modified":"2026-02-25T00:00:55","modified_gmt":"2026-02-25T00:00:55","slug":"membranska-pumpa-jabsco-16-litara-u-minuti-12-v","status":"publish","type":"product","link":"https:\/\/stoic-curie.212-227-153-4.plesk.page\/hr\/product\/membranska-pumpa-jabsco-16-litara-u-minuti-12-v\/","title":{"rendered":"Membranska pumpa Jabsco 16 litara u minuti 12 V"},"content":{"rendered":"<p>Membranska pumpa Jabsco 16 litara u minuti 12 V &#8211; <\/p>\n<p>Robusna Jabsco membranska pumpa, samousisna do visine od 3 m. Za tu\u0161iranja, sivu vodu i ispu\u0161tanje iz sentine. Tiho rada, bez filtera, kompaktni dizajn i fleksibilna instalacija s vi\u0161epolo\u017eajnom glavom.<\/p>\n","protected":false},"excerpt":{"rendered":"<p>Membranska pumpa Jabsco 16 litara u minuti 12 V &#8211; Robusna Jabsco membranska pumpa, samousisna do visine od 3 m.<\/p>\n","protected":false},"featured_media":5942166,"comment_status":"open","ping_status":"closed","template":"","meta":[],"product_brand":[3031],"product_cat":[1672,1659,1660],"product_tag":[],"class_list":{"0":"post-741651","1":"product","2":"type-product","3":"status-publish","4":"has-post-thumbnail","6":"product_brand-jabsco-marine-hr","7":"product_cat-brodske-pumpe-za-otpadne-vode","8":"product_cat-elektricne-kaljuzne-pumpe","9":"product_cat-pumpe-za-tlak-vode","11":"first","12":"instock","13":"shipping-taxable","14":"purchasable","15":"product-type-simple"},"_links":{"self":[{"href":"https:\/\/stoic-curie.212-227-153-4.plesk.page\/hr\/wp-json\/wp\/v2\/product\/741651","targetHints":{"allow":["GET"]}}],"collection":[{"href":"https:\/\/stoic-curie.212-227-153-4.plesk.page\/hr\/wp-json\/wp\/v2\/product"}],"about":[{"href":"https:\/\/stoic-curie.212-227-153-4.plesk.page\/hr\/wp-json\/wp\/v2\/types\/product"}],"replies":[{"embeddable":true,"href":"https:\/\/stoic-curie.212-227-153-4.plesk.page\/hr\/wp-json\/wp\/v2\/comments?post=741651"}],"version-history":[{"count":0,"href":"https:\/\/stoic-curie.212-227-153-4.plesk.page\/hr\/wp-json\/wp\/v2\/product\/741651\/revisions"}],"wp:featuredmedia":[{"embeddable":true,"href":"https:\/\/stoic-curie.212-227-153-4.plesk.page\/hr\/wp-json\/wp\/v2\/media\/5942166"}],"wp:attachment":[{"href":"https:\/\/stoic-curie.212-227-153-4.plesk.page\/hr\/wp-json\/wp\/v2\/media?parent=741651"}],"wp:term":[{"taxonomy":"product_brand","embeddable":true,"href":"https:\/\/stoic-curie.212-227-153-4.plesk.page\/hr\/wp-json\/wp\/v2\/product_brand?post=741651"},{"taxonomy":"product_cat","embeddable":true,"href":"https:\/\/stoic-curie.212-227-153-4.plesk.page\/hr\/wp-json\/wp\/v2\/product_cat?post=741651"},{"taxonomy":"product_tag","embeddable":true,"href":"https:\/\/stoic-curie.212-227-153-4.plesk.page\/hr\/wp-json\/wp\/v2\/product_tag?post=741651"}],"curies":[{"name":"wp","href":"https:\/\/api.w.org\/{rel}","templated":true}]}}