{"id":741653,"date":"2025-03-03T18:14:58","date_gmt":"2025-03-03T17:14:58","guid":{"rendered":"https:\/\/stoic-curie.212-227-153-4.plesk.page\/producto\/robusna-jabsco-membranska-pumpa-12-volt-38-1-1-2-mm\/"},"modified":"2026-02-25T00:00:55","modified_gmt":"2026-02-25T00:00:55","slug":"robusna-jabsco-membranska-pumpa-12-volt-38-1-1-2-mm","status":"publish","type":"product","link":"https:\/\/stoic-curie.212-227-153-4.plesk.page\/hr\/product\/robusna-jabsco-membranska-pumpa-12-volt-38-1-1-2-mm\/","title":{"rendered":"Robusna Jabsco membranska pumpa 12 volt 38 (1&#8243; 1\/2) mm"},"content":{"rendered":"<p>Robusna Jabsco membranska pumpa 12 volt 38 (1&#8243; 1\/2) mm &#8211; <\/p>\n<p>Robusna Jabsco membranska pumpa, samousisna do visine od 3 m. Za pra\u017enjenje spremnika za sivu ili crnu vodu, \u010dak i s neza\u010di\u0161\u0107enim otpadom. Tiho djelovanje, kompaktni dizajn i fleksibilna ugradnja zahvaljuju\u0107i vi\u0161enamjenskoj glavi.<\/p>\n","protected":false},"excerpt":{"rendered":"<p>Robusna Jabsco membranska pumpa 12 volt 38 (1&#8243; 1\/2) mm &#8211; Robusna Jabsco membranska pumpa, samousisna do visine od 3<\/p>\n","protected":false},"featured_media":5942166,"comment_status":"open","ping_status":"closed","template":"","meta":[],"product_brand":[3031],"product_cat":[1672,1649],"product_tag":[],"class_list":{"0":"post-741653","1":"product","2":"type-product","3":"status-publish","4":"has-post-thumbnail","6":"product_brand-jabsco-marine-hr","7":"product_cat-brodske-pumpe-za-otpadne-vode","8":"product_cat-spremnici-za-otpadne-vode","10":"first","11":"instock","12":"shipping-taxable","13":"purchasable","14":"product-type-simple"},"_links":{"self":[{"href":"https:\/\/stoic-curie.212-227-153-4.plesk.page\/hr\/wp-json\/wp\/v2\/product\/741653","targetHints":{"allow":["GET"]}}],"collection":[{"href":"https:\/\/stoic-curie.212-227-153-4.plesk.page\/hr\/wp-json\/wp\/v2\/product"}],"about":[{"href":"https:\/\/stoic-curie.212-227-153-4.plesk.page\/hr\/wp-json\/wp\/v2\/types\/product"}],"replies":[{"embeddable":true,"href":"https:\/\/stoic-curie.212-227-153-4.plesk.page\/hr\/wp-json\/wp\/v2\/comments?post=741653"}],"version-history":[{"count":0,"href":"https:\/\/stoic-curie.212-227-153-4.plesk.page\/hr\/wp-json\/wp\/v2\/product\/741653\/revisions"}],"wp:featuredmedia":[{"embeddable":true,"href":"https:\/\/stoic-curie.212-227-153-4.plesk.page\/hr\/wp-json\/wp\/v2\/media\/5942166"}],"wp:attachment":[{"href":"https:\/\/stoic-curie.212-227-153-4.plesk.page\/hr\/wp-json\/wp\/v2\/media?parent=741653"}],"wp:term":[{"taxonomy":"product_brand","embeddable":true,"href":"https:\/\/stoic-curie.212-227-153-4.plesk.page\/hr\/wp-json\/wp\/v2\/product_brand?post=741653"},{"taxonomy":"product_cat","embeddable":true,"href":"https:\/\/stoic-curie.212-227-153-4.plesk.page\/hr\/wp-json\/wp\/v2\/product_cat?post=741653"},{"taxonomy":"product_tag","embeddable":true,"href":"https:\/\/stoic-curie.212-227-153-4.plesk.page\/hr\/wp-json\/wp\/v2\/product_tag?post=741653"}],"curies":[{"name":"wp","href":"https:\/\/api.w.org\/{rel}","templated":true}]}}