{"id":741655,"date":"2025-03-03T18:14:58","date_gmt":"2025-03-03T17:14:58","guid":{"rendered":"https:\/\/stoic-curie.212-227-153-4.plesk.page\/producto\/kit-pramcani-potisnik-vetus-25kgf-12v\/"},"modified":"2026-02-25T00:00:55","modified_gmt":"2026-02-25T00:00:55","slug":"kit-pramcani-potisnik-vetus-25kgf-12v","status":"publish","type":"product","link":"https:\/\/stoic-curie.212-227-153-4.plesk.page\/hr\/product\/kit-pramcani-potisnik-vetus-25kgf-12v\/","title":{"rendered":"Kit pramcani potisnik Vetus 25Kgf 12v"},"content":{"rendered":"<p>Kit pramcani potisnik Vetus 25Kgf 12v &#8211; <\/p>\n<p><strong>Vetus set za proporcionalnu propelera od 25 kgf (12V) &#8211; Tunnela \u00d8110mm<\/strong><\/p>\n<p>Pozdravljamo vas uz Vetus set za proporcionalnu propelera od 25 kgf, koji je dizajniran za plovila s pomakom do 6 metara i \u010damce s brzinom do 8.5 metara. Ovaj sveobuhvatan set uklju\u010duje:<\/p>\n<ul>\n<li>Motor s propelera<\/li>\n<li>Tunel od 110 mm promjera i 75 cm du\u017eine<\/li>\n<li>BPSE2 dodirni kontrolni panel<\/li>\n<li>6 m \u017eice s 4 pola<\/li>\n<li>125A osigura\u010d i nosa\u010d osigura\u010da<\/li>\n<\/ul>\n<p><strong>Broj artikla: BOW2512E-110-SET<\/strong><\/p>\n<p>Vetus 25 kgf propelera odlikuje se visokom pouzdano\u0161\u0107u, \u0161to ga \u010dini idealnim izborom za jahte i motorne \u010damce do 8,5 metara du\u017eine. Izra\u0111en vrhunskim materijalima, ovaj propelera pru\u017ea zna\u010dajnu snagu i ima dug \u017eivotni vijek. S propelerskim ili krmenim propelerom, dobijate bolju kontrolu nad va\u0161im plovilom, \u010dak i pri malim brzinama i u izazovnim uvjetima kao \u0161to su jaki vjetrovi, struje ili uski dokovi.<\/p>\n<p>VETUS propelerske i krmene propelere opremaju aerodinami\u010dni bron\u010dani u\u010dvr\u0161\u0107iva\u010d, koji je pokazao superiornu \u010dvrsto\u0107u i izdr\u017eljivost u odnosu na alternativne materijale. Ovaj dizajn minimizira turbulencije, smanjuje gubitak u\u010dinkovitosti i smanjuje razinu buke. Metalni dijelovi uronjeni u vodu za\u0161ti\u0107eni su cinkovom anodizacijom koja se isporu\u010duje kao standard.<\/p>\n<p>VETUS propelers su izra\u0111eni od sinteti\u010dkih materijala, osiguravaju\u0107i otpornost na koroziju. Njihova lagana konstrukcija omogu\u0107uje brzo postizanje maksimalne snage uz minimalnu potro\u0161nju energije. O\u0161trice propelera su posebno dizajnirane za kori\u0161tenje u tunelu, osiguravaju\u0107i ravnote\u017eni potisak na krmi i pramac. Ovaj dizajn zna\u010dajno smanjuje kavitataciju i razinu buke.<\/p>\n<p>Set uklju\u010duje propelera, tunel, 20 m kontrolnog kabela, jedan joystick, osigura\u010d i nosa\u010d osigura\u010da. Va\u017eno je napomenuti da jedinica Vetus 25 kgf uklju\u010duje tunel promjera 110 mm, \u0161to olak\u0161ava instalaciju u usporedbi s drugim propelerima u ovoj kategoriji.<\/p>\n<p><strong>Klju\u010dne zna\u010dajke:<\/strong><\/p>\n<ul>\n<li>Jedinstveni dizajn propelera smanjuje poreme\u0107aj struje unutar tunela.<\/li>\n<li>Jedinstveni dizajn lopatica propelera minimizira buku kavitation.<\/li>\n<li>Koriste se spiralni zup\u010danici za smanjenje buke prijenosa.<\/li>\n<li>Fleksibilna spojka izme\u0111u u\u010dvr\u0161\u0107iva\u010da i motora u\u010dinkovito eliminira vibracije.<\/li>\n<li>Aerodinami\u010dni u\u010dvr\u0161\u0107iva\u010d optimizira u\u010dinkovitost struje.<\/li>\n<li>Izdr\u017eljiva sinteti\u010dka propelera je lagana i otporna na koroziju.<\/li>\n<li>Instalacija je jednostavna, s jasnim uputama za postavljanje i rad.<\/li>\n<li>Nova serija visokokvalitetnih kontrolnih panela od aluminija je dostupna, koja je kompatibilna sa starijim modelima.<\/li>\n<li>Ova propeler je priznata kao najti\u0161a opcija na tr\u017ei\u0161tu.<\/li>\n<\/ul>\n<p><strong>Specifikacije:<\/strong><\/p>\n<ul>\n<li>Pritisak: 25 N (kgf)<\/li>\n<li>Preporu\u010deno za veli\u010dine \u010damca: 5,5 &#8211; 8,5 metara<\/li>\n<li>Snaga: 1,5 kW (2 ks)<\/li>\n<li>Unutarnji promjer tunela: 110 mm<\/li>\n<li>Te\u017eina (bez tunela): 12 kg<\/li>\n<li>Napon: 12 volti<\/li>\n<li>Potro\u0161nja struje: 200 Ampera<\/li>\n<li>Kontinuirano radno vrijeme: 4 minute<\/li>\n<li>Glavni osigura\u010d (spori): 125 Ampera<\/li>\n<\/ul>\n<p>Ovaj propelera odlikuje se u\u010dinkovito\u0161\u0107u, pouzdano\u0161\u0107u i lako\u0107om kori\u0161tenja, \u0161to ga \u010dini izvrsnim izborom za vlasnike \u010damaca koji tra\u017ee visokokvalitetnu opremu.<\/p>\n","protected":false},"excerpt":{"rendered":"<p>Kit pramcani potisnik Vetus 25Kgf 12v &#8211; Vetus set za proporcionalnu propelera od 25 kgf (12V) &#8211; Tunnela \u00d8110mm Pozdravljamo<\/p>\n","protected":false},"featured_media":5942179,"comment_status":"open","ping_status":"closed","template":"","meta":[],"product_brand":[3521],"product_cat":[1609],"product_tag":[],"class_list":{"0":"post-741655","1":"product","2":"type-product","3":"status-publish","4":"has-post-thumbnail","6":"product_brand-vetus-hr","7":"product_cat-pramcani-potisnici-vetus","9":"first","10":"instock","11":"shipping-taxable","12":"purchasable","13":"product-type-simple"},"_links":{"self":[{"href":"https:\/\/stoic-curie.212-227-153-4.plesk.page\/hr\/wp-json\/wp\/v2\/product\/741655","targetHints":{"allow":["GET"]}}],"collection":[{"href":"https:\/\/stoic-curie.212-227-153-4.plesk.page\/hr\/wp-json\/wp\/v2\/product"}],"about":[{"href":"https:\/\/stoic-curie.212-227-153-4.plesk.page\/hr\/wp-json\/wp\/v2\/types\/product"}],"replies":[{"embeddable":true,"href":"https:\/\/stoic-curie.212-227-153-4.plesk.page\/hr\/wp-json\/wp\/v2\/comments?post=741655"}],"version-history":[{"count":0,"href":"https:\/\/stoic-curie.212-227-153-4.plesk.page\/hr\/wp-json\/wp\/v2\/product\/741655\/revisions"}],"wp:featuredmedia":[{"embeddable":true,"href":"https:\/\/stoic-curie.212-227-153-4.plesk.page\/hr\/wp-json\/wp\/v2\/media\/5942179"}],"wp:attachment":[{"href":"https:\/\/stoic-curie.212-227-153-4.plesk.page\/hr\/wp-json\/wp\/v2\/media?parent=741655"}],"wp:term":[{"taxonomy":"product_brand","embeddable":true,"href":"https:\/\/stoic-curie.212-227-153-4.plesk.page\/hr\/wp-json\/wp\/v2\/product_brand?post=741655"},{"taxonomy":"product_cat","embeddable":true,"href":"https:\/\/stoic-curie.212-227-153-4.plesk.page\/hr\/wp-json\/wp\/v2\/product_cat?post=741655"},{"taxonomy":"product_tag","embeddable":true,"href":"https:\/\/stoic-curie.212-227-153-4.plesk.page\/hr\/wp-json\/wp\/v2\/product_tag?post=741655"}],"curies":[{"name":"wp","href":"https:\/\/api.w.org\/{rel}","templated":true}]}}