{"id":741656,"date":"2025-03-03T18:14:59","date_gmt":"2025-03-03T17:14:59","guid":{"rendered":"https:\/\/stoic-curie.212-227-153-4.plesk.page\/producto\/kit-pramcani-potisnik-vetus-35-kgf-12v\/"},"modified":"2026-02-25T00:00:55","modified_gmt":"2026-02-25T00:00:55","slug":"kit-pramcani-potisnik-vetus-35-kgf-12v","status":"publish","type":"product","link":"https:\/\/stoic-curie.212-227-153-4.plesk.page\/hr\/product\/kit-pramcani-potisnik-vetus-35-kgf-12v\/","title":{"rendered":"Kit pramcani potisnik Vetus 35 Kgf 12v"},"content":{"rendered":"<p>Kit pramcani potisnik Vetus 35 Kgf 12v &#8211; <\/p>\n<p style=\"color: rgb(34, 34, 34); font-family: Arial, Helvetica, sans-serif; font-size: small;\">VETUS potisnik pram\u010dane, sa snagom potiska od 35 kgf, predstavlja rezultat vi\u0161egodi\u0161njeg razvoja i dizajniran je za \u010damce du\u017eine izme\u0111u 6,0 i 10,0 metara (20 do 30 stopa).<\/p>\n<p style=\"color: rgb(34, 34, 34); font-family: Arial, Helvetica, sans-serif; font-size: small;\">Ovaj kit potisnika pram\u010dane je prikladan za plovila s pomakom do 6,5 metara i za plovila u planu do 10 metara. Kit uklju\u010duje:<\/p>\n<ul style=\"color: rgb(34, 34, 34); font-family: Arial, Helvetica, sans-serif; font-size: small;\">\n<li>motor s propelerom<\/li>\n<li>GRP pram\u010dani tunel promjera 150 mm, duljine 75 cm<\/li>\n<li>BPSE2 dodirna kontrolna plo\u010da<\/li>\n<li>6 metara 4-polarne \u017eice<\/li>\n<li>160A osigura\u010d i nosa\u010d osigura\u010da<\/li>\n<\/ul>\n<p style=\"color: rgb(34, 34, 34); font-family: Arial, Helvetica, sans-serif; font-size: small;\">Kit se isporu\u010duje kompletan s potisnikom, GRP tunelom, prekida\u010dem s vremenskom odgodom, osigura\u010dem i nosa\u010dem osigura\u010da.<\/p>\n<p style=\"color: rgb(34, 34, 34); font-family: Arial, Helvetica, sans-serif; font-size: small;\">Ovaj model radi na 12 Volti DC sustava i dizajniran je za jednostavnu instalaciju. Dizajn s jednim propelerom smanjuje poreme\u0107aje toka unutar tunela, dok na\u0161 inovativni dizajn lopatica propellera minimizira zvuk kavituacije. Dodatno, spiralni zup\u010danici poma\u017eu smanjiti prijenosnu buku, a upotreba fleksibilne spojke smanjuje vibracije. Aerodinami\u010dna stra\u017enja strana osigurava optimalan protok vode.<\/p>\n<p style=\"color: rgb(34, 34, 34); font-family: Arial, Helvetica, sans-serif; font-size: small;\">Pram\u010dani i krmeni potisnik 35 kgf 12 V 150 mm tunel je visoko u\u010dinkovito rje\u0161enje za precizno manevriranje \u010damcem. Proizveden s velikom pa\u017enjom na detalje, ovaj potisnik pobolj\u0161ava kontrolu, olak\u0161avaju\u0107i navigaciju kroz uske prostore i pristajanje. Njegov dizajn omogu\u0107uje jednostavnu instalaciju, \u0161to ga \u010dini prikladnim za \u010damce od 20 do 30 stopa (6 do 10 metara).<\/p>\n<p style=\"color: rgb(34, 34, 34); font-family: Arial, Helvetica, sans-serif; font-size: small;\">BOW3512E je idealan izbor za ljubitelje plovidbe koji \u017eele pobolj\u0161ati svoje iskustvo. Ovaj potisnik pramca i krme od 35 kgf nudi izvanrednu upravljivost i kontrolu za pokrete pramca i krme, osiguravaju\u0107i glatku navigaciju \u010dak i u izazovnim vodama. Ugra\u0111eni toplinski prekida\u010d pru\u017ea pouzdanost sprje\u010davaju\u0107i pregrijavanje, osiguravaju\u0107i sigurnost tijekom rada.<\/p>\n<p style=\"color: rgb(34, 34, 34); font-family: Arial, Helvetica, sans-serif; font-size: small;\">Osim toga, jedinstveni dizajn lopatica s \u0161est krakova, zajedno sa spiralnim zup\u010danicima i fleksibilnom spojkom, osigurava da potisnik radi uz minimalnu buku. Aerodinami\u010dna stra\u017enja strana optimizira protok vode za pobolj\u0161anu u\u010dinkovitost, a sinteti\u010dke propelere su otporne na koroziju, \u0161to olak\u0161ava odr\u017eavanje i smanjuje te\u017einu.<\/p>\n<p style=\"color: rgb(34, 34, 34); font-family: Arial, Helvetica, sans-serif; font-size: small;\">U kombinaciji s na\u0161im kontrolnim plo\u010dama, dobit \u0107ete novu razinu kontrole nad svojim \u010damcem. Bilo da se prive\u017eete u uskim prostorima, navigirate kroz te\u0161ke vode ili reagirate na nepredvi\u0111ene situacije, u\u010dinit \u0107ete to s povjerenjem, pobolj\u0161avaju\u0107i svoju sigurnost i mir uma.<\/p>\n<p style=\"color: rgb(34, 34, 34); font-family: Arial, Helvetica, sans-serif; font-size: small;\">Specifikacije:<\/p>\n<ul style=\"color: rgb(34, 34, 34); font-family: Arial, Helvetica, sans-serif; font-size: small;\">\n<li>Potisak: 35 kgf<\/li>\n<li>Snaga: 1,5 kW<\/li>\n<li>Unutarnji promjer tunela: 150 mm<\/li>\n<li>Te\u017eina: 12 kg<\/li>\n<li>Napon: 12 V<\/li>\n<li>Potro\u0161nja struje: 205 A<\/li>\n<li>Kontinuirano radno vrijeme: 4 minute<\/li>\n<li>Za\u0161ti\u0107en od paljenja: Ne<\/li>\n<li>Proporcionalno: Ne<\/li>\n<li>Uvu\u010divo: Ne<\/li>\n<li>Produ\u017eeno radno vrijeme: Ne<\/li>\n<\/ul>\n","protected":false},"excerpt":{"rendered":"<p>Kit pramcani potisnik Vetus 35 Kgf 12v &#8211; VETUS potisnik pram\u010dane, sa snagom potiska od 35 kgf, predstavlja rezultat vi\u0161egodi\u0161njeg<\/p>\n","protected":false},"featured_media":5942179,"comment_status":"open","ping_status":"closed","template":"","meta":[],"product_brand":[3521],"product_cat":[1609],"product_tag":[],"class_list":{"0":"post-741656","1":"product","2":"type-product","3":"status-publish","4":"has-post-thumbnail","6":"product_brand-vetus-hr","7":"product_cat-pramcani-potisnici-vetus","9":"first","10":"instock","11":"shipping-taxable","12":"purchasable","13":"product-type-simple"},"_links":{"self":[{"href":"https:\/\/stoic-curie.212-227-153-4.plesk.page\/hr\/wp-json\/wp\/v2\/product\/741656","targetHints":{"allow":["GET"]}}],"collection":[{"href":"https:\/\/stoic-curie.212-227-153-4.plesk.page\/hr\/wp-json\/wp\/v2\/product"}],"about":[{"href":"https:\/\/stoic-curie.212-227-153-4.plesk.page\/hr\/wp-json\/wp\/v2\/types\/product"}],"replies":[{"embeddable":true,"href":"https:\/\/stoic-curie.212-227-153-4.plesk.page\/hr\/wp-json\/wp\/v2\/comments?post=741656"}],"version-history":[{"count":0,"href":"https:\/\/stoic-curie.212-227-153-4.plesk.page\/hr\/wp-json\/wp\/v2\/product\/741656\/revisions"}],"wp:featuredmedia":[{"embeddable":true,"href":"https:\/\/stoic-curie.212-227-153-4.plesk.page\/hr\/wp-json\/wp\/v2\/media\/5942179"}],"wp:attachment":[{"href":"https:\/\/stoic-curie.212-227-153-4.plesk.page\/hr\/wp-json\/wp\/v2\/media?parent=741656"}],"wp:term":[{"taxonomy":"product_brand","embeddable":true,"href":"https:\/\/stoic-curie.212-227-153-4.plesk.page\/hr\/wp-json\/wp\/v2\/product_brand?post=741656"},{"taxonomy":"product_cat","embeddable":true,"href":"https:\/\/stoic-curie.212-227-153-4.plesk.page\/hr\/wp-json\/wp\/v2\/product_cat?post=741656"},{"taxonomy":"product_tag","embeddable":true,"href":"https:\/\/stoic-curie.212-227-153-4.plesk.page\/hr\/wp-json\/wp\/v2\/product_tag?post=741656"}],"curies":[{"name":"wp","href":"https:\/\/api.w.org\/{rel}","templated":true}]}}