{"id":741661,"date":"2025-03-03T18:15:00","date_gmt":"2025-03-03T17:15:00","guid":{"rendered":"https:\/\/stoic-curie.212-227-153-4.plesk.page\/producto\/led-usmjereno-svjetlo-quick-kai-82-x-h4mm-dnevno-svjetlo-4000-k\/"},"modified":"2026-02-25T00:00:55","modified_gmt":"2026-02-25T00:00:55","slug":"led-usmjereno-svjetlo-quick-kai-82-x-h4mm-dnevno-svjetlo-4000-k","status":"publish","type":"product","link":"https:\/\/stoic-curie.212-227-153-4.plesk.page\/hr\/product\/led-usmjereno-svjetlo-quick-kai-82-x-h4mm-dnevno-svjetlo-4000-k\/","title":{"rendered":"LED usmjereno svjetlo Quick KAI 82 x H4mm &#8211; dnevno svjetlo 4000 K"},"content":{"rendered":"<p>LED usmjereno svjetlo Quick KAI 82 x H4mm &#8211; dnevno svjetlo 4000 K &#8211; <\/p>\n<p>4W IP65 LED reflektor za unutarnju i vanjsku upotrebu s okvirom od nehr\u0111aju\u0107eg \u010delika 316. Ugradnja u ravnini s oprugama i okvirom od 1,5 mm ili s vijcima i okvirom normalnog profila od 4 mm. Univerzalni napon od 9-32V s prigu\u0161ivim LED-ima za\u0161ti\u0107enim od prenapona i obrnute polariteta.<\/p>\n","protected":false},"excerpt":{"rendered":"<p>LED usmjereno svjetlo Quick KAI 82 x H4mm &#8211; dnevno svjetlo 4000 K &#8211; 4W IP65 LED reflektor za unutarnju<\/p>\n","protected":false},"featured_media":5942188,"comment_status":"open","ping_status":"closed","template":"","meta":[],"product_brand":[3281],"product_cat":[1739],"product_tag":[],"class_list":{"0":"post-741661","1":"product","2":"type-product","3":"status-publish","4":"has-post-thumbnail","6":"product_brand-quick-hr","7":"product_cat-rasvjeta","9":"first","10":"instock","11":"shipping-taxable","12":"purchasable","13":"product-type-simple"},"_links":{"self":[{"href":"https:\/\/stoic-curie.212-227-153-4.plesk.page\/hr\/wp-json\/wp\/v2\/product\/741661","targetHints":{"allow":["GET"]}}],"collection":[{"href":"https:\/\/stoic-curie.212-227-153-4.plesk.page\/hr\/wp-json\/wp\/v2\/product"}],"about":[{"href":"https:\/\/stoic-curie.212-227-153-4.plesk.page\/hr\/wp-json\/wp\/v2\/types\/product"}],"replies":[{"embeddable":true,"href":"https:\/\/stoic-curie.212-227-153-4.plesk.page\/hr\/wp-json\/wp\/v2\/comments?post=741661"}],"version-history":[{"count":0,"href":"https:\/\/stoic-curie.212-227-153-4.plesk.page\/hr\/wp-json\/wp\/v2\/product\/741661\/revisions"}],"wp:featuredmedia":[{"embeddable":true,"href":"https:\/\/stoic-curie.212-227-153-4.plesk.page\/hr\/wp-json\/wp\/v2\/media\/5942188"}],"wp:attachment":[{"href":"https:\/\/stoic-curie.212-227-153-4.plesk.page\/hr\/wp-json\/wp\/v2\/media?parent=741661"}],"wp:term":[{"taxonomy":"product_brand","embeddable":true,"href":"https:\/\/stoic-curie.212-227-153-4.plesk.page\/hr\/wp-json\/wp\/v2\/product_brand?post=741661"},{"taxonomy":"product_cat","embeddable":true,"href":"https:\/\/stoic-curie.212-227-153-4.plesk.page\/hr\/wp-json\/wp\/v2\/product_cat?post=741661"},{"taxonomy":"product_tag","embeddable":true,"href":"https:\/\/stoic-curie.212-227-153-4.plesk.page\/hr\/wp-json\/wp\/v2\/product_tag?post=741661"}],"curies":[{"name":"wp","href":"https:\/\/api.w.org\/{rel}","templated":true}]}}