{"id":741663,"date":"2025-03-03T18:15:01","date_gmt":"2025-03-03T17:15:01","guid":{"rendered":"https:\/\/stoic-curie.212-227-153-4.plesk.page\/producto\/quick-action-svjetlo-12v-5w-140-x-116-x-h13mm\/"},"modified":"2026-02-25T00:00:55","modified_gmt":"2026-02-25T00:00:55","slug":"quick-action-svjetlo-12v-5w-140-x-116-x-h13mm","status":"publish","type":"product","link":"https:\/\/stoic-curie.212-227-153-4.plesk.page\/hr\/product\/quick-action-svjetlo-12v-5w-140-x-116-x-h13mm\/","title":{"rendered":"Quick Action svjetlo 12V &#8211; 5W (140 x 116 x H13mm)"},"content":{"rendered":"<p>Quick Action svjetlo 12V &#8211; 5W (140 x 116 x H13mm) &#8211; <\/p>\n<p>UV stabilizirana LED radna svjetla od tehnopolimera IP66, idealna za funkcionalne primjene poput strojarnica, prolaza i ormara. Monta\u017ea na povr\u0161inu sa vijcima. Univerzalni napon od 9-32V s prigu\u0161ivim LED-icama za\u0161ti\u0107enim od prenapona i obrnute polariteta.<\/p>\n","protected":false},"excerpt":{"rendered":"<p>Quick Action svjetlo 12V &#8211; 5W (140 x 116 x H13mm) &#8211; UV stabilizirana LED radna svjetla od tehnopolimera IP66,<\/p>\n","protected":false},"featured_media":5942192,"comment_status":"open","ping_status":"closed","template":"","meta":[],"product_brand":[3281],"product_cat":[1739],"product_tag":[],"class_list":{"0":"post-741663","1":"product","2":"type-product","3":"status-publish","4":"has-post-thumbnail","6":"product_brand-quick-hr","7":"product_cat-rasvjeta","9":"first","10":"instock","11":"shipping-taxable","12":"purchasable","13":"product-type-simple"},"_links":{"self":[{"href":"https:\/\/stoic-curie.212-227-153-4.plesk.page\/hr\/wp-json\/wp\/v2\/product\/741663","targetHints":{"allow":["GET"]}}],"collection":[{"href":"https:\/\/stoic-curie.212-227-153-4.plesk.page\/hr\/wp-json\/wp\/v2\/product"}],"about":[{"href":"https:\/\/stoic-curie.212-227-153-4.plesk.page\/hr\/wp-json\/wp\/v2\/types\/product"}],"replies":[{"embeddable":true,"href":"https:\/\/stoic-curie.212-227-153-4.plesk.page\/hr\/wp-json\/wp\/v2\/comments?post=741663"}],"version-history":[{"count":0,"href":"https:\/\/stoic-curie.212-227-153-4.plesk.page\/hr\/wp-json\/wp\/v2\/product\/741663\/revisions"}],"wp:featuredmedia":[{"embeddable":true,"href":"https:\/\/stoic-curie.212-227-153-4.plesk.page\/hr\/wp-json\/wp\/v2\/media\/5942192"}],"wp:attachment":[{"href":"https:\/\/stoic-curie.212-227-153-4.plesk.page\/hr\/wp-json\/wp\/v2\/media?parent=741663"}],"wp:term":[{"taxonomy":"product_brand","embeddable":true,"href":"https:\/\/stoic-curie.212-227-153-4.plesk.page\/hr\/wp-json\/wp\/v2\/product_brand?post=741663"},{"taxonomy":"product_cat","embeddable":true,"href":"https:\/\/stoic-curie.212-227-153-4.plesk.page\/hr\/wp-json\/wp\/v2\/product_cat?post=741663"},{"taxonomy":"product_tag","embeddable":true,"href":"https:\/\/stoic-curie.212-227-153-4.plesk.page\/hr\/wp-json\/wp\/v2\/product_tag?post=741663"}],"curies":[{"name":"wp","href":"https:\/\/api.w.org\/{rel}","templated":true}]}}