{"id":741669,"date":"2025-03-03T18:15:02","date_gmt":"2025-03-03T17:15:02","guid":{"rendered":"https:\/\/stoic-curie.212-227-153-4.plesk.page\/producto\/ugradbena-siva-pumpa-za-vodu-ocean-20lt-mt-24v\/"},"modified":"2026-02-25T00:00:55","modified_gmt":"2026-02-25T00:00:55","slug":"ugradbena-siva-pumpa-za-vodu-ocean-20lt-mt-24v","status":"publish","type":"product","link":"https:\/\/stoic-curie.212-227-153-4.plesk.page\/hr\/product\/ugradbena-siva-pumpa-za-vodu-ocean-20lt-mt-24v\/","title":{"rendered":"Ugradbena siva pumpa za vodu Ocean 20lt \/ mt 24v"},"content":{"rendered":"<p>Ugradbena siva pumpa za vodu Ocean 20lt \/ mt 24v &#8211; <\/p>\n<p>Samousisna Ocean membranska pumpa visine do 3 m s dvostrukim nepovratnim ventilom. Zahvaljuju\u0107i svom kompaktnom dizajnu i 360\u00b0 rotiraju\u0107oj glavi, idealna je za odvodne sustave tu\u0161a ili sudopera te za op\u0107u primjenu sivi voda. Tiha je u radu, mo\u017ee raditi na suho i ne zahtijeva filtraciju. Dostupni modeli: u liniji ili pod kutom za uske prostore.<\/p>\n","protected":false},"excerpt":{"rendered":"<p>Ugradbena siva pumpa za vodu Ocean 20lt \/ mt 24v &#8211; Samousisna Ocean membranska pumpa visine do 3 m s<\/p>\n","protected":false},"featured_media":5942212,"comment_status":"open","ping_status":"closed","template":"","meta":[],"product_brand":[3141],"product_cat":[1656],"product_tag":[],"class_list":{"0":"post-741669","1":"product","2":"type-product","3":"status-publish","4":"has-post-thumbnail","6":"product_brand-matromarine-hr","7":"product_cat-sustavi-sive-vode","9":"first","10":"instock","11":"shipping-taxable","12":"purchasable","13":"product-type-simple"},"_links":{"self":[{"href":"https:\/\/stoic-curie.212-227-153-4.plesk.page\/hr\/wp-json\/wp\/v2\/product\/741669","targetHints":{"allow":["GET"]}}],"collection":[{"href":"https:\/\/stoic-curie.212-227-153-4.plesk.page\/hr\/wp-json\/wp\/v2\/product"}],"about":[{"href":"https:\/\/stoic-curie.212-227-153-4.plesk.page\/hr\/wp-json\/wp\/v2\/types\/product"}],"replies":[{"embeddable":true,"href":"https:\/\/stoic-curie.212-227-153-4.plesk.page\/hr\/wp-json\/wp\/v2\/comments?post=741669"}],"version-history":[{"count":0,"href":"https:\/\/stoic-curie.212-227-153-4.plesk.page\/hr\/wp-json\/wp\/v2\/product\/741669\/revisions"}],"wp:featuredmedia":[{"embeddable":true,"href":"https:\/\/stoic-curie.212-227-153-4.plesk.page\/hr\/wp-json\/wp\/v2\/media\/5942212"}],"wp:attachment":[{"href":"https:\/\/stoic-curie.212-227-153-4.plesk.page\/hr\/wp-json\/wp\/v2\/media?parent=741669"}],"wp:term":[{"taxonomy":"product_brand","embeddable":true,"href":"https:\/\/stoic-curie.212-227-153-4.plesk.page\/hr\/wp-json\/wp\/v2\/product_brand?post=741669"},{"taxonomy":"product_cat","embeddable":true,"href":"https:\/\/stoic-curie.212-227-153-4.plesk.page\/hr\/wp-json\/wp\/v2\/product_cat?post=741669"},{"taxonomy":"product_tag","embeddable":true,"href":"https:\/\/stoic-curie.212-227-153-4.plesk.page\/hr\/wp-json\/wp\/v2\/product_tag?post=741669"}],"curies":[{"name":"wp","href":"https:\/\/api.w.org\/{rel}","templated":true}]}}