{"id":741670,"date":"2025-03-03T18:15:03","date_gmt":"2025-03-03T17:15:03","guid":{"rendered":"https:\/\/stoic-curie.212-227-153-4.plesk.page\/producto\/ocean-membranska-pumpa-za-otpadne-vode-i-sive-vode-32-l-m-24v\/"},"modified":"2026-02-25T00:00:55","modified_gmt":"2026-02-25T00:00:55","slug":"ocean-membranska-pumpa-za-otpadne-vode-i-sive-vode-32-l-m-24v","status":"publish","type":"product","link":"https:\/\/stoic-curie.212-227-153-4.plesk.page\/hr\/product\/ocean-membranska-pumpa-za-otpadne-vode-i-sive-vode-32-l-m-24v\/","title":{"rendered":"Ocean membranska pumpa za otpadne vode i sive vode 32 L \/ M 24V"},"content":{"rendered":"<p>Ocean membranska pumpa za otpadne vode i sive vode 32 L \/ M 24V &#8211; <\/p>\n<p>Samousisna Ocean membranska pumpa s dvostrukim neprevodnim ventilom, visine do 3 m. Idealna za ispu\u0161tanje spremnika za sivu ili crnu vodu ili kao pumpa za trup. Mo\u017ee raditi suho, ne treba filtrirati. Tiho djelovanje, kompaktan dizajn i fleksibilna instalacija s vi\u0161epolo\u017eajnom glavom.<\/p>\n","protected":false},"excerpt":{"rendered":"<p>Ocean membranska pumpa za otpadne vode i sive vode 32 L \/ M 24V &#8211; Samousisna Ocean membranska pumpa s<\/p>\n","protected":false},"featured_media":5942215,"comment_status":"open","ping_status":"closed","template":"","meta":[],"product_brand":[3141],"product_cat":[1672,1649,1656],"product_tag":[],"class_list":{"0":"post-741670","1":"product","2":"type-product","3":"status-publish","4":"has-post-thumbnail","6":"product_brand-matromarine-hr","7":"product_cat-brodske-pumpe-za-otpadne-vode","8":"product_cat-spremnici-za-otpadne-vode","9":"product_cat-sustavi-sive-vode","11":"first","12":"instock","13":"shipping-taxable","14":"purchasable","15":"product-type-simple"},"_links":{"self":[{"href":"https:\/\/stoic-curie.212-227-153-4.plesk.page\/hr\/wp-json\/wp\/v2\/product\/741670","targetHints":{"allow":["GET"]}}],"collection":[{"href":"https:\/\/stoic-curie.212-227-153-4.plesk.page\/hr\/wp-json\/wp\/v2\/product"}],"about":[{"href":"https:\/\/stoic-curie.212-227-153-4.plesk.page\/hr\/wp-json\/wp\/v2\/types\/product"}],"replies":[{"embeddable":true,"href":"https:\/\/stoic-curie.212-227-153-4.plesk.page\/hr\/wp-json\/wp\/v2\/comments?post=741670"}],"version-history":[{"count":0,"href":"https:\/\/stoic-curie.212-227-153-4.plesk.page\/hr\/wp-json\/wp\/v2\/product\/741670\/revisions"}],"wp:featuredmedia":[{"embeddable":true,"href":"https:\/\/stoic-curie.212-227-153-4.plesk.page\/hr\/wp-json\/wp\/v2\/media\/5942215"}],"wp:attachment":[{"href":"https:\/\/stoic-curie.212-227-153-4.plesk.page\/hr\/wp-json\/wp\/v2\/media?parent=741670"}],"wp:term":[{"taxonomy":"product_brand","embeddable":true,"href":"https:\/\/stoic-curie.212-227-153-4.plesk.page\/hr\/wp-json\/wp\/v2\/product_brand?post=741670"},{"taxonomy":"product_cat","embeddable":true,"href":"https:\/\/stoic-curie.212-227-153-4.plesk.page\/hr\/wp-json\/wp\/v2\/product_cat?post=741670"},{"taxonomy":"product_tag","embeddable":true,"href":"https:\/\/stoic-curie.212-227-153-4.plesk.page\/hr\/wp-json\/wp\/v2\/product_tag?post=741670"}],"curies":[{"name":"wp","href":"https:\/\/api.w.org\/{rel}","templated":true}]}}