{"id":741672,"date":"2025-03-03T18:15:03","date_gmt":"2025-03-03T17:15:03","guid":{"rendered":"https:\/\/stoic-curie.212-227-153-4.plesk.page\/producto\/marco-vp45-diesel-transfer-pumpa-45-litre-12v-prijenosna\/"},"modified":"2026-02-25T00:00:55","modified_gmt":"2026-02-25T00:00:55","slug":"marco-vp45-diesel-transfer-pumpa-45-litre-12v-prijenosna","status":"publish","type":"product","link":"https:\/\/stoic-curie.212-227-153-4.plesk.page\/hr\/product\/marco-vp45-diesel-transfer-pumpa-45-litre-12v-prijenosna\/","title":{"rendered":"Marco vp45 diesel transfer pumpa 45 litre 12v prijenosna"},"content":{"rendered":"<p>Marco vp45 diesel transfer pumpa 45 litre 12v prijenosna &#8211; <\/p>\n<p>Samousisna pumpa s aluminijskim ku\u0107i\u0161tem i impelerom od acetalne smole za prijenos i to\u010denje dizela. Opremljena filtrima, protuklapi, prekida\u010dem, spojnicama za baterije i kutijom s dr\u0161kom za jednostavno preno\u0161enje.<\/p>\n","protected":false},"excerpt":{"rendered":"<p>Marco vp45 diesel transfer pumpa 45 litre 12v prijenosna &#8211; Samousisna pumpa s aluminijskim ku\u0107i\u0161tem i impelerom od acetalne smole<\/p>\n","protected":false},"featured_media":5942218,"comment_status":"open","ping_status":"closed","template":"","meta":[],"product_brand":[3096],"product_cat":[1787],"product_tag":[],"class_list":{"0":"post-741672","1":"product","2":"type-product","3":"status-publish","4":"has-post-thumbnail","6":"product_brand-marco-hr","7":"product_cat-pumpe-za-naftu-i-gorivo","9":"first","10":"instock","11":"shipping-taxable","12":"purchasable","13":"product-type-simple"},"_links":{"self":[{"href":"https:\/\/stoic-curie.212-227-153-4.plesk.page\/hr\/wp-json\/wp\/v2\/product\/741672","targetHints":{"allow":["GET"]}}],"collection":[{"href":"https:\/\/stoic-curie.212-227-153-4.plesk.page\/hr\/wp-json\/wp\/v2\/product"}],"about":[{"href":"https:\/\/stoic-curie.212-227-153-4.plesk.page\/hr\/wp-json\/wp\/v2\/types\/product"}],"replies":[{"embeddable":true,"href":"https:\/\/stoic-curie.212-227-153-4.plesk.page\/hr\/wp-json\/wp\/v2\/comments?post=741672"}],"version-history":[{"count":0,"href":"https:\/\/stoic-curie.212-227-153-4.plesk.page\/hr\/wp-json\/wp\/v2\/product\/741672\/revisions"}],"wp:featuredmedia":[{"embeddable":true,"href":"https:\/\/stoic-curie.212-227-153-4.plesk.page\/hr\/wp-json\/wp\/v2\/media\/5942218"}],"wp:attachment":[{"href":"https:\/\/stoic-curie.212-227-153-4.plesk.page\/hr\/wp-json\/wp\/v2\/media?parent=741672"}],"wp:term":[{"taxonomy":"product_brand","embeddable":true,"href":"https:\/\/stoic-curie.212-227-153-4.plesk.page\/hr\/wp-json\/wp\/v2\/product_brand?post=741672"},{"taxonomy":"product_cat","embeddable":true,"href":"https:\/\/stoic-curie.212-227-153-4.plesk.page\/hr\/wp-json\/wp\/v2\/product_cat?post=741672"},{"taxonomy":"product_tag","embeddable":true,"href":"https:\/\/stoic-curie.212-227-153-4.plesk.page\/hr\/wp-json\/wp\/v2\/product_tag?post=741672"}],"curies":[{"name":"wp","href":"https:\/\/api.w.org\/{rel}","templated":true}]}}