{"id":741677,"date":"2025-03-03T18:15:04","date_gmt":"2025-03-03T17:15:04","guid":{"rendered":"https:\/\/stoic-curie.212-227-153-4.plesk.page\/producto\/glomex-ploca-za-uzemljenje-ra204\/"},"modified":"2026-02-25T00:00:55","modified_gmt":"2026-02-25T00:00:55","slug":"glomex-ploca-za-uzemljenje-ra204","status":"publish","type":"product","link":"https:\/\/stoic-curie.212-227-153-4.plesk.page\/hr\/product\/glomex-ploca-za-uzemljenje-ra204\/","title":{"rendered":"Glomex plo\u010da za uzemljenje Ra204"},"content":{"rendered":"<p>Glomex plo\u010da za uzemljenje Ra204 &#8211; <\/p>\n<p>Glomex podne plo\u010de izra\u0111ene su od zlatnih bron\u010danih mikrosfera koje pove\u0107avaju povr\u0161inu u kontaktu s vodom za oko 15 % i \u0161tite elektroni\u010dke ure\u0111aje na brodu. Okrugla plo\u010da se tako\u0111er koristi u rezervoarima za neutralizaciju stati\u010dkog elektricitet.<\/p>\n","protected":false},"excerpt":{"rendered":"<p>Glomex plo\u010da za uzemljenje Ra204 &#8211; Glomex podne plo\u010de izra\u0111ene su od zlatnih bron\u010danih mikrosfera koje pove\u0107avaju povr\u0161inu u kontaktu<\/p>\n","protected":false},"featured_media":5942245,"comment_status":"open","ping_status":"closed","template":"","meta":[],"product_brand":[2981],"product_cat":[1740],"product_tag":[],"class_list":{"0":"post-741677","1":"product","2":"type-product","3":"status-publish","4":"has-post-thumbnail","6":"product_brand-glomex-hr","7":"product_cat-elektricni-pribor","9":"first","10":"instock","11":"shipping-taxable","12":"purchasable","13":"product-type-simple"},"_links":{"self":[{"href":"https:\/\/stoic-curie.212-227-153-4.plesk.page\/hr\/wp-json\/wp\/v2\/product\/741677","targetHints":{"allow":["GET"]}}],"collection":[{"href":"https:\/\/stoic-curie.212-227-153-4.plesk.page\/hr\/wp-json\/wp\/v2\/product"}],"about":[{"href":"https:\/\/stoic-curie.212-227-153-4.plesk.page\/hr\/wp-json\/wp\/v2\/types\/product"}],"replies":[{"embeddable":true,"href":"https:\/\/stoic-curie.212-227-153-4.plesk.page\/hr\/wp-json\/wp\/v2\/comments?post=741677"}],"version-history":[{"count":0,"href":"https:\/\/stoic-curie.212-227-153-4.plesk.page\/hr\/wp-json\/wp\/v2\/product\/741677\/revisions"}],"wp:featuredmedia":[{"embeddable":true,"href":"https:\/\/stoic-curie.212-227-153-4.plesk.page\/hr\/wp-json\/wp\/v2\/media\/5942245"}],"wp:attachment":[{"href":"https:\/\/stoic-curie.212-227-153-4.plesk.page\/hr\/wp-json\/wp\/v2\/media?parent=741677"}],"wp:term":[{"taxonomy":"product_brand","embeddable":true,"href":"https:\/\/stoic-curie.212-227-153-4.plesk.page\/hr\/wp-json\/wp\/v2\/product_brand?post=741677"},{"taxonomy":"product_cat","embeddable":true,"href":"https:\/\/stoic-curie.212-227-153-4.plesk.page\/hr\/wp-json\/wp\/v2\/product_cat?post=741677"},{"taxonomy":"product_tag","embeddable":true,"href":"https:\/\/stoic-curie.212-227-153-4.plesk.page\/hr\/wp-json\/wp\/v2\/product_tag?post=741677"}],"curies":[{"name":"wp","href":"https:\/\/api.w.org\/{rel}","templated":true}]}}