{"id":741678,"date":"2025-03-03T18:15:05","date_gmt":"2025-03-03T17:15:05","guid":{"rendered":"https:\/\/stoic-curie.212-227-153-4.plesk.page\/producto\/tv-antena-glomex-v9150-agc-adhara\/"},"modified":"2026-02-25T00:00:55","modified_gmt":"2026-02-25T00:00:55","slug":"tv-antena-glomex-v9150-agc-adhara","status":"publish","type":"product","link":"https:\/\/stoic-curie.212-227-153-4.plesk.page\/hr\/product\/tv-antena-glomex-v9150-agc-adhara\/","title":{"rendered":"TV antena Glomex Adhara"},"content":{"rendered":"<p>TV antena Glomex Adhara &#8211; <\/p>\n<p>Glomex V9150AGC Adhara TV antena za analogne\/digitalne TV signale.&nbsp;<span style=\"color: rgb(34, 34, 34); font-family: Arial, Helvetica, sans-serif; font-size: small;\">Glomex Adhara, opremljena s poja\u010dalom automatske kontrole poja\u010danja, predstavlja vrhunski morski antenni sustav osmi\u0161ljen za pobolj\u0161anje prijema i jasno\u0107e radio signala na brodovima i jahtama. Projektirana s precizno\u0161\u0107u, uklju\u010duje sofisticirano poja\u010dalo automatske kontrole poja\u010danja (AGC) koje automatski prilago\u0111ava snagu signala kako bi osiguralo optimalne performanse u raznim uvjetima, bilo da se nalazite na mirnim vodama ili uzburkanom moru. To osigurava pouzdani i dosljedni prijem VHF, DAB i FM radio signala, koji su klju\u010dni za komunikaciju i zabavu tijekom navigacije.<\/span><\/p>\n<p style=\"color: rgb(34, 34, 34); font-family: Arial, Helvetica, sans-serif; font-size: small;\">Glomex Adhara evoluirala je u Adhara AGC, olak\u0161avaju\u0107i va\u0161e iskustvo zahvaljuju\u0107i svom revolucionarnom poja\u010dalu automatske kontrole poja\u010danja. Tako\u0111er je sposobna primati DAB radio signale.<\/p>\n<p style=\"color: rgb(34, 34, 34); font-family: Arial, Helvetica, sans-serif; font-size: small;\">S novim dizajniranim poja\u010dalom, jednostavno mo\u017eete uklju\u010diti svoj TV (podr\u017eava do \u0161est TV-a), opustiti se na kau\u010du i u\u017eivati u svojim omiljenim emisijama. Adhara AGC (promjer 37 cm \/ 14\u201d) automatski fino pode\u0161ava poja\u010danje TV signala kako bi osigurala najbolji mogu\u0107i prijem televizijskih programa.<\/p>\n<p style=\"color: rgb(34, 34, 34); font-family: Arial, Helvetica, sans-serif; font-size: small;\">Za razliku od tradicionalnih poja\u010dala koja zahtijevaju ru\u010dne prilagodbe poja\u010danja TV signala \u2014 smanjivanje kada je signal sna\u017ean i pove\u0107avanje kada se plovilo udaljuje od oda\u0161ilja\u010da \u2014 Adhara AGC automatski upravlja ovim postupkom umjesto vas.<\/p>\n<p style=\"color: rgb(34, 34, 34); font-family: Arial, Helvetica, sans-serif; font-size: small;\">S sleek i vremenski otporan dizajn, antena je savr\u0161eno prilago\u0111ena morskim uvjetima, pru\u017eaju\u0107i trajnost bez kompromisa na estetici. Idealna za rekreativnu i profesionalnu primjenu, Glomex Adhara s poja\u010dalom automatske kontrole poja\u010danja osigurava izvanredan prijem signala i jednostavnu instalaciju, \u010dine\u0107i je pouzdanim izborom za morske entuzijaste \u0161irom svijeta.<\/p>\n<p style=\"color: rgb(34, 34, 34); font-family: Arial, Helvetica, sans-serif; font-size: small;\">Omnidirekcijska Glomex V9150AGC Adhara TV antena kompatibilna je kako s analognim tako i s digitalnim TV signalima, \u0161to je \u010dini odli\u010dnim izborom za bilo koju vrstu plovila. Njen dizajn u obliku peraje morskog psa, visine 55 mm, omogu\u0107uje primanje kako vertikalno tako i horizontalno polariziranih TV signala. Sa stilusom za prijem DAB signala i poja\u010dalom automatske kontrole poja\u010danja (AGC), osigurava jak signal bez obzira jeste li na moru ili usidreni.<\/p>\n<p style=\"color: rgb(34, 34, 34); font-family: Arial, Helvetica, sans-serif; font-size: small;\">Oja\u010dana baza u kombinaciji s mikro-fuzioniranim monta\u017enim dijelom od nehr\u0111aju\u0107eg \u010delika osigurava stabilnost u svim pomorskim uvjetima. Uz opcionalni V9147 razdjelnik postavljen izme\u0111u antene i poja\u010dala, antena mo\u017ee primati AM-FM radio frekvencije. Podr\u017eava do \u0161est TV ure\u0111aja, radi na frekvencijama 87.5\/774 MHz i 174\/240 MHz za DAB, ima impedanciju od 75 Ohm i uklju\u010duje univerzalno napajanje od 12\/24V. Paket uklju\u010duje tri koaksijalna kabela du\u017eine 20 m i kabel za televizor.<\/p>\n","protected":false},"excerpt":{"rendered":"<p>TV antena Glomex Adhara &#8211; Glomex V9150AGC Adhara TV antena za analogne\/digitalne TV signale.&nbsp;Glomex Adhara, opremljena s poja\u010dalom automatske kontrole<\/p>\n","protected":false},"featured_media":5942249,"comment_status":"open","ping_status":"closed","template":"","meta":[],"product_brand":[2981],"product_cat":[1754],"product_tag":[],"class_list":{"0":"post-741678","1":"product","2":"type-product","3":"status-publish","4":"has-post-thumbnail","6":"product_brand-glomex-hr","7":"product_cat-tv-antene","9":"first","10":"instock","11":"shipping-taxable","12":"purchasable","13":"product-type-simple"},"_links":{"self":[{"href":"https:\/\/stoic-curie.212-227-153-4.plesk.page\/hr\/wp-json\/wp\/v2\/product\/741678","targetHints":{"allow":["GET"]}}],"collection":[{"href":"https:\/\/stoic-curie.212-227-153-4.plesk.page\/hr\/wp-json\/wp\/v2\/product"}],"about":[{"href":"https:\/\/stoic-curie.212-227-153-4.plesk.page\/hr\/wp-json\/wp\/v2\/types\/product"}],"replies":[{"embeddable":true,"href":"https:\/\/stoic-curie.212-227-153-4.plesk.page\/hr\/wp-json\/wp\/v2\/comments?post=741678"}],"version-history":[{"count":0,"href":"https:\/\/stoic-curie.212-227-153-4.plesk.page\/hr\/wp-json\/wp\/v2\/product\/741678\/revisions"}],"wp:featuredmedia":[{"embeddable":true,"href":"https:\/\/stoic-curie.212-227-153-4.plesk.page\/hr\/wp-json\/wp\/v2\/media\/5942249"}],"wp:attachment":[{"href":"https:\/\/stoic-curie.212-227-153-4.plesk.page\/hr\/wp-json\/wp\/v2\/media?parent=741678"}],"wp:term":[{"taxonomy":"product_brand","embeddable":true,"href":"https:\/\/stoic-curie.212-227-153-4.plesk.page\/hr\/wp-json\/wp\/v2\/product_brand?post=741678"},{"taxonomy":"product_cat","embeddable":true,"href":"https:\/\/stoic-curie.212-227-153-4.plesk.page\/hr\/wp-json\/wp\/v2\/product_cat?post=741678"},{"taxonomy":"product_tag","embeddable":true,"href":"https:\/\/stoic-curie.212-227-153-4.plesk.page\/hr\/wp-json\/wp\/v2\/product_tag?post=741678"}],"curies":[{"name":"wp","href":"https:\/\/api.w.org\/{rel}","templated":true}]}}