{"id":741680,"date":"2025-03-03T18:16:54","date_gmt":"2025-03-03T17:16:54","guid":{"rendered":"https:\/\/stoic-curie.212-227-153-4.plesk.page\/producto\/kljesta-za-rezanje-elektricnog-kabela-do-70-mm2\/"},"modified":"2026-02-25T00:00:55","modified_gmt":"2026-02-25T00:00:55","slug":"kljesta-za-rezanje-elektricnog-kabela-do-70-mm2","status":"publish","type":"product","link":"https:\/\/stoic-curie.212-227-153-4.plesk.page\/hr\/product\/kljesta-za-rezanje-elektricnog-kabela-do-70-mm2\/","title":{"rendered":"Klje\u0161ta za rezanje elektri\u010dnog kabela do 70 mm2"},"content":{"rendered":"<p>Klje\u0161ta za rezanje elektri\u010dnog kabela do 70 mm2 &#8211; <\/p>\n<p>Reza\u010d kabela za fleksibilne bakrene kabele do 70 mm2.<\/p>\n","protected":false},"excerpt":{"rendered":"<p>Klje\u0161ta za rezanje elektri\u010dnog kabela do 70 mm2 &#8211; Reza\u010d kabela za fleksibilne bakrene kabele do 70 mm2.<\/p>\n","protected":false},"featured_media":5942267,"comment_status":"open","ping_status":"closed","template":"","meta":[],"product_brand":[3216],"product_cat":[1752],"product_tag":[],"class_list":{"0":"post-741680","1":"product","2":"type-product","3":"status-publish","4":"has-post-thumbnail","6":"product_brand-oceanflex-hr","7":"product_cat-kabel-i-terminali-za-baterije","9":"first","10":"instock","11":"shipping-taxable","12":"purchasable","13":"product-type-simple"},"_links":{"self":[{"href":"https:\/\/stoic-curie.212-227-153-4.plesk.page\/hr\/wp-json\/wp\/v2\/product\/741680","targetHints":{"allow":["GET"]}}],"collection":[{"href":"https:\/\/stoic-curie.212-227-153-4.plesk.page\/hr\/wp-json\/wp\/v2\/product"}],"about":[{"href":"https:\/\/stoic-curie.212-227-153-4.plesk.page\/hr\/wp-json\/wp\/v2\/types\/product"}],"replies":[{"embeddable":true,"href":"https:\/\/stoic-curie.212-227-153-4.plesk.page\/hr\/wp-json\/wp\/v2\/comments?post=741680"}],"version-history":[{"count":0,"href":"https:\/\/stoic-curie.212-227-153-4.plesk.page\/hr\/wp-json\/wp\/v2\/product\/741680\/revisions"}],"wp:featuredmedia":[{"embeddable":true,"href":"https:\/\/stoic-curie.212-227-153-4.plesk.page\/hr\/wp-json\/wp\/v2\/media\/5942267"}],"wp:attachment":[{"href":"https:\/\/stoic-curie.212-227-153-4.plesk.page\/hr\/wp-json\/wp\/v2\/media?parent=741680"}],"wp:term":[{"taxonomy":"product_brand","embeddable":true,"href":"https:\/\/stoic-curie.212-227-153-4.plesk.page\/hr\/wp-json\/wp\/v2\/product_brand?post=741680"},{"taxonomy":"product_cat","embeddable":true,"href":"https:\/\/stoic-curie.212-227-153-4.plesk.page\/hr\/wp-json\/wp\/v2\/product_cat?post=741680"},{"taxonomy":"product_tag","embeddable":true,"href":"https:\/\/stoic-curie.212-227-153-4.plesk.page\/hr\/wp-json\/wp\/v2\/product_tag?post=741680"}],"curies":[{"name":"wp","href":"https:\/\/api.w.org\/{rel}","templated":true}]}}