{"id":741681,"date":"2025-03-03T18:16:55","date_gmt":"2025-03-03T17:16:55","guid":{"rendered":"https:\/\/stoic-curie.212-227-153-4.plesk.page\/producto\/sustav-za-podizanje-gumenjaka-davits\/"},"modified":"2026-02-25T00:00:55","modified_gmt":"2026-02-25T00:00:55","slug":"sustav-za-podizanje-gumenjaka-davits","status":"publish","type":"product","link":"https:\/\/stoic-curie.212-227-153-4.plesk.page\/hr\/product\/sustav-za-podizanje-gumenjaka-davits\/","title":{"rendered":"Sustav za podizanje gumenjaka Davits"},"content":{"rendered":"<p>Sustav za podizanje gumenjaka Davits &#8211; <\/p>\n<p>Stern platform davits kit za podizanje i vu\u010du gumenjaka kao tendera. Uklju\u010duje 2 monta\u017ene plo\u010de od nehr\u0111aju\u0107eg \u010delika i 2 gumene ru\u010dke koje treba pri\u010dvrstiti na gumenjak.<\/p>\n","protected":false},"excerpt":{"rendered":"<p>Sustav za podizanje gumenjaka Davits &#8211; Stern platform davits kit za podizanje i vu\u010du gumenjaka kao tendera. Uklju\u010duje 2 monta\u017ene<\/p>\n","protected":false},"featured_media":5942275,"comment_status":"open","ping_status":"closed","template":"","meta":[],"product_brand":[2926],"product_cat":[1839,1840],"product_tag":[],"class_list":{"0":"post-741681","1":"product","2":"type-product","3":"status-publish","4":"has-post-thumbnail","6":"product_brand-eurovinil-hr","7":"product_cat-oprema-za-pomocne-brodice","8":"product_cat-sohe","10":"first","11":"instock","12":"shipping-taxable","13":"purchasable","14":"product-type-simple"},"_links":{"self":[{"href":"https:\/\/stoic-curie.212-227-153-4.plesk.page\/hr\/wp-json\/wp\/v2\/product\/741681","targetHints":{"allow":["GET"]}}],"collection":[{"href":"https:\/\/stoic-curie.212-227-153-4.plesk.page\/hr\/wp-json\/wp\/v2\/product"}],"about":[{"href":"https:\/\/stoic-curie.212-227-153-4.plesk.page\/hr\/wp-json\/wp\/v2\/types\/product"}],"replies":[{"embeddable":true,"href":"https:\/\/stoic-curie.212-227-153-4.plesk.page\/hr\/wp-json\/wp\/v2\/comments?post=741681"}],"version-history":[{"count":0,"href":"https:\/\/stoic-curie.212-227-153-4.plesk.page\/hr\/wp-json\/wp\/v2\/product\/741681\/revisions"}],"wp:featuredmedia":[{"embeddable":true,"href":"https:\/\/stoic-curie.212-227-153-4.plesk.page\/hr\/wp-json\/wp\/v2\/media\/5942275"}],"wp:attachment":[{"href":"https:\/\/stoic-curie.212-227-153-4.plesk.page\/hr\/wp-json\/wp\/v2\/media?parent=741681"}],"wp:term":[{"taxonomy":"product_brand","embeddable":true,"href":"https:\/\/stoic-curie.212-227-153-4.plesk.page\/hr\/wp-json\/wp\/v2\/product_brand?post=741681"},{"taxonomy":"product_cat","embeddable":true,"href":"https:\/\/stoic-curie.212-227-153-4.plesk.page\/hr\/wp-json\/wp\/v2\/product_cat?post=741681"},{"taxonomy":"product_tag","embeddable":true,"href":"https:\/\/stoic-curie.212-227-153-4.plesk.page\/hr\/wp-json\/wp\/v2\/product_tag?post=741681"}],"curies":[{"name":"wp","href":"https:\/\/api.w.org\/{rel}","templated":true}]}}