{"id":741685,"date":"2025-03-03T18:16:56","date_gmt":"2025-03-03T17:16:56","guid":{"rendered":"https:\/\/stoic-curie.212-227-153-4.plesk.page\/producto\/posiljatelji-razine-vode-od-nehrdajuceg-celika-i-vode-ecms-12-24v-0-190ohm-700mm\/"},"modified":"2026-02-25T00:00:55","modified_gmt":"2026-02-25T00:00:55","slug":"posiljatelji-razine-vode-od-nehrdajuceg-celika-i-vode-ecms-12-24v-0-190ohm-700mm","status":"publish","type":"product","link":"https:\/\/stoic-curie.212-227-153-4.plesk.page\/hr\/product\/posiljatelji-razine-vode-od-nehrdajuceg-celika-i-vode-ecms-12-24v-0-190ohm-700mm\/","title":{"rendered":"Po\u0161iljatelji razine vode od nehr\u0111aju\u0107eg \u010delika i vode ECMS 12-24v \/ 0-190ohm &#8211; 700mm"},"content":{"rendered":"<p>Po\u0161iljatelji razine vode od nehr\u0111aju\u0107eg \u010delika i vode ECMS 12-24v \/ 0-190ohm &#8211; 700mm &#8211; <\/p>\n<p>316 Nehr\u0111aju\u0107i \u010delik senzori razine vode i goriva. VDO tip s 5 rupa, flan\u0161 s promjerom od 54 mm. Napajanje 12\/24V. Prosje\u010dni otpor 0 &#8211; 190 Ohm.<\/p>\n","protected":false},"excerpt":{"rendered":"<p>Po\u0161iljatelji razine vode od nehr\u0111aju\u0107eg \u010delika i vode ECMS 12-24v \/ 0-190ohm &#8211; 700mm &#8211; 316 Nehr\u0111aju\u0107i \u010delik senzori razine<\/p>\n","protected":false},"featured_media":5942459,"comment_status":"open","ping_status":"closed","template":"","meta":[],"product_brand":[2911],"product_cat":[1782,1658],"product_tag":[],"class_list":{"0":"post-741685","1":"product","2":"type-product","3":"status-publish","4":"has-post-thumbnail","6":"product_brand-ecms-marine-hr","7":"product_cat-mjeraci-razine-goriva-i-davaci","8":"product_cat-mjeraci-razine-vode-i-davaci-razine","10":"first","11":"instock","12":"shipping-taxable","13":"purchasable","14":"product-type-simple"},"_links":{"self":[{"href":"https:\/\/stoic-curie.212-227-153-4.plesk.page\/hr\/wp-json\/wp\/v2\/product\/741685","targetHints":{"allow":["GET"]}}],"collection":[{"href":"https:\/\/stoic-curie.212-227-153-4.plesk.page\/hr\/wp-json\/wp\/v2\/product"}],"about":[{"href":"https:\/\/stoic-curie.212-227-153-4.plesk.page\/hr\/wp-json\/wp\/v2\/types\/product"}],"replies":[{"embeddable":true,"href":"https:\/\/stoic-curie.212-227-153-4.plesk.page\/hr\/wp-json\/wp\/v2\/comments?post=741685"}],"version-history":[{"count":0,"href":"https:\/\/stoic-curie.212-227-153-4.plesk.page\/hr\/wp-json\/wp\/v2\/product\/741685\/revisions"}],"wp:featuredmedia":[{"embeddable":true,"href":"https:\/\/stoic-curie.212-227-153-4.plesk.page\/hr\/wp-json\/wp\/v2\/media\/5942459"}],"wp:attachment":[{"href":"https:\/\/stoic-curie.212-227-153-4.plesk.page\/hr\/wp-json\/wp\/v2\/media?parent=741685"}],"wp:term":[{"taxonomy":"product_brand","embeddable":true,"href":"https:\/\/stoic-curie.212-227-153-4.plesk.page\/hr\/wp-json\/wp\/v2\/product_brand?post=741685"},{"taxonomy":"product_cat","embeddable":true,"href":"https:\/\/stoic-curie.212-227-153-4.plesk.page\/hr\/wp-json\/wp\/v2\/product_cat?post=741685"},{"taxonomy":"product_tag","embeddable":true,"href":"https:\/\/stoic-curie.212-227-153-4.plesk.page\/hr\/wp-json\/wp\/v2\/product_tag?post=741685"}],"curies":[{"name":"wp","href":"https:\/\/api.w.org\/{rel}","templated":true}]}}