{"id":741703,"date":"2025-03-03T18:17:00","date_gmt":"2025-03-03T17:17:00","guid":{"rendered":"https:\/\/stoic-curie.212-227-153-4.plesk.page\/producto\/bijela-elektricna-ploca-s-4-prekidaca-tester-baterije-i-utikac-12-u-114-x-h191-mm\/"},"modified":"2026-02-25T00:00:55","modified_gmt":"2026-02-25T00:00:55","slug":"bijela-elektricna-ploca-s-4-prekidaca-tester-baterije-i-utikac-12-u-114-x-h191-mm","status":"publish","type":"product","link":"https:\/\/stoic-curie.212-227-153-4.plesk.page\/hr\/product\/bijela-elektricna-ploca-s-4-prekidaca-tester-baterije-i-utikac-12-u-114-x-h191-mm\/","title":{"rendered":"Bijela elektri\u010dna plo\u010da s 4 prekida\u010da tester baterije i utikac 12 u 114 x h191 mm"},"content":{"rendered":"<p>Bijela elektri\u010dna plo\u010da s 4 prekida\u010da tester baterije i utikac 12 u 114 x h191 mm &#8211; <\/p>\n<p>Aluminijski IP66 vodootporni 12\/24V visokokvalitetni kompaktni paneli. O\u017ei\u010deni, s vodootpornim prekida\u010dima opremljenim crvenim LED pokaziva\u010dima i osigura\u010dima s gumenim \u010depovima. Prvi prekida\u010d je (UKLJU\u010cENO)-ISKLJU\u010cENO za sirenu. U kompletu s 30 unaprijed otisnutih oznaka za primjenu na LED pozadinskim osvjetljenim modulima. Monta\u017ea okomito ili horizontalno.<\/p>\n","protected":false},"excerpt":{"rendered":"<p>Bijela elektri\u010dna plo\u010da s 4 prekida\u010da tester baterije i utikac 12 u 114 x h191 mm &#8211; Aluminijski IP66 vodootporni<\/p>\n","protected":false},"featured_media":5942486,"comment_status":"open","ping_status":"closed","template":"","meta":[],"product_brand":[3236],"product_cat":[1746],"product_tag":[],"class_list":{"0":"post-741703","1":"product","2":"type-product","3":"status-publish","4":"has-post-thumbnail","6":"product_brand-osculati-hr","7":"product_cat-elektricne-ploce-prekidaca","9":"first","10":"instock","11":"shipping-taxable","12":"purchasable","13":"product-type-simple"},"_links":{"self":[{"href":"https:\/\/stoic-curie.212-227-153-4.plesk.page\/hr\/wp-json\/wp\/v2\/product\/741703","targetHints":{"allow":["GET"]}}],"collection":[{"href":"https:\/\/stoic-curie.212-227-153-4.plesk.page\/hr\/wp-json\/wp\/v2\/product"}],"about":[{"href":"https:\/\/stoic-curie.212-227-153-4.plesk.page\/hr\/wp-json\/wp\/v2\/types\/product"}],"replies":[{"embeddable":true,"href":"https:\/\/stoic-curie.212-227-153-4.plesk.page\/hr\/wp-json\/wp\/v2\/comments?post=741703"}],"version-history":[{"count":0,"href":"https:\/\/stoic-curie.212-227-153-4.plesk.page\/hr\/wp-json\/wp\/v2\/product\/741703\/revisions"}],"wp:featuredmedia":[{"embeddable":true,"href":"https:\/\/stoic-curie.212-227-153-4.plesk.page\/hr\/wp-json\/wp\/v2\/media\/5942486"}],"wp:attachment":[{"href":"https:\/\/stoic-curie.212-227-153-4.plesk.page\/hr\/wp-json\/wp\/v2\/media?parent=741703"}],"wp:term":[{"taxonomy":"product_brand","embeddable":true,"href":"https:\/\/stoic-curie.212-227-153-4.plesk.page\/hr\/wp-json\/wp\/v2\/product_brand?post=741703"},{"taxonomy":"product_cat","embeddable":true,"href":"https:\/\/stoic-curie.212-227-153-4.plesk.page\/hr\/wp-json\/wp\/v2\/product_cat?post=741703"},{"taxonomy":"product_tag","embeddable":true,"href":"https:\/\/stoic-curie.212-227-153-4.plesk.page\/hr\/wp-json\/wp\/v2\/product_tag?post=741703"}],"curies":[{"name":"wp","href":"https:\/\/api.w.org\/{rel}","templated":true}]}}