{"id":741705,"date":"2025-03-03T18:17:01","date_gmt":"2025-03-03T17:17:01","guid":{"rendered":"https:\/\/stoic-curie.212-227-153-4.plesk.page\/producto\/antisifon-vetus-asd-v-tip-s-tlacnim-ventilom-13-19-25-32\/"},"modified":"2026-02-25T00:00:55","modified_gmt":"2026-02-25T00:00:55","slug":"antisifon-vetus-asd-v-tip-s-tlacnim-ventilom-13-19-25-32","status":"publish","type":"product","link":"https:\/\/stoic-curie.212-227-153-4.plesk.page\/hr\/product\/antisifon-vetus-asd-v-tip-s-tlacnim-ventilom-13-19-25-32\/","title":{"rendered":"Antisifon Vetus ASD V tip s tlacnim ventilom 13\/19\/25\/32"},"content":{"rendered":"<p>Antisifon Vetus ASD V tip s tlacnim ventilom 13\/19\/25\/32 &#8211; <\/p>\n<p>Zra\u010dni otvori za ispu\u0161ne sustave ispod razine vode. S podesivim i uklonjivim ventilom\/cijevi-do-crijeva za jednostavno odr\u017eavanje. Ako to\u010dka na kojoj se rashladna voda ubrizgava u ispu\u0161ni sustav bude manja od 15 cm iznad razine vode, rashladna voda mo\u017ee prilikom zaustavljanja motora u\u0107i u ispu\u0161ni sustav, a zatim i u motor. Ovaj rizik mo\u017ee se sprije\u010diti instaliranjem antisipona najmanje 40 cm iznad razine vode.<\/p>\n","protected":false},"excerpt":{"rendered":"<p>Antisifon Vetus ASD V tip s tlacnim ventilom 13\/19\/25\/32 &#8211; Zra\u010dni otvori za ispu\u0161ne sustave ispod razine vode. S podesivim<\/p>\n","protected":false},"featured_media":5942503,"comment_status":"open","ping_status":"closed","template":"","meta":[],"product_brand":[3521],"product_cat":[1661,1794],"product_tag":[],"class_list":{"0":"post-741705","1":"product","2":"type-product","3":"status-publish","4":"has-post-thumbnail","6":"product_brand-vetus-hr","7":"product_cat-elementi-brodskog-vovovoda-plastika","8":"product_cat-ispusne-vode-i-prigusivaci","10":"first","11":"instock","12":"shipping-taxable","13":"purchasable","14":"product-type-simple"},"_links":{"self":[{"href":"https:\/\/stoic-curie.212-227-153-4.plesk.page\/hr\/wp-json\/wp\/v2\/product\/741705","targetHints":{"allow":["GET"]}}],"collection":[{"href":"https:\/\/stoic-curie.212-227-153-4.plesk.page\/hr\/wp-json\/wp\/v2\/product"}],"about":[{"href":"https:\/\/stoic-curie.212-227-153-4.plesk.page\/hr\/wp-json\/wp\/v2\/types\/product"}],"replies":[{"embeddable":true,"href":"https:\/\/stoic-curie.212-227-153-4.plesk.page\/hr\/wp-json\/wp\/v2\/comments?post=741705"}],"version-history":[{"count":0,"href":"https:\/\/stoic-curie.212-227-153-4.plesk.page\/hr\/wp-json\/wp\/v2\/product\/741705\/revisions"}],"wp:featuredmedia":[{"embeddable":true,"href":"https:\/\/stoic-curie.212-227-153-4.plesk.page\/hr\/wp-json\/wp\/v2\/media\/5942503"}],"wp:attachment":[{"href":"https:\/\/stoic-curie.212-227-153-4.plesk.page\/hr\/wp-json\/wp\/v2\/media?parent=741705"}],"wp:term":[{"taxonomy":"product_brand","embeddable":true,"href":"https:\/\/stoic-curie.212-227-153-4.plesk.page\/hr\/wp-json\/wp\/v2\/product_brand?post=741705"},{"taxonomy":"product_cat","embeddable":true,"href":"https:\/\/stoic-curie.212-227-153-4.plesk.page\/hr\/wp-json\/wp\/v2\/product_cat?post=741705"},{"taxonomy":"product_tag","embeddable":true,"href":"https:\/\/stoic-curie.212-227-153-4.plesk.page\/hr\/wp-json\/wp\/v2\/product_tag?post=741705"}],"curies":[{"name":"wp","href":"https:\/\/api.w.org\/{rel}","templated":true}]}}