{"id":741724,"date":"2025-03-03T18:17:07","date_gmt":"2025-03-03T17:17:07","guid":{"rendered":"https:\/\/stoic-curie.212-227-153-4.plesk.page\/producto\/okvir-od-nehrdajuceg-celika-za-vitrirfigo-c115-c130\/"},"modified":"2026-02-25T00:00:55","modified_gmt":"2026-02-25T00:00:55","slug":"okvir-od-nehrdajuceg-celika-za-vitrirfigo-c115-c130","status":"publish","type":"product","link":"https:\/\/stoic-curie.212-227-153-4.plesk.page\/hr\/product\/okvir-od-nehrdajuceg-celika-za-vitrirfigo-c115-c130\/","title":{"rendered":"Okvir od nehr\u0111aju\u0107eg \u010delika za Vitrirfigo c115 \/ c130"},"content":{"rendered":"<p>Okvir od nehr\u0111aju\u0107eg \u010delika za Vitrirfigo c115 \/ c130 &#8211; <\/p>\n<p>Vitrifrigo hladnjaci starog tipa bez kliznog profila. Omogu\u0107uje uvu\u010deno postavljanje hladnjaka s ravnim vratima.<\/p>\n","protected":false},"excerpt":{"rendered":"<p>Okvir od nehr\u0111aju\u0107eg \u010delika za Vitrirfigo c115 \/ c130 &#8211; Vitrifrigo hladnjaci starog tipa bez kliznog profila. Omogu\u0107uje uvu\u010deno postavljanje<\/p>\n","protected":false},"featured_media":5942532,"comment_status":"open","ping_status":"closed","template":"","meta":[],"product_brand":[3526],"product_cat":[1751],"product_tag":[],"class_list":{"0":"post-741724","1":"product","2":"type-product","3":"status-publish","4":"has-post-thumbnail","6":"product_brand-vitrifrigo-hr","7":"product_cat-hladnjaci-i-zamrzivaci","9":"first","10":"instock","11":"shipping-taxable","12":"purchasable","13":"product-type-simple"},"_links":{"self":[{"href":"https:\/\/stoic-curie.212-227-153-4.plesk.page\/hr\/wp-json\/wp\/v2\/product\/741724","targetHints":{"allow":["GET"]}}],"collection":[{"href":"https:\/\/stoic-curie.212-227-153-4.plesk.page\/hr\/wp-json\/wp\/v2\/product"}],"about":[{"href":"https:\/\/stoic-curie.212-227-153-4.plesk.page\/hr\/wp-json\/wp\/v2\/types\/product"}],"replies":[{"embeddable":true,"href":"https:\/\/stoic-curie.212-227-153-4.plesk.page\/hr\/wp-json\/wp\/v2\/comments?post=741724"}],"version-history":[{"count":0,"href":"https:\/\/stoic-curie.212-227-153-4.plesk.page\/hr\/wp-json\/wp\/v2\/product\/741724\/revisions"}],"wp:featuredmedia":[{"embeddable":true,"href":"https:\/\/stoic-curie.212-227-153-4.plesk.page\/hr\/wp-json\/wp\/v2\/media\/5942532"}],"wp:attachment":[{"href":"https:\/\/stoic-curie.212-227-153-4.plesk.page\/hr\/wp-json\/wp\/v2\/media?parent=741724"}],"wp:term":[{"taxonomy":"product_brand","embeddable":true,"href":"https:\/\/stoic-curie.212-227-153-4.plesk.page\/hr\/wp-json\/wp\/v2\/product_brand?post=741724"},{"taxonomy":"product_cat","embeddable":true,"href":"https:\/\/stoic-curie.212-227-153-4.plesk.page\/hr\/wp-json\/wp\/v2\/product_cat?post=741724"},{"taxonomy":"product_tag","embeddable":true,"href":"https:\/\/stoic-curie.212-227-153-4.plesk.page\/hr\/wp-json\/wp\/v2\/product_tag?post=741724"}],"curies":[{"name":"wp","href":"https:\/\/api.w.org\/{rel}","templated":true}]}}