{"id":741728,"date":"2025-03-03T18:17:09","date_gmt":"2025-03-03T17:17:09","guid":{"rendered":"https:\/\/stoic-curie.212-227-153-4.plesk.page\/producto\/okvir-od-nehrdajuceg-celika-za-vitrifrigo-c85-c95\/"},"modified":"2026-02-25T00:00:55","modified_gmt":"2026-02-25T00:00:55","slug":"okvir-od-nehrdajuceg-celika-za-vitrifrigo-c85-c95","status":"publish","type":"product","link":"https:\/\/stoic-curie.212-227-153-4.plesk.page\/hr\/product\/okvir-od-nehrdajuceg-celika-za-vitrifrigo-c85-c95\/","title":{"rendered":"Okvir od nehr\u0111aju\u0107eg \u010delika za Vitrifrigo c85 \/ c95"},"content":{"rendered":"<p>Okvir od nehr\u0111aju\u0107eg \u010delika za Vitrifrigo c85 \/ c95 &#8211; <\/p>\n<p>Vitrifrigo hladnjaci sa starim tipovima okvira bez kliznog profila. Omogu\u0107uje ugradnju hladnjaka u zid s poravnatim vratima.<\/p>\n","protected":false},"excerpt":{"rendered":"<p>Okvir od nehr\u0111aju\u0107eg \u010delika za Vitrifrigo c85 \/ c95 &#8211; Vitrifrigo hladnjaci sa starim tipovima okvira bez kliznog profila. Omogu\u0107uje<\/p>\n","protected":false},"featured_media":5942533,"comment_status":"open","ping_status":"closed","template":"","meta":[],"product_brand":[3526],"product_cat":[1751],"product_tag":[],"class_list":{"0":"post-741728","1":"product","2":"type-product","3":"status-publish","4":"has-post-thumbnail","6":"product_brand-vitrifrigo-hr","7":"product_cat-hladnjaci-i-zamrzivaci","9":"first","10":"instock","11":"shipping-taxable","12":"purchasable","13":"product-type-simple"},"_links":{"self":[{"href":"https:\/\/stoic-curie.212-227-153-4.plesk.page\/hr\/wp-json\/wp\/v2\/product\/741728","targetHints":{"allow":["GET"]}}],"collection":[{"href":"https:\/\/stoic-curie.212-227-153-4.plesk.page\/hr\/wp-json\/wp\/v2\/product"}],"about":[{"href":"https:\/\/stoic-curie.212-227-153-4.plesk.page\/hr\/wp-json\/wp\/v2\/types\/product"}],"replies":[{"embeddable":true,"href":"https:\/\/stoic-curie.212-227-153-4.plesk.page\/hr\/wp-json\/wp\/v2\/comments?post=741728"}],"version-history":[{"count":0,"href":"https:\/\/stoic-curie.212-227-153-4.plesk.page\/hr\/wp-json\/wp\/v2\/product\/741728\/revisions"}],"wp:featuredmedia":[{"embeddable":true,"href":"https:\/\/stoic-curie.212-227-153-4.plesk.page\/hr\/wp-json\/wp\/v2\/media\/5942533"}],"wp:attachment":[{"href":"https:\/\/stoic-curie.212-227-153-4.plesk.page\/hr\/wp-json\/wp\/v2\/media?parent=741728"}],"wp:term":[{"taxonomy":"product_brand","embeddable":true,"href":"https:\/\/stoic-curie.212-227-153-4.plesk.page\/hr\/wp-json\/wp\/v2\/product_brand?post=741728"},{"taxonomy":"product_cat","embeddable":true,"href":"https:\/\/stoic-curie.212-227-153-4.plesk.page\/hr\/wp-json\/wp\/v2\/product_cat?post=741728"},{"taxonomy":"product_tag","embeddable":true,"href":"https:\/\/stoic-curie.212-227-153-4.plesk.page\/hr\/wp-json\/wp\/v2\/product_tag?post=741728"}],"curies":[{"name":"wp","href":"https:\/\/api.w.org\/{rel}","templated":true}]}}