{"id":741729,"date":"2025-03-03T18:17:09","date_gmt":"2025-03-03T17:17:09","guid":{"rendered":"https:\/\/stoic-curie.212-227-153-4.plesk.page\/producto\/prijenosni-elektricni-rezac-uzadi-fusion\/"},"modified":"2026-02-25T00:00:55","modified_gmt":"2026-02-25T00:00:55","slug":"prijenosni-elektricni-rezac-uzadi-fusion","status":"publish","type":"product","link":"https:\/\/stoic-curie.212-227-153-4.plesk.page\/hr\/product\/prijenosni-elektricni-rezac-uzadi-fusion\/","title":{"rendered":"Prijenosni elektri\u010dni reza\u010d u\u017eadi Fusion"},"content":{"rendered":"<p>Prijenosni elektri\u010dni reza\u010d u\u017eadi Fusion &#8211; <\/p>\n<p>Prijenosni be\u017ei\u010dni reza\u010d u\u017eeta na punjenje. Dose\u017ee 400 \u00b0C za nekoliko sekundi i brzo re\u017ee \u010dak i debele u\u017eadi, pletenice i konopce. Tako\u0111er je prikladan za rezanje jedara, tende, remene, trake i bilo koje sinteti\u010dke ponjave. Dolazi s o\u0161tricom, \u010detkom za \u010di\u0161\u0107enje, punjivom baterijom i punja\u010dem. Dolazi s prijenosnom kutijom za alate.<\/p>\n","protected":false},"excerpt":{"rendered":"<p>Prijenosni elektri\u010dni reza\u010d u\u017eadi Fusion &#8211; Prijenosni be\u017ei\u010dni reza\u010d u\u017eeta na punjenje. Dose\u017ee 400 \u00b0C za nekoliko sekundi i brzo<\/p>\n","protected":false},"featured_media":5942540,"comment_status":"open","ping_status":"closed","template":"","meta":[],"product_brand":[3066],"product_cat":[1613,1856],"product_tag":[],"class_list":{"0":"post-741729","1":"product","2":"type-product","3":"status-publish","4":"has-post-thumbnail","6":"product_brand-liros-hr","7":"product_cat-alati-za-rezanje","8":"product_cat-jedrilicarski-nozevi-i-alati","10":"first","11":"instock","12":"shipping-taxable","13":"purchasable","14":"product-type-simple"},"_links":{"self":[{"href":"https:\/\/stoic-curie.212-227-153-4.plesk.page\/hr\/wp-json\/wp\/v2\/product\/741729","targetHints":{"allow":["GET"]}}],"collection":[{"href":"https:\/\/stoic-curie.212-227-153-4.plesk.page\/hr\/wp-json\/wp\/v2\/product"}],"about":[{"href":"https:\/\/stoic-curie.212-227-153-4.plesk.page\/hr\/wp-json\/wp\/v2\/types\/product"}],"replies":[{"embeddable":true,"href":"https:\/\/stoic-curie.212-227-153-4.plesk.page\/hr\/wp-json\/wp\/v2\/comments?post=741729"}],"version-history":[{"count":0,"href":"https:\/\/stoic-curie.212-227-153-4.plesk.page\/hr\/wp-json\/wp\/v2\/product\/741729\/revisions"}],"wp:featuredmedia":[{"embeddable":true,"href":"https:\/\/stoic-curie.212-227-153-4.plesk.page\/hr\/wp-json\/wp\/v2\/media\/5942540"}],"wp:attachment":[{"href":"https:\/\/stoic-curie.212-227-153-4.plesk.page\/hr\/wp-json\/wp\/v2\/media?parent=741729"}],"wp:term":[{"taxonomy":"product_brand","embeddable":true,"href":"https:\/\/stoic-curie.212-227-153-4.plesk.page\/hr\/wp-json\/wp\/v2\/product_brand?post=741729"},{"taxonomy":"product_cat","embeddable":true,"href":"https:\/\/stoic-curie.212-227-153-4.plesk.page\/hr\/wp-json\/wp\/v2\/product_cat?post=741729"},{"taxonomy":"product_tag","embeddable":true,"href":"https:\/\/stoic-curie.212-227-153-4.plesk.page\/hr\/wp-json\/wp\/v2\/product_tag?post=741729"}],"curies":[{"name":"wp","href":"https:\/\/api.w.org\/{rel}","templated":true}]}}