{"id":741730,"date":"2025-03-03T18:17:09","date_gmt":"2025-03-03T17:17:09","guid":{"rendered":"https:\/\/stoic-curie.212-227-153-4.plesk.page\/producto\/electricni-rezac-uzeta-pro-fusion-220v-120w\/"},"modified":"2026-02-25T00:00:55","modified_gmt":"2026-02-25T00:00:55","slug":"electricni-rezac-uzeta-pro-fusion-220v-120w","status":"publish","type":"product","link":"https:\/\/stoic-curie.212-227-153-4.plesk.page\/hr\/product\/electricni-rezac-uzeta-pro-fusion-220v-120w\/","title":{"rendered":"Electri\u010dni reza\u010d u\u017eeta Pro Fusion 220V 120W"},"content":{"rendered":"<p>Electri\u010dni reza\u010d u\u017eeta Pro Fusion 220V 120W &#8211; <\/p>\n<p>220V &#8211; 120W profesionalni elektri\u010dni reza\u010d u\u017eeta za kontinuiranu upotrebu. Dose\u017ee 500\u00c2\u00b0C u nekoliko sekundi i brzo re\u017ee \u010dak i debele u\u017eadi, pletenice i konce. Odmah se hladi zahvaljuju\u0107i sustavu hla\u0111enja zrakom. Tako\u0111er pogodna za rezanje jedara, tende, remena, traka i svake sinteti\u010dke platne. Dolazi u kompletu s o\u0161tricom, \u010detkom za \u010di\u0161\u0107enje i 3 m napojnim kabelom. Dolazi s prijenosnom kutijom za alat.<\/p>\n","protected":false},"excerpt":{"rendered":"<p>Electri\u010dni reza\u010d u\u017eeta Pro Fusion 220V 120W &#8211; 220V &#8211; 120W profesionalni elektri\u010dni reza\u010d u\u017eeta za kontinuiranu upotrebu. Dose\u017ee 500\u00c2\u00b0C<\/p>\n","protected":false},"featured_media":5942544,"comment_status":"open","ping_status":"closed","template":"","meta":[],"product_brand":[3066],"product_cat":[1613,1856],"product_tag":[],"class_list":{"0":"post-741730","1":"product","2":"type-product","3":"status-publish","4":"has-post-thumbnail","6":"product_brand-liros-hr","7":"product_cat-alati-za-rezanje","8":"product_cat-jedrilicarski-nozevi-i-alati","10":"first","11":"instock","12":"shipping-taxable","13":"purchasable","14":"product-type-simple"},"_links":{"self":[{"href":"https:\/\/stoic-curie.212-227-153-4.plesk.page\/hr\/wp-json\/wp\/v2\/product\/741730","targetHints":{"allow":["GET"]}}],"collection":[{"href":"https:\/\/stoic-curie.212-227-153-4.plesk.page\/hr\/wp-json\/wp\/v2\/product"}],"about":[{"href":"https:\/\/stoic-curie.212-227-153-4.plesk.page\/hr\/wp-json\/wp\/v2\/types\/product"}],"replies":[{"embeddable":true,"href":"https:\/\/stoic-curie.212-227-153-4.plesk.page\/hr\/wp-json\/wp\/v2\/comments?post=741730"}],"version-history":[{"count":0,"href":"https:\/\/stoic-curie.212-227-153-4.plesk.page\/hr\/wp-json\/wp\/v2\/product\/741730\/revisions"}],"wp:featuredmedia":[{"embeddable":true,"href":"https:\/\/stoic-curie.212-227-153-4.plesk.page\/hr\/wp-json\/wp\/v2\/media\/5942544"}],"wp:attachment":[{"href":"https:\/\/stoic-curie.212-227-153-4.plesk.page\/hr\/wp-json\/wp\/v2\/media?parent=741730"}],"wp:term":[{"taxonomy":"product_brand","embeddable":true,"href":"https:\/\/stoic-curie.212-227-153-4.plesk.page\/hr\/wp-json\/wp\/v2\/product_brand?post=741730"},{"taxonomy":"product_cat","embeddable":true,"href":"https:\/\/stoic-curie.212-227-153-4.plesk.page\/hr\/wp-json\/wp\/v2\/product_cat?post=741730"},{"taxonomy":"product_tag","embeddable":true,"href":"https:\/\/stoic-curie.212-227-153-4.plesk.page\/hr\/wp-json\/wp\/v2\/product_tag?post=741730"}],"curies":[{"name":"wp","href":"https:\/\/api.w.org\/{rel}","templated":true}]}}