{"id":741731,"date":"2025-03-03T18:17:10","date_gmt":"2025-03-03T17:17:10","guid":{"rendered":"https:\/\/stoic-curie.212-227-153-4.plesk.page\/producto\/balon-za-podvodno-podizanje-30kg\/"},"modified":"2026-02-25T00:00:55","modified_gmt":"2026-02-25T00:00:55","slug":"balon-za-podvodno-podizanje-30kg","status":"publish","type":"product","link":"https:\/\/stoic-curie.212-227-153-4.plesk.page\/hr\/product\/balon-za-podvodno-podizanje-30kg\/","title":{"rendered":"Balon za podvodno podizanje 30kg"},"content":{"rendered":"<p>Balon za podvodno podizanje 30kg &#8211; <\/p>\n<p style=\"color: rgb(34, 34, 34); font-family: Arial, Helvetica, sans-serif; font-size: small;\">Scuba lifting balon je pouzdan i u\u010dinkovit alat za sve va\u0161e podvodne avanture. Nudimo raspon kapaciteta podizanja od 30 kg do 2500 kg, \u0161to ga \u010dini odli\u010dnim izborom za ronioce koji trebaju premje\u0161tati te\u017eu opremu ili predmete. Proizveden u \u0160panjolskoj, ovaj balon izra\u0111en je od visokokvalitetnih materijala kako bi osigurao dugotrajnost. Njegov dizajn olak\u0161ava napuhavanje i ispuhavanje, \u0161to pojednostavljuje skladi\u0161tenje i transport, na kraju pobolj\u0161avaju\u0107i va\u0161e iskustvo ronjenja.<\/p>\n<p style=\"color: rgb(34, 34, 34); font-family: Arial, Helvetica, sans-serif; font-size: small;\">Ovaj balon ima \u010dvrste prstenove od pocin\u010danog \u010delika i izra\u0111en je od PVC HD laminiranog platna koriste\u0107i napredne tehnike zavarivanja visokom frekvencijom. Dolazi s ventilom za napuhavanje i prakti\u010dnim ventilom za pra\u017enjenje radi va\u0161e udobnosti.<\/p>\n<p style=\"color: rgb(34, 34, 34); font-family: Arial, Helvetica, sans-serif; font-size: small;\">Iskusite neusporedivu snagu podizanja i pouzdanost na\u0161im Scuba lifting balonima. Dizajnirani posebno za profesionalne ronioce i podvodne zadatke, ovaj visokoefikasni balon za podizanje nudi izvanrednu snagu, izdr\u017eljivost i jednostavnost kori\u0161tenja. Bilo da izvla\u010dite potopljene predmete ili radite na podvodnoj gradnji, ovi lifting baloni su savr\u0161eno rje\u0161enje za va\u0161e potrebe te\u0161kog podizanja.<\/p>\n<p style=\"color: rgb(34, 34, 34); font-family: Arial, Helvetica, sans-serif; font-size: small;\"><strong>Klju\u010dne zna\u010dajke:<\/strong><\/p>\n<ul style=\"color: rgb(34, 34, 34); font-family: Arial, Helvetica, sans-serif; font-size: small;\">\n<li><strong>Visoka kapacitet podizanja:<\/strong> Ovaj balon je dizajniran da se nosi sa zna\u010dajnim zadacima podizanja, \u0161to ga \u010dini idealnim za vra\u0107anje velikih ili te\u0161kih predmeta iz vode. Njegova robusna konstrukcija osigurava da mo\u017ee lako podnijeti velike terete.<\/li>\n<li><strong>Izdr\u017eljiva konstrukcija:<\/strong> Izra\u0111en od \u010dvrstih, visokokvalitetnih materijala, ovaj lifting balon je dizajniran da izdr\u017ei te\u0161ke podvodne uvjete. Njegova oja\u010dana struktura jam\u010di dugotrajnu izvedbu i pouzdanost, \u010dak i u izazovnim okru\u017eenjima.<\/li>\n<li><strong>Integrirani ventil za pra\u017enjenje:<\/strong> Balon uklju\u010duje integrirani ventil za pra\u017enjenje za jednostavno upravljanje napuhavanjem i ispuhavanjem. Ova zna\u010dajka vam omogu\u0107ava da lako prilagodite uzgon i snagu podizanja, osiguravaju\u0107i sigurnu i u\u010dinkovitu upotrebu.<\/li>\n<li><strong>Jednostavno napuhavanje:<\/strong> Ovi lifting baloni dizajnirani su za brzo i jednostavno napuhavanje. Mo\u017eete ih lako napuhati koriste\u0107i standardnu crijevo za niskotla\u010dnu pumpu, \u0161to ih \u010dini izuzetno prakti\u010dnima za razne podvodne zadatke.<\/li>\n<li><strong>Kompaktni i prenosivi:<\/strong> Unato\u010d impresivnom kapacitetu podizanja, balon je kompaktan i lako prenosiv. Njegov lagani dizajn olak\u0161ava no\u0161enje i skladi\u0161tenje, \u010dine\u0107i ga prakti\u010dnim alatom za ronioce u pokretu.<\/li>\n<li><strong>Sigurne to\u010dke za pri\u010dvr\u0161\u0107ivanje:<\/strong> Lifting balon dolazi s vi\u0161e sigurnih to\u010daka za pri\u010dvr\u0161\u0107ivanje za svestrane mogu\u0107nosti rigginga. Ove to\u010dke osiguravaju sigurne i \u010dvrste veze s predmetima koje podi\u017eete.<\/li>\n<li><strong>Svijetla boja za vidljivost:<\/strong> Balon je izra\u0111en u svijetloj boji kako bi pobolj\u0161ao vidljivost pod vodom. Ova zna\u010dajka olak\u0161ava roniocima da ga uo\u010de, pove\u0107avaju\u0107i sigurnost i koordinaciju tijekom operacija podizanja.<\/li>\n<\/ul>\n<p style=\"color: rgb(34, 34, 34); font-family: Arial, Helvetica, sans-serif; font-size: small;\">Ovaj lifting balon je savr\u0161eno rje\u0161enje za va\u0161e podvodne zadatke podizanja i vra\u0107anja. Sa svojim visokim kapacitetom podizanja, izdr\u017eljivom konstrukcijom i korisni\u010dki prihvatljivim zna\u010dajkama, pru\u017ea pouzdanost i performanse koje su vam potrebne za profesionalne podvodne operacije.<\/p>\n<p style=\"color: rgb(34, 34, 34); font-family: Arial, Helvetica, sans-serif; font-size: small;\"><strong>Specifikacije materijala:<\/strong><\/p>\n<ul style=\"color: rgb(34, 34, 34); font-family: Arial, Helvetica, sans-serif; font-size: small;\">\n<li>Bo\u010dna zavjesa Sattler 640 gr\/m\u00b2<\/li>\n<li>Jedan ventil za ispu\u0161tanje<\/li>\n<li>Prstenovi promjera 25 mm izra\u0111eni od nehr\u0111aju\u0107eg \u010delika<\/li>\n<li>Plutaju\u0107a u\u017ee promjera 8 mm<\/li>\n<li>Karabiner od pocin\u010danog \u010delika promjera 6 mm<\/li>\n<\/ul>\n","protected":false},"excerpt":{"rendered":"<p>Balon za podvodno podizanje 30kg &#8211; Scuba lifting balon je pouzdan i u\u010dinkovit alat za sve va\u0161e podvodne avanture. Nudimo<\/p>\n","protected":false},"featured_media":5942554,"comment_status":"open","ping_status":"closed","template":"","meta":[],"product_brand":[3491],"product_cat":[1844],"product_tag":[],"class_list":{"0":"post-741731","1":"product","2":"type-product","3":"status-publish","4":"has-post-thumbnail","6":"product_brand-trem-hr","7":"product_cat-oprema-za-ronjenje","9":"first","10":"instock","11":"shipping-taxable","12":"purchasable","13":"product-type-simple"},"_links":{"self":[{"href":"https:\/\/stoic-curie.212-227-153-4.plesk.page\/hr\/wp-json\/wp\/v2\/product\/741731","targetHints":{"allow":["GET"]}}],"collection":[{"href":"https:\/\/stoic-curie.212-227-153-4.plesk.page\/hr\/wp-json\/wp\/v2\/product"}],"about":[{"href":"https:\/\/stoic-curie.212-227-153-4.plesk.page\/hr\/wp-json\/wp\/v2\/types\/product"}],"replies":[{"embeddable":true,"href":"https:\/\/stoic-curie.212-227-153-4.plesk.page\/hr\/wp-json\/wp\/v2\/comments?post=741731"}],"version-history":[{"count":0,"href":"https:\/\/stoic-curie.212-227-153-4.plesk.page\/hr\/wp-json\/wp\/v2\/product\/741731\/revisions"}],"wp:featuredmedia":[{"embeddable":true,"href":"https:\/\/stoic-curie.212-227-153-4.plesk.page\/hr\/wp-json\/wp\/v2\/media\/5942554"}],"wp:attachment":[{"href":"https:\/\/stoic-curie.212-227-153-4.plesk.page\/hr\/wp-json\/wp\/v2\/media?parent=741731"}],"wp:term":[{"taxonomy":"product_brand","embeddable":true,"href":"https:\/\/stoic-curie.212-227-153-4.plesk.page\/hr\/wp-json\/wp\/v2\/product_brand?post=741731"},{"taxonomy":"product_cat","embeddable":true,"href":"https:\/\/stoic-curie.212-227-153-4.plesk.page\/hr\/wp-json\/wp\/v2\/product_cat?post=741731"},{"taxonomy":"product_tag","embeddable":true,"href":"https:\/\/stoic-curie.212-227-153-4.plesk.page\/hr\/wp-json\/wp\/v2\/product_tag?post=741731"}],"curies":[{"name":"wp","href":"https:\/\/api.w.org\/{rel}","templated":true}]}}