{"id":741732,"date":"2025-03-03T18:17:10","date_gmt":"2025-03-03T17:17:10","guid":{"rendered":"https:\/\/stoic-curie.212-227-153-4.plesk.page\/producto\/balon-za-podvodno-podizanje-50kg\/"},"modified":"2026-02-25T00:00:55","modified_gmt":"2026-02-25T00:00:55","slug":"balon-za-podvodno-podizanje-50kg","status":"publish","type":"product","link":"https:\/\/stoic-curie.212-227-153-4.plesk.page\/hr\/product\/balon-za-podvodno-podizanje-50kg\/","title":{"rendered":"Balon za podvodno podizanje 50kg"},"content":{"rendered":"<p>Balon za podvodno podizanje 50kg &#8211; <\/p>\n<p style=\"color: rgb(34, 34, 34); font-family: Arial, Helvetica, sans-serif; font-size: small;\">Scuba lifting balon je pouzdan i u\u010dinkovit alat dizajniran za va\u0161e podvodne avanture. Pru\u017eamo \u0161iroku paletu nosivosti, od 30 kg do 2500 kg, \u0161to ga \u010dini izvrsnom opcijom za ronioce koji trebaju premje\u0161tati te\u017eu opremu ili predmete. Proizveden u \u0160paniji, ovaj balon je napravljen od visokokvalitetnih materijala kako bi osigurao dugotrajnost i izdr\u017eljivost. Njegov dizajn omogu\u0107ava jednostavno inflaciju i deflaciju, pojednostavljuju\u0107i pohranu i transport, \u0161to u kona\u010dnici pobolj\u0161ava va\u0161e ronila\u010dko iskustvo.<\/p>\n<p style=\"color: rgb(34, 34, 34); font-family: Arial, Helvetica, sans-serif; font-size: small;\">Ovaj balon ima prstenove napravljene od robusnog cinka oblo\u017eenog \u010delika i izra\u0111en je od PVC HD laminirane tkanine koriste\u0107i napredne metode visokofrekventnog zavarivanja. Dolazi s ventilom za inflaciju i vrhunskim ventilom za pra\u017enjenje radi dodatne udobnosti.<\/p>\n<p style=\"color: rgb(34, 34, 34); font-family: Arial, Helvetica, sans-serif; font-size: small;\">Otkrivenite neusporedivu mo\u0107 podizanja i pouzdanost s na\u0161im Scuba lifting balonima. Specijalno dizajnirani za profesionalne ronioce i podvodne zadatke, ovaj balon za podizanje visoke performanse pru\u017ea izvanrednu snagu, trajnost i lako\u0107u kori\u0161tenja. Bilo da izvla\u010dite potopljene predmete ili se bavite podvodnom gradnjom, ovi lifting baloni su idealno rje\u0161enje za va\u0161e potrebe podizanja velikih tereta.<\/p>\n<p style=\"color: rgb(34, 34, 34); font-family: Arial, Helvetica, sans-serif; font-size: small;\"><strong>Klju\u010dne zna\u010dajke:<\/strong><\/p>\n<ul style=\"color: rgb(34, 34, 34); font-family: Arial, Helvetica, sans-serif; font-size: small;\">\n<li><strong>Visoka nosivost:<\/strong>&nbsp;Dizajniran za pru\u017eanje zna\u010dajne nosivosti, ovaj balon je savr\u0161eno prikladan za va\u0111enje velikih ili te\u0161kih predmeta iz vode. Njegova \u010dvrsta konstrukcija osigurava da mo\u017ee podnijeti zna\u010dajne terete bez napora.<\/li>\n<li><strong>Izdr\u017eljiva konstrukcija:<\/strong>&nbsp;Izra\u0111en od \u010dvrstih, visokokvalitetnih materijala, ovaj balon za podizanje izdr\u017eava te\u0161ke uvjete pod vodom. Njegova oja\u010dana struktura jam\u010di dugoro\u010dnu u\u010dinkovitost i pouzdanost, \u010dak i u zahtjevnim okru\u017eenjima.<\/li>\n<li><strong>Integrirani ventil za pra\u017enjenje:<\/strong>&nbsp;Balon uklju\u010duje integrirani ventil za pra\u017enjenje za preciznu kontrolu nad inflacijom i deflacijom. Ovaj ventil omogu\u0107ava jednostavne prilagodbe ja\u010dini uzgona i podizanja, osiguravaju\u0107i sigurnu i u\u010dinkovitu operaciju.<\/li>\n<li><strong>Jednostavna inflacija:<\/strong>&nbsp;Ovi lifting baloni su dizajnirani za brzo i jednostavno napuhavanje. Mogu se brzo napuhati koriste\u0107i standardnu crijevo za inflaciju niskog pritiska, \u0161to ih \u010dini prakti\u010dnima za razne podvodne zadatke.<\/li>\n<li><strong>Kompaktni i prijenosni:<\/strong>&nbsp;Unato\u010d impresivnoj nosivosti, balon ostaje kompaktan i lako prenosiv. Njegov lagani dizajn omogu\u0107ava jednostavno no\u0161enje i pohranu, \u0161to ga \u010dini prakti\u010dnim alatom za ronioce u pokretu.<\/li>\n<li><strong>Sigurne to\u010dke za pri\u010dvr\u0161\u0107ivanje:<\/strong>&nbsp;Balon za podizanje opremljen je s vi\u0161e sigurnih to\u010daka za pri\u010dvr\u0161\u0107ivanje za svestrane opcije riganja. Ove to\u010dke osiguravaju sigurne i \u010dvrste veze s predmetima koji se podi\u017eu.<\/li>\n<li><strong>Svetla boja za vidljivost:<\/strong>&nbsp;Balon je dizajniran u svijetloj boji kako bi pobolj\u0161ao vidljivost pod vodom. Ova zna\u010dajka osigurava da je balon lako uo\u010den od strane ronioca, pobolj\u0161avaju\u0107i sigurnost i koordinaciju tijekom operacija podizanja.<\/li>\n<\/ul>\n<p style=\"color: rgb(34, 34, 34); font-family: Arial, Helvetica, sans-serif; font-size: small;\">Ovaj balon za podizanje je savr\u0161eno rje\u0161enje za va\u0161e podvodne zadatke podizanja i oporavka. Sa svojom visokom nosivosti, izdr\u017eljivom konstrukcijom i korisni\u010dkim zna\u010dajkama, pru\u017ea pouzdanost i u\u010dinkovitost potrebnu za profesionalne podvodne operacije.<\/p>\n<p style=\"color: rgb(34, 34, 34); font-family: Arial, Helvetica, sans-serif; font-size: small;\"><strong>Specifikacije materijala:<\/strong><\/p>\n<ul style=\"color: rgb(34, 34, 34); font-family: Arial, Helvetica, sans-serif; font-size: small;\">\n<li>Bo\u010dne zavjese Sattler 640 gr\/m\u00b2<\/li>\n<li>Jedan ventil za ispu\u0161tanje<\/li>\n<li>Prstenovi promjera 25 mm od nehr\u0111aju\u0107eg \u010delika<\/li>\n<li>Flotiraju\u0107a u\u017ee promjera 8 mm<\/li>\n<li>Karabiner od cinkom oblo\u017eenog \u010delika promjera 6 mm<\/li>\n<\/ul>\n","protected":false},"excerpt":{"rendered":"<p>Balon za podvodno podizanje 50kg &#8211; Scuba lifting balon je pouzdan i u\u010dinkovit alat dizajniran za va\u0161e podvodne avanture. Pru\u017eamo<\/p>\n","protected":false},"featured_media":5942554,"comment_status":"open","ping_status":"closed","template":"","meta":[],"product_brand":[3491],"product_cat":[1844],"product_tag":[],"class_list":{"0":"post-741732","1":"product","2":"type-product","3":"status-publish","4":"has-post-thumbnail","6":"product_brand-trem-hr","7":"product_cat-oprema-za-ronjenje","9":"first","10":"instock","11":"shipping-taxable","12":"purchasable","13":"product-type-simple"},"_links":{"self":[{"href":"https:\/\/stoic-curie.212-227-153-4.plesk.page\/hr\/wp-json\/wp\/v2\/product\/741732","targetHints":{"allow":["GET"]}}],"collection":[{"href":"https:\/\/stoic-curie.212-227-153-4.plesk.page\/hr\/wp-json\/wp\/v2\/product"}],"about":[{"href":"https:\/\/stoic-curie.212-227-153-4.plesk.page\/hr\/wp-json\/wp\/v2\/types\/product"}],"replies":[{"embeddable":true,"href":"https:\/\/stoic-curie.212-227-153-4.plesk.page\/hr\/wp-json\/wp\/v2\/comments?post=741732"}],"version-history":[{"count":0,"href":"https:\/\/stoic-curie.212-227-153-4.plesk.page\/hr\/wp-json\/wp\/v2\/product\/741732\/revisions"}],"wp:featuredmedia":[{"embeddable":true,"href":"https:\/\/stoic-curie.212-227-153-4.plesk.page\/hr\/wp-json\/wp\/v2\/media\/5942554"}],"wp:attachment":[{"href":"https:\/\/stoic-curie.212-227-153-4.plesk.page\/hr\/wp-json\/wp\/v2\/media?parent=741732"}],"wp:term":[{"taxonomy":"product_brand","embeddable":true,"href":"https:\/\/stoic-curie.212-227-153-4.plesk.page\/hr\/wp-json\/wp\/v2\/product_brand?post=741732"},{"taxonomy":"product_cat","embeddable":true,"href":"https:\/\/stoic-curie.212-227-153-4.plesk.page\/hr\/wp-json\/wp\/v2\/product_cat?post=741732"},{"taxonomy":"product_tag","embeddable":true,"href":"https:\/\/stoic-curie.212-227-153-4.plesk.page\/hr\/wp-json\/wp\/v2\/product_tag?post=741732"}],"curies":[{"name":"wp","href":"https:\/\/api.w.org\/{rel}","templated":true}]}}