{"id":741733,"date":"2025-03-03T18:17:10","date_gmt":"2025-03-03T17:17:10","guid":{"rendered":"https:\/\/stoic-curie.212-227-153-4.plesk.page\/producto\/balon-za-podvodno-podizanje-200kg\/"},"modified":"2026-02-25T00:00:55","modified_gmt":"2026-02-25T00:00:55","slug":"balon-za-podvodno-podizanje-200kg","status":"publish","type":"product","link":"https:\/\/stoic-curie.212-227-153-4.plesk.page\/hr\/product\/balon-za-podvodno-podizanje-200kg\/","title":{"rendered":"Balon za podvodno podizanje 200kg"},"content":{"rendered":"<p>Balon za podvodno podizanje 200kg &#8211; <\/p>\n<p style=\"color: rgb(34, 34, 34); font-family: Arial, Helvetica, sans-serif; font-size: small;\">Balon za podvodno dizanje je pouzdan i u\u010dinkovit alat dizajniran za va\u0161a podvodna istra\u017eivanja. Nudimo raznolike kapacitete dizanja, od 30 kg do 2500 kg, \u0161to ga \u010dini izvrsnim izborom za ronioce koji trebaju transportirati te\u0161ke opreme ili predmete. Proizveden u \u0160panjolskoj, ovaj balon izra\u0111en je od kvalitetnih materijala kako bi osigurao trajnost i dugovje\u010dnost. Njegov dizajn olak\u0161ava inflaciju i deflaciju, \u0161to pojednostavljuje skladi\u0161tenje i transport, \u010dime se pobolj\u0161ava va\u0161e ronila\u010dko iskustvo.<\/p>\n<p style=\"color: rgb(34, 34, 34); font-family: Arial, Helvetica, sans-serif; font-size: small;\">Ovaj balon je opremljen prstenovima napravljenim od \u010dvrste pocin\u010dane \u010delika i konstruiran je od PVC HD laminiranog platna koriste\u0107i napredne visokofrekventne metode zavarivanja. Uklju\u010duje ventil za inflaciju i vrhunski ventil za pra\u017enjenje radi dodatne prakti\u010dnosti.<\/p>\n<p style=\"color: rgb(34, 34, 34); font-family: Arial, Helvetica, sans-serif; font-size: small;\">Iskusite nenadma\u0161nu snagu dizanja i pouzdanost s na\u0161im balonima za podvodno dizanje. Posebno dizajnirani za profesionalne ronioce i podvodne zadatke, ovaj visokou\u010dinkoviti balon za dizanje nudi iznimnu snagu, trajnost i jednostavnost kori\u0161tenja. Bilo da preuzimate potopljene predmete ili se bavite podvodnom gradnjom, ovi Baloni za dizanje su savr\u0161eno rje\u0161enje za va\u0161e potrebe dizanja te\u0161kih tereta.<\/p>\n<p style=\"color: rgb(34, 34, 34); font-family: Arial, Helvetica, sans-serif; font-size: small;\"><strong>Klju\u010dne zna\u010dajke:<\/strong><\/p>\n<ul style=\"color: rgb(34, 34, 34); font-family: Arial, Helvetica, sans-serif; font-size: small;\">\n<li><strong>Visoki kapacitet dizanja:<\/strong>&nbsp;Dizajniran za zna\u010dajan kapacitet dizanja, ovaj balon je idealan za izvla\u010denje velikih ili te\u0161kih predmeta iz vode. Njegova robusna konstrukcija osigurava da mo\u017ee nositi zna\u010dajne terete s lako\u0107om.<\/li>\n<li><strong>Trajna konstrukcija:<\/strong>&nbsp;Izra\u0111en od izdr\u017eljivih, visokokvalitetnih materijala, ovaj balon za dizanje je dizajniran da izdr\u017ei te\u0161ke podvodne uvjete. Njegova oja\u010dana struktura jam\u010di dugotrajnu izvedbu i pouzdanost, \u010dak i u izazovnim okru\u017eenjima.<\/li>\n<li><strong>Integrirani ventil za pra\u017enjenje:<\/strong>&nbsp;Balon ima integrirani ventil za pra\u017enjenje radi precizne kontrola nad inflacijom i deflacijom. Ovaj ventil omogu\u0107ava jednostavne prilagodbe uzgona i snage dizanja, osiguravaju\u0107i sigurnu i u\u010dinkovitu uporabu.<\/li>\n<li><strong>Jednostavna inflacija:<\/strong>&nbsp;Ovi Baloni za dizanje su dizajnirani za brzo i jednostavno napuhavanje. Mogu se brzo napuhati koriste\u0107i standardnu crijevo za inflaciju niskog pritiska, \u0161to ih \u010dini prakti\u010dnim za razne podvodne zadatke.<\/li>\n<li><strong>Kompaktni i mobilni:<\/strong>&nbsp;Unato\u010d impresivnom kapacitetu dizanja, balon ostaje kompaktan i lako prenosiv. Njegov lagan dizajn osigurava jednostavno no\u0161enje i skladi\u0161tenje, \u0161to ga \u010dini prakti\u010dnim alatom za ronioce u pokretu.<\/li>\n<li><strong>Sigurne to\u010dke spajanja:<\/strong>&nbsp;Balon za dizanje opremljen je s vi\u0161e sigurnih to\u010daka spajanja za svestrane mogu\u0107nosti riganja. Ove to\u010dke osiguravaju sigurne i pouzdane veze s podizanjem predmeta.<\/li>\n<li><strong>Svijetla boja za vidljivost:<\/strong>&nbsp;Balon je dizajniran u svijetloj boji kako bi pobolj\u0161ao vidljivost pod vodom. Ova zna\u010dajka osigurava da je balon lako uo\u010den od strane ronilaca, pobolj\u0161avaju\u0107i sigurnost i koordinaciju tijekom operacija dizanja.<\/li>\n<\/ul>\n<p style=\"color: rgb(34, 34, 34); font-family: Arial, Helvetica, sans-serif; font-size: small;\">Ovaj balon za dizanje je savr\u0161eno rje\u0161enje za va\u0161e zadatke podvodnog dizanja i oporavka. Sa svojim visokim kapacitetom dizanja, izdr\u017eljivom konstrukcijom i korisni\u010dkim zna\u010dajkama, pru\u017ea pouzdanost i performanse potrebne za profesionalne podvodne operacije.<\/p>\n<p style=\"color: rgb(34, 34, 34); font-family: Arial, Helvetica, sans-serif; font-size: small;\"><strong>Specifikacije materijala:<\/strong><\/p>\n<ul style=\"color: rgb(34, 34, 34); font-family: Arial, Helvetica, sans-serif; font-size: small;\">\n<li>Bo\u010dni zavjesa Sattler 640 gr\/m\u00b2<\/li>\n<li>Jedan ventil za odvodnju<\/li>\n<li>Prstenovi promjera 25 mm od nehr\u0111aju\u0107eg \u010delika<\/li>\n<li>Plutaju\u0107a u\u017ee promjera 8 mm<\/li>\n<li>Pocin\u010dani karabin promjera 6 mm<\/li>\n<\/ul>\n","protected":false},"excerpt":{"rendered":"<p>Balon za podvodno podizanje 200kg &#8211; Balon za podvodno dizanje je pouzdan i u\u010dinkovit alat dizajniran za va\u0161a podvodna istra\u017eivanja.<\/p>\n","protected":false},"featured_media":5942554,"comment_status":"open","ping_status":"closed","template":"","meta":[],"product_brand":[3491],"product_cat":[1844],"product_tag":[],"class_list":{"0":"post-741733","1":"product","2":"type-product","3":"status-publish","4":"has-post-thumbnail","6":"product_brand-trem-hr","7":"product_cat-oprema-za-ronjenje","9":"first","10":"instock","11":"shipping-taxable","12":"purchasable","13":"product-type-simple"},"_links":{"self":[{"href":"https:\/\/stoic-curie.212-227-153-4.plesk.page\/hr\/wp-json\/wp\/v2\/product\/741733","targetHints":{"allow":["GET"]}}],"collection":[{"href":"https:\/\/stoic-curie.212-227-153-4.plesk.page\/hr\/wp-json\/wp\/v2\/product"}],"about":[{"href":"https:\/\/stoic-curie.212-227-153-4.plesk.page\/hr\/wp-json\/wp\/v2\/types\/product"}],"replies":[{"embeddable":true,"href":"https:\/\/stoic-curie.212-227-153-4.plesk.page\/hr\/wp-json\/wp\/v2\/comments?post=741733"}],"version-history":[{"count":0,"href":"https:\/\/stoic-curie.212-227-153-4.plesk.page\/hr\/wp-json\/wp\/v2\/product\/741733\/revisions"}],"wp:featuredmedia":[{"embeddable":true,"href":"https:\/\/stoic-curie.212-227-153-4.plesk.page\/hr\/wp-json\/wp\/v2\/media\/5942554"}],"wp:attachment":[{"href":"https:\/\/stoic-curie.212-227-153-4.plesk.page\/hr\/wp-json\/wp\/v2\/media?parent=741733"}],"wp:term":[{"taxonomy":"product_brand","embeddable":true,"href":"https:\/\/stoic-curie.212-227-153-4.plesk.page\/hr\/wp-json\/wp\/v2\/product_brand?post=741733"},{"taxonomy":"product_cat","embeddable":true,"href":"https:\/\/stoic-curie.212-227-153-4.plesk.page\/hr\/wp-json\/wp\/v2\/product_cat?post=741733"},{"taxonomy":"product_tag","embeddable":true,"href":"https:\/\/stoic-curie.212-227-153-4.plesk.page\/hr\/wp-json\/wp\/v2\/product_tag?post=741733"}],"curies":[{"name":"wp","href":"https:\/\/api.w.org\/{rel}","templated":true}]}}