{"id":741734,"date":"2025-03-03T18:17:11","date_gmt":"2025-03-03T17:17:11","guid":{"rendered":"https:\/\/stoic-curie.212-227-153-4.plesk.page\/producto\/balon-za-podvodno-podizanje-1000kg\/"},"modified":"2026-02-25T00:00:55","modified_gmt":"2026-02-25T00:00:55","slug":"balon-za-podvodno-podizanje-1000kg","status":"publish","type":"product","link":"https:\/\/stoic-curie.212-227-153-4.plesk.page\/hr\/product\/balon-za-podvodno-podizanje-1000kg\/","title":{"rendered":"Balon za podvodno podizanje 1000kg"},"content":{"rendered":"<p>Balon za podvodno podizanje 1000kg &#8211; <\/p>\n<p style=\"color: rgb(34, 34, 34); font-family: Arial, Helvetica, sans-serif; font-size: small;\">Balon za podvodno dizanje je pouzdan i u\u010dinkovit alat za istra\u017eivanje podvodnog svijeta. Nudimo raznolike kapacitete dizanja, od 30 kg do 2500 kg, \u0161to ga \u010dini idealnim izborom za ronioce koji trebaju transportirati te\u0161ke opreme ili predmete. Proizveden u \u0160panjolskoj, ovaj balon je izra\u0111en od vrhunskih materijala kako bi osigurao dugotrajnost i dug \u017eivotni vijek. Njegov dizajn omogu\u0107ava jednostavno punjenje i pra\u017enjenje, \u0161to pojednostavljuje skladi\u0161tenje i transport, a time pobolj\u0161ava va\u0161e iskustvo ronjenja.<\/p>\n<p style=\"color: rgb(34, 34, 34); font-family: Arial, Helvetica, sans-serif; font-size: small;\">Ovaj balon opremljen je prstenovima izra\u0111enim od \u010dvrste pocin\u010dane \u010delika i konstruiran je od PVC HD laminiranog materijala uz upotrebu tehnika visokofrekventnog zavarivanja. Uklju\u010duje ventil za punjenje i superiorni ventil za pra\u017enjenje radi dodatne prakti\u010dnosti.<\/p>\n<p style=\"color: rgb(34, 34, 34); font-family: Arial, Helvetica, sans-serif; font-size: small;\">Iskusite neusporedivu snagu i pouzdanost s na\u0161im balonima za podvodno dizanje. Specijalno dizajnirani za profesionalne ronioce i podvodne aplikacije, ovi baloni za dizanje visokih performansi nude iznimnu snagu, trajnost i lako\u0107u kori\u0161tenja. Bilo da oporavljate potopljene predmete ili sudjelujete u podvodnoj gradnji, ovi baloni za dizanje su savr\u0161eno rje\u0161enje za va\u0161e potrebe podizanja te\u017eih tereta.<\/p>\n<p style=\"color: rgb(34, 34, 34); font-family: Arial, Helvetica, sans-serif; font-size: small;\"><strong>Klju\u010dne zna\u010dajke:<\/strong><\/p>\n<ul style=\"color: rgb(34, 34, 34); font-family: Arial, Helvetica, sans-serif; font-size: small;\">\n<li><strong>Visok kapacitet dizanja:<\/strong>&nbsp;Dizajniran da pru\u017ei zna\u010dajan kapacitet dizanja, ovaj balon je posebno prikladan za va\u0111enje velikih ili te\u0161kih predmeta iz podvodnog okru\u017eenja. Njegova robusna konstrukcija osigurava da mo\u017ee bez problema podnijeti zna\u010dajne terete.<\/li>\n<li><strong>Izdr\u017eljiva konstrukcija:<\/strong>&nbsp;Izra\u0111en od materijala visoke kvalitete, ovaj balon za dizanje je dizajniran da izdr\u017ei te\u0161ke podvodne uvjete. Njegova oja\u010dana struktura jam\u010di dugotrajne performanse i pouzdanost, \u010dak i u izazovnim okru\u017eenjima.<\/li>\n<li><strong>Integrirani ventil za ispu\u0161tanje:<\/strong>&nbsp;Balon ima integrirani ventil za ispu\u0161tanje za preciznu kontrolu nad punjenjem i pra\u017enjenjem. Ovaj ventil omogu\u0107ava jednostavno pode\u0161avanje uzgona i snage dizanja, \u0161to osigurava sigurnu i u\u010dinkovitu upotrebu.<\/li>\n<li><strong>Jednostavno punjenje:<\/strong>&nbsp;Ovi baloni za dizanje su osmi\u0161ljeni za brzo i jednostavno punjenje. Mogu se brzo napuniti pomo\u0107u standardnog niskotla\u010dnog punja\u010da, \u0161to ih \u010dini prakti\u010dnima za razne podvodne zadatke.<\/li>\n<li><strong>Kompaktan i prenosiv:<\/strong>&nbsp;Unato\u010d impresivnom kapacitetu dizanja, balon ostaje kompaktan i lak za transport. Njegov lagani dizajn osigurava jednostavno no\u0161enje i skladi\u0161tenje, \u010dine\u0107i ga prakti\u010dnim alatom za ronioce u pokretu.<\/li>\n<li><strong>Sigurna mjesta za vezivanje:<\/strong>&nbsp;Balon za dizanje opremljen je s vi\u0161e sigurnih to\u010daka za vezivanje za fleksibilne opcije rigginga. Ove to\u010dke osiguravaju sigurne i \u010dvrste veze s podignutim predmetima.<\/li>\n<li><strong>Svijetla boja za vidljivost:<\/strong>&nbsp;Balon je dizajniran u svijetloj boji kako bi se pobolj\u0161ala vidljivost pod vodom. Ova zna\u010dajka osigurava da balon bude lako uo\u010dljiv roniteljima, pobolj\u0161avaju\u0107i sigurnost i koordinaciju tijekom operacija dizanja.<\/li>\n<\/ul>\n<p style=\"color: rgb(34, 34, 34); font-family: Arial, Helvetica, sans-serif; font-size: small;\">Ovaj balon za dizanje je savr\u0161eno rje\u0161enje za va\u0161e podvodne zadatke podizanja i oporavka. S visokim kapacitetom dizanja, izdr\u017eljivom konstrukcijom i korisnim zna\u010dajkama, osigurava pouzdanost i performanse koje su bitne za profesionalne podvodne operacije.<\/p>\n<p style=\"color: rgb(34, 34, 34); font-family: Arial, Helvetica, sans-serif; font-size: small;\"><strong>Specifikacije materijala:<\/strong><\/p>\n<ul style=\"color: rgb(34, 34, 34); font-family: Arial, Helvetica, sans-serif; font-size: small;\">\n<li>Bo\u010dna zavjesa Sattler 640 gr\/m\u00b2<\/li>\n<li>Jedan ventil za pra\u017enjenje<\/li>\n<li>Prstenovi od nehr\u0111aju\u0107eg \u010delika promjera 25 mm<\/li>\n<li>Plutaju\u0107i konop promjera 8 mm<\/li>\n<li>Karabiner od pocin\u010danog \u010delika promjera 6 mm<\/li>\n<\/ul>\n","protected":false},"excerpt":{"rendered":"<p>Balon za podvodno podizanje 1000kg &#8211; Balon za podvodno dizanje je pouzdan i u\u010dinkovit alat za istra\u017eivanje podvodnog svijeta. Nudimo<\/p>\n","protected":false},"featured_media":5942554,"comment_status":"open","ping_status":"closed","template":"","meta":[],"product_brand":[3491],"product_cat":[1844],"product_tag":[],"class_list":{"0":"post-741734","1":"product","2":"type-product","3":"status-publish","4":"has-post-thumbnail","6":"product_brand-trem-hr","7":"product_cat-oprema-za-ronjenje","9":"first","10":"instock","11":"shipping-taxable","12":"purchasable","13":"product-type-simple"},"_links":{"self":[{"href":"https:\/\/stoic-curie.212-227-153-4.plesk.page\/hr\/wp-json\/wp\/v2\/product\/741734","targetHints":{"allow":["GET"]}}],"collection":[{"href":"https:\/\/stoic-curie.212-227-153-4.plesk.page\/hr\/wp-json\/wp\/v2\/product"}],"about":[{"href":"https:\/\/stoic-curie.212-227-153-4.plesk.page\/hr\/wp-json\/wp\/v2\/types\/product"}],"replies":[{"embeddable":true,"href":"https:\/\/stoic-curie.212-227-153-4.plesk.page\/hr\/wp-json\/wp\/v2\/comments?post=741734"}],"version-history":[{"count":0,"href":"https:\/\/stoic-curie.212-227-153-4.plesk.page\/hr\/wp-json\/wp\/v2\/product\/741734\/revisions"}],"wp:featuredmedia":[{"embeddable":true,"href":"https:\/\/stoic-curie.212-227-153-4.plesk.page\/hr\/wp-json\/wp\/v2\/media\/5942554"}],"wp:attachment":[{"href":"https:\/\/stoic-curie.212-227-153-4.plesk.page\/hr\/wp-json\/wp\/v2\/media?parent=741734"}],"wp:term":[{"taxonomy":"product_brand","embeddable":true,"href":"https:\/\/stoic-curie.212-227-153-4.plesk.page\/hr\/wp-json\/wp\/v2\/product_brand?post=741734"},{"taxonomy":"product_cat","embeddable":true,"href":"https:\/\/stoic-curie.212-227-153-4.plesk.page\/hr\/wp-json\/wp\/v2\/product_cat?post=741734"},{"taxonomy":"product_tag","embeddable":true,"href":"https:\/\/stoic-curie.212-227-153-4.plesk.page\/hr\/wp-json\/wp\/v2\/product_tag?post=741734"}],"curies":[{"name":"wp","href":"https:\/\/api.w.org\/{rel}","templated":true}]}}