{"id":741738,"date":"2025-03-03T18:17:12","date_gmt":"2025-03-03T17:17:12","guid":{"rendered":"https:\/\/stoic-curie.212-227-153-4.plesk.page\/producto\/produzni-kabel-ip67-zenski-16-amp-i-muski-32-amp\/"},"modified":"2026-02-25T00:00:55","modified_gmt":"2026-02-25T00:00:55","slug":"produzni-kabel-ip67-zenski-16-amp-i-muski-32-amp","status":"publish","type":"product","link":"https:\/\/stoic-curie.212-227-153-4.plesk.page\/hr\/product\/produzni-kabel-ip67-zenski-16-amp-i-muski-32-amp\/","title":{"rendered":"Produ\u017eni kabel Ip67 (\u017eenski 16-amp i mu\u0161ki 32-amp)"},"content":{"rendered":"<p>Produ\u017eni kabel Ip67 (\u017eenski 16-amp i mu\u0161ki 32-amp) &#8211; <\/p>\n<p>Adapter produ\u017eni kabeli od 50 cm s IP67 vodootpornim CE uti\u010dnicama i utika\u010dima. 2106651: prilago\u0111ava obalne naponske kabele s 16A utika\u010dem na 32A obalnu uti\u010dnicu. 2106653: prilago\u0111ava obalne naponske kabele s 32A utika\u010dem na 16A obalnu uti\u010dnicu. Upozorenje: maksimalna dopu\u0161tena snaga za oba kabela je 16A &#8211; 240V &#8211; (3KW)<\/p>\n","protected":false},"excerpt":{"rendered":"<p>Produ\u017eni kabel Ip67 (\u017eenski 16-amp i mu\u0161ki 32-amp) &#8211; Adapter produ\u017eni kabeli od 50 cm s IP67 vodootpornim CE uti\u010dnicama<\/p>\n","protected":false},"featured_media":5942579,"comment_status":"open","ping_status":"closed","template":"","meta":[],"product_brand":[2167,2831],"product_cat":[1750],"product_tag":[],"class_list":{"0":"post-741738","1":"product","2":"type-product","3":"status-publish","4":"has-post-thumbnail","6":"product_brand-blue-sea-systems","7":"product_brand-blue-sea-systems-hr","8":"product_cat-marinco-utikaci","10":"first","11":"instock","12":"shipping-taxable","13":"purchasable","14":"product-type-simple"},"_links":{"self":[{"href":"https:\/\/stoic-curie.212-227-153-4.plesk.page\/hr\/wp-json\/wp\/v2\/product\/741738","targetHints":{"allow":["GET"]}}],"collection":[{"href":"https:\/\/stoic-curie.212-227-153-4.plesk.page\/hr\/wp-json\/wp\/v2\/product"}],"about":[{"href":"https:\/\/stoic-curie.212-227-153-4.plesk.page\/hr\/wp-json\/wp\/v2\/types\/product"}],"replies":[{"embeddable":true,"href":"https:\/\/stoic-curie.212-227-153-4.plesk.page\/hr\/wp-json\/wp\/v2\/comments?post=741738"}],"version-history":[{"count":0,"href":"https:\/\/stoic-curie.212-227-153-4.plesk.page\/hr\/wp-json\/wp\/v2\/product\/741738\/revisions"}],"wp:featuredmedia":[{"embeddable":true,"href":"https:\/\/stoic-curie.212-227-153-4.plesk.page\/hr\/wp-json\/wp\/v2\/media\/5942579"}],"wp:attachment":[{"href":"https:\/\/stoic-curie.212-227-153-4.plesk.page\/hr\/wp-json\/wp\/v2\/media?parent=741738"}],"wp:term":[{"taxonomy":"product_brand","embeddable":true,"href":"https:\/\/stoic-curie.212-227-153-4.plesk.page\/hr\/wp-json\/wp\/v2\/product_brand?post=741738"},{"taxonomy":"product_cat","embeddable":true,"href":"https:\/\/stoic-curie.212-227-153-4.plesk.page\/hr\/wp-json\/wp\/v2\/product_cat?post=741738"},{"taxonomy":"product_tag","embeddable":true,"href":"https:\/\/stoic-curie.212-227-153-4.plesk.page\/hr\/wp-json\/wp\/v2\/product_tag?post=741738"}],"curies":[{"name":"wp","href":"https:\/\/api.w.org\/{rel}","templated":true}]}}