{"id":741741,"date":"2025-03-03T18:17:12","date_gmt":"2025-03-03T17:17:12","guid":{"rendered":"https:\/\/stoic-curie.212-227-153-4.plesk.page\/producto\/marinco-kabel-za-napajanje-15mt-32amp\/"},"modified":"2026-02-25T00:00:55","modified_gmt":"2026-02-25T00:00:55","slug":"marinco-kabel-za-napajanje-15mt-32amp","status":"publish","type":"product","link":"https:\/\/stoic-curie.212-227-153-4.plesk.page\/hr\/product\/marinco-kabel-za-napajanje-15mt-32amp\/","title":{"rendered":"Marinco kabel za napajanje 15mt 32amp"},"content":{"rendered":"<p>Marinco kabel za napajanje 15mt 32amp &#8211; <\/p>\n<p>Upravlja\u010dki kabeli za obalu s Marinco uti\u010dnicom i CE IP67 utika\u010dem. Dolazi s za\u0161titnom kapicom.<\/p>\n","protected":false},"excerpt":{"rendered":"<p>Marinco kabel za napajanje 15mt 32amp &#8211; Upravlja\u010dki kabeli za obalu s Marinco uti\u010dnicom i CE IP67 utika\u010dem. Dolazi s<\/p>\n","protected":false},"featured_media":5942583,"comment_status":"open","ping_status":"closed","template":"","meta":[],"product_brand":[3106],"product_cat":[1750],"product_tag":[],"class_list":{"0":"post-741741","1":"product","2":"type-product","3":"status-publish","4":"has-post-thumbnail","6":"product_brand-marinco-hr","7":"product_cat-marinco-utikaci","9":"first","10":"instock","11":"shipping-taxable","12":"purchasable","13":"product-type-simple"},"_links":{"self":[{"href":"https:\/\/stoic-curie.212-227-153-4.plesk.page\/hr\/wp-json\/wp\/v2\/product\/741741","targetHints":{"allow":["GET"]}}],"collection":[{"href":"https:\/\/stoic-curie.212-227-153-4.plesk.page\/hr\/wp-json\/wp\/v2\/product"}],"about":[{"href":"https:\/\/stoic-curie.212-227-153-4.plesk.page\/hr\/wp-json\/wp\/v2\/types\/product"}],"replies":[{"embeddable":true,"href":"https:\/\/stoic-curie.212-227-153-4.plesk.page\/hr\/wp-json\/wp\/v2\/comments?post=741741"}],"version-history":[{"count":0,"href":"https:\/\/stoic-curie.212-227-153-4.plesk.page\/hr\/wp-json\/wp\/v2\/product\/741741\/revisions"}],"wp:featuredmedia":[{"embeddable":true,"href":"https:\/\/stoic-curie.212-227-153-4.plesk.page\/hr\/wp-json\/wp\/v2\/media\/5942583"}],"wp:attachment":[{"href":"https:\/\/stoic-curie.212-227-153-4.plesk.page\/hr\/wp-json\/wp\/v2\/media?parent=741741"}],"wp:term":[{"taxonomy":"product_brand","embeddable":true,"href":"https:\/\/stoic-curie.212-227-153-4.plesk.page\/hr\/wp-json\/wp\/v2\/product_brand?post=741741"},{"taxonomy":"product_cat","embeddable":true,"href":"https:\/\/stoic-curie.212-227-153-4.plesk.page\/hr\/wp-json\/wp\/v2\/product_cat?post=741741"},{"taxonomy":"product_tag","embeddable":true,"href":"https:\/\/stoic-curie.212-227-153-4.plesk.page\/hr\/wp-json\/wp\/v2\/product_tag?post=741741"}],"curies":[{"name":"wp","href":"https:\/\/api.w.org\/{rel}","templated":true}]}}