{"id":741743,"date":"2025-03-03T18:17:13","date_gmt":"2025-03-03T17:17:13","guid":{"rendered":"https:\/\/stoic-curie.212-227-153-4.plesk.page\/producto\/kit-quick-pramcani-potisnik-btq-185-65-dvostruki-12v\/"},"modified":"2026-02-25T00:00:55","modified_gmt":"2026-02-25T00:00:55","slug":"kit-quick-pramcani-potisnik-btq-185-65-dvostruki-12v","status":"publish","type":"product","link":"https:\/\/stoic-curie.212-227-153-4.plesk.page\/hr\/product\/kit-quick-pramcani-potisnik-btq-185-65-dvostruki-12v\/","title":{"rendered":"Kit Quick pram\u010dani potisnik BTQ 185-65 dvostruki 12V"},"content":{"rendered":"<p>Kit Quick pram\u010dani potisnik BTQ 185-65 dvostruki 12V &#8211; <\/p>\n<p style=\"color: rgb(34, 34, 34); font-family: Arial, Helvetica, sans-serif; font-size: small;\">Predstavljamo Potpuni Quick Bow Thruster Instalacijski Kompleti, dizajniran za jednostavno postavljanje i optimalne performanse. Ovaj komplet sadr\u017ei robusno za\u0161titno ku\u0107i\u0161te od kompozitnog materijala, izdr\u017eljivu bron\u010danu mjenja\u010d i elasti\u010dnu spojnicu za ve\u0107u pouzdanost. Komponente uklju\u010dene u komplet su sljede\u0107e:<\/p>\n<ul style=\"color: rgb(34, 34, 34); font-family: Arial, Helvetica, sans-serif; font-size: small;\">\n<li>Duljina tunela: 75 cm (za BTQ 125\/140) ili 100 cm (za BTQ 185)<\/li>\n<li>Plo\u010de za upravljanje: dodirna plo\u010da TCD1022 (za BTQ 125\/140) ili joystick panel TCD1042 (za BTQ 185)<\/li>\n<li>Elektri\u010dni kabeli: 6 m (za BTQ 125\/140) ili 12 m (za BTQ 185)<\/li>\n<li>Osigura\u010d i dr\u017ea\u010d osigura\u010da<\/li>\n<\/ul>\n<p style=\"color: rgb(34, 34, 34); font-family: Arial, Helvetica, sans-serif; font-size: small;\">Quick BTQ 185-65 12V DC propeller se preporu\u010duje za \u010damce du\u017eine od 8 do 15 metara (26 do 49 stopa). Ovaj model ima dva kontrarotiraju\u0107a propelera napravljena od \u010dvrstog kompozitnog materijala, bron\u010danu transmisiju i za\u0161titno ku\u0107i\u0161te napravljeno od istog dugotrajnog kompozita. Opremljen je elasti\u010dnom spojnicom i uklju\u010duje cinkovu anodu koja je neovisna od transmisije, \u0161to omogu\u0107ava lako zamjenjivanje.<\/p>\n<p style=\"color: rgb(34, 34, 34); font-family: Arial, Helvetica, sans-serif; font-size: small;\">Tehni\u010dke specifikacije:<\/p>\n<ul style=\"color: rgb(34, 34, 34); font-family: Arial, Helvetica, sans-serif; font-size: small;\">\n<li>Model: BTQ 185-65 (12V)<\/li>\n<li>Tip propelera: Dva kontrarotiraju\u0107a<\/li>\n<li>Promjer tunela: 185 mm (7&#8243; 18\/64)<\/li>\n<li>Snaga motora: 3,3 kW<\/li>\n<li>Napon: 12V<\/li>\n<li>Ocjena osigura\u010da: 275A CNL DIN<\/li>\n<li>Potisak: 65 kgf (143,3 lb)<\/li>\n<li>Peso: 17,6 kg (38,8 lb)<\/li>\n<\/ul>\n<p style=\"color: rgb(34, 34, 34); font-family: Arial, Helvetica, sans-serif; font-size: small;\">Ovaj sveobuhvatni komplet osigurava da imate sve \u0161to vam je potrebno za uspje\u0161nu instalaciju, pru\u017eaju\u0107i vam povjerenje i performanse potrebne za va\u0161a pomorska putovanja.<\/p>\n","protected":false},"excerpt":{"rendered":"<p>Kit Quick pram\u010dani potisnik BTQ 185-65 dvostruki 12V &#8211; Predstavljamo Potpuni Quick Bow Thruster Instalacijski Kompleti, dizajniran za jednostavno postavljanje<\/p>\n","protected":false},"featured_media":5941977,"comment_status":"open","ping_status":"closed","template":"","meta":[],"product_brand":[3281],"product_cat":[1610],"product_tag":[],"class_list":{"0":"post-741743","1":"product","2":"type-product","3":"status-publish","4":"has-post-thumbnail","6":"product_brand-quick-hr","7":"product_cat-pramcani-potisnici-quick","9":"first","10":"outofstock","11":"shipping-taxable","12":"purchasable","13":"product-type-simple"},"_links":{"self":[{"href":"https:\/\/stoic-curie.212-227-153-4.plesk.page\/hr\/wp-json\/wp\/v2\/product\/741743","targetHints":{"allow":["GET"]}}],"collection":[{"href":"https:\/\/stoic-curie.212-227-153-4.plesk.page\/hr\/wp-json\/wp\/v2\/product"}],"about":[{"href":"https:\/\/stoic-curie.212-227-153-4.plesk.page\/hr\/wp-json\/wp\/v2\/types\/product"}],"replies":[{"embeddable":true,"href":"https:\/\/stoic-curie.212-227-153-4.plesk.page\/hr\/wp-json\/wp\/v2\/comments?post=741743"}],"version-history":[{"count":0,"href":"https:\/\/stoic-curie.212-227-153-4.plesk.page\/hr\/wp-json\/wp\/v2\/product\/741743\/revisions"}],"wp:featuredmedia":[{"embeddable":true,"href":"https:\/\/stoic-curie.212-227-153-4.plesk.page\/hr\/wp-json\/wp\/v2\/media\/5941977"}],"wp:attachment":[{"href":"https:\/\/stoic-curie.212-227-153-4.plesk.page\/hr\/wp-json\/wp\/v2\/media?parent=741743"}],"wp:term":[{"taxonomy":"product_brand","embeddable":true,"href":"https:\/\/stoic-curie.212-227-153-4.plesk.page\/hr\/wp-json\/wp\/v2\/product_brand?post=741743"},{"taxonomy":"product_cat","embeddable":true,"href":"https:\/\/stoic-curie.212-227-153-4.plesk.page\/hr\/wp-json\/wp\/v2\/product_cat?post=741743"},{"taxonomy":"product_tag","embeddable":true,"href":"https:\/\/stoic-curie.212-227-153-4.plesk.page\/hr\/wp-json\/wp\/v2\/product_tag?post=741743"}],"curies":[{"name":"wp","href":"https:\/\/api.w.org\/{rel}","templated":true}]}}