{"id":741745,"date":"2025-03-03T18:17:13","date_gmt":"2025-03-03T17:17:13","guid":{"rendered":"https:\/\/stoic-curie.212-227-153-4.plesk.page\/producto\/pumpa-visokog-tlaka-vode-colflo-midi-11-11-litara-u-minuti-12-v\/"},"modified":"2026-02-25T00:00:55","modified_gmt":"2026-02-25T00:00:55","slug":"pumpa-visokog-tlaka-vode-colflo-midi-11-11-litara-u-minuti-12-v","status":"publish","type":"product","link":"https:\/\/stoic-curie.212-227-153-4.plesk.page\/hr\/product\/pumpa-visokog-tlaka-vode-colflo-midi-11-11-litara-u-minuti-12-v\/","title":{"rendered":"Pumpa visokog tlaka vode Colflo Midi-11 (11 litara u minuti) 12 V"},"content":{"rendered":"<p>Pumpa visokog tlaka vode Colflo Midi-11 (11 litara u minuti) 12 V &#8211; <\/p>\n<p>Samousisne ColFlo svje\u017ee vodene pumpe s membranom za sudopere i tu\u0161eve, do 2,7 metara, za 1 do 3 ure\u0111aja. U kompletu s mre\u017eicom, 3\/4&#8243; navojnim spojnicama i 14 mm spojnicama cijev-hose.<\/p>\n","protected":false},"excerpt":{"rendered":"<p>Pumpa visokog tlaka vode Colflo Midi-11 (11 litara u minuti) 12 V &#8211; Samousisne ColFlo svje\u017ee vodene pumpe s membranom<\/p>\n","protected":false},"featured_media":5942611,"comment_status":"open","ping_status":"closed","template":"","meta":[],"product_brand":[3326],"product_cat":[1660],"product_tag":[],"class_list":{"0":"post-741745","1":"product","2":"type-product","3":"status-publish","4":"has-post-thumbnail","6":"product_brand-rule-hr","7":"product_cat-pumpe-za-tlak-vode","9":"first","10":"instock","11":"shipping-taxable","12":"purchasable","13":"product-type-simple"},"_links":{"self":[{"href":"https:\/\/stoic-curie.212-227-153-4.plesk.page\/hr\/wp-json\/wp\/v2\/product\/741745","targetHints":{"allow":["GET"]}}],"collection":[{"href":"https:\/\/stoic-curie.212-227-153-4.plesk.page\/hr\/wp-json\/wp\/v2\/product"}],"about":[{"href":"https:\/\/stoic-curie.212-227-153-4.plesk.page\/hr\/wp-json\/wp\/v2\/types\/product"}],"replies":[{"embeddable":true,"href":"https:\/\/stoic-curie.212-227-153-4.plesk.page\/hr\/wp-json\/wp\/v2\/comments?post=741745"}],"version-history":[{"count":0,"href":"https:\/\/stoic-curie.212-227-153-4.plesk.page\/hr\/wp-json\/wp\/v2\/product\/741745\/revisions"}],"wp:featuredmedia":[{"embeddable":true,"href":"https:\/\/stoic-curie.212-227-153-4.plesk.page\/hr\/wp-json\/wp\/v2\/media\/5942611"}],"wp:attachment":[{"href":"https:\/\/stoic-curie.212-227-153-4.plesk.page\/hr\/wp-json\/wp\/v2\/media?parent=741745"}],"wp:term":[{"taxonomy":"product_brand","embeddable":true,"href":"https:\/\/stoic-curie.212-227-153-4.plesk.page\/hr\/wp-json\/wp\/v2\/product_brand?post=741745"},{"taxonomy":"product_cat","embeddable":true,"href":"https:\/\/stoic-curie.212-227-153-4.plesk.page\/hr\/wp-json\/wp\/v2\/product_cat?post=741745"},{"taxonomy":"product_tag","embeddable":true,"href":"https:\/\/stoic-curie.212-227-153-4.plesk.page\/hr\/wp-json\/wp\/v2\/product_tag?post=741745"}],"curies":[{"name":"wp","href":"https:\/\/api.w.org\/{rel}","templated":true}]}}