{"id":741746,"date":"2025-03-03T18:17:14","date_gmt":"2025-03-03T17:17:14","guid":{"rendered":"https:\/\/stoic-curie.212-227-153-4.plesk.page\/producto\/pumpa-visokog-tlaka-vode-colflo-midi-11-11-litara-u-minuti-24-v\/"},"modified":"2026-02-25T00:00:55","modified_gmt":"2026-02-25T00:00:55","slug":"pumpa-visokog-tlaka-vode-colflo-midi-11-11-litara-u-minuti-24-v","status":"publish","type":"product","link":"https:\/\/stoic-curie.212-227-153-4.plesk.page\/hr\/product\/pumpa-visokog-tlaka-vode-colflo-midi-11-11-litara-u-minuti-24-v\/","title":{"rendered":"Pumpa visokog tlaka vode Colflo Midi-11 (11 litara u minuti) 24 V"},"content":{"rendered":"<p>Pumpa visokog tlaka vode Colflo Midi-11 (11 litara u minuti) 24 V &#8211; <\/p>\n<p>Samousisne ColFlo crpke za slatku vodu s membranom do 2,7 metara za umivaonike i tu\u0161eve, za 1 do 3 korisni\u010dke to\u010dke. U kompletu s filtrom, navojnim spojnicama od 3\/4&#8243; i spojnicama cijev-za-crijevo od 14 mm.<\/p>\n","protected":false},"excerpt":{"rendered":"<p>Pumpa visokog tlaka vode Colflo Midi-11 (11 litara u minuti) 24 V &#8211; Samousisne ColFlo crpke za slatku vodu s<\/p>\n","protected":false},"featured_media":5942611,"comment_status":"open","ping_status":"closed","template":"","meta":[],"product_brand":[3326],"product_cat":[1660],"product_tag":[],"class_list":{"0":"post-741746","1":"product","2":"type-product","3":"status-publish","4":"has-post-thumbnail","6":"product_brand-rule-hr","7":"product_cat-pumpe-za-tlak-vode","9":"first","10":"instock","11":"shipping-taxable","12":"purchasable","13":"product-type-simple"},"_links":{"self":[{"href":"https:\/\/stoic-curie.212-227-153-4.plesk.page\/hr\/wp-json\/wp\/v2\/product\/741746","targetHints":{"allow":["GET"]}}],"collection":[{"href":"https:\/\/stoic-curie.212-227-153-4.plesk.page\/hr\/wp-json\/wp\/v2\/product"}],"about":[{"href":"https:\/\/stoic-curie.212-227-153-4.plesk.page\/hr\/wp-json\/wp\/v2\/types\/product"}],"replies":[{"embeddable":true,"href":"https:\/\/stoic-curie.212-227-153-4.plesk.page\/hr\/wp-json\/wp\/v2\/comments?post=741746"}],"version-history":[{"count":0,"href":"https:\/\/stoic-curie.212-227-153-4.plesk.page\/hr\/wp-json\/wp\/v2\/product\/741746\/revisions"}],"wp:featuredmedia":[{"embeddable":true,"href":"https:\/\/stoic-curie.212-227-153-4.plesk.page\/hr\/wp-json\/wp\/v2\/media\/5942611"}],"wp:attachment":[{"href":"https:\/\/stoic-curie.212-227-153-4.plesk.page\/hr\/wp-json\/wp\/v2\/media?parent=741746"}],"wp:term":[{"taxonomy":"product_brand","embeddable":true,"href":"https:\/\/stoic-curie.212-227-153-4.plesk.page\/hr\/wp-json\/wp\/v2\/product_brand?post=741746"},{"taxonomy":"product_cat","embeddable":true,"href":"https:\/\/stoic-curie.212-227-153-4.plesk.page\/hr\/wp-json\/wp\/v2\/product_cat?post=741746"},{"taxonomy":"product_tag","embeddable":true,"href":"https:\/\/stoic-curie.212-227-153-4.plesk.page\/hr\/wp-json\/wp\/v2\/product_tag?post=741746"}],"curies":[{"name":"wp","href":"https:\/\/api.w.org\/{rel}","templated":true}]}}