{"id":741750,"date":"2025-03-03T18:17:15","date_gmt":"2025-03-03T17:17:15","guid":{"rendered":"https:\/\/stoic-curie.212-227-153-4.plesk.page\/producto\/elektricni-wc-ocean-evolution-comfort-24-u\/"},"modified":"2026-02-25T00:00:56","modified_gmt":"2026-02-25T00:00:56","slug":"elektricni-wc-ocean-evolution-comfort-24-u","status":"publish","type":"product","link":"https:\/\/stoic-curie.212-227-153-4.plesk.page\/hr\/product\/elektricni-wc-ocean-evolution-comfort-24-u\/","title":{"rendered":"Elektricni WC Ocean Evolution Comfort 24 u"},"content":{"rendered":"<p>Elektricni WC Ocean Evolution Comfort 24 u &#8211; <\/p>\n<p>Ocean Evolution elektri\u010dni WC: <br \/>\u2022 Minimalna potro\u0161nja vode<br \/>\u2022 Maksimalna ti\u0161ina<br \/>\u2022 Automatska kontrola ulaz\/izlaz vode<br \/>\u2022 Kombinirani pumpni sustav za odvodnju otpada do 4 metra visine i 40 metara udaljenosti<br \/>\u2022 Kontrolna plo\u010da<br \/>\u2022 Mekani zavesa za sjedi\u0161te<br \/>\u2022 Otpornija podloga i materijali otporni na koroziju<br \/>\u2022 Povratna ventil<br \/>\u2022 Monta\u017ea pumpe mo\u017ee se okrenuti lijevo ili desno<br \/>Mo\u017ee se montirati iznad ili ispod razine vode.<br \/>Ispu\u0161tanje se vr\u0161i pomo\u0107u rotiraju\u0107e veze od 360\u00b0 od 38 mm (1&#8243;1\/2), podesivo na 25 mm (1&#8243;).<br \/>Promjer optere\u0107enja 19 mm.<\/p>\n","protected":false},"excerpt":{"rendered":"<p>Elektricni WC Ocean Evolution Comfort 24 u &#8211; Ocean Evolution elektri\u010dni WC: \u2022 Minimalna potro\u0161nja vode\u2022 Maksimalna ti\u0161ina\u2022 Automatska kontrola<\/p>\n","protected":false},"featured_media":5942613,"comment_status":"open","ping_status":"closed","template":"","meta":[],"product_brand":[3141],"product_cat":[1675],"product_tag":[],"class_list":{"0":"post-741750","1":"product","2":"type-product","3":"status-publish","4":"has-post-thumbnail","6":"product_brand-matromarine-hr","7":"product_cat-brodski-wc","9":"first","10":"instock","11":"shipping-taxable","12":"purchasable","13":"product-type-simple"},"_links":{"self":[{"href":"https:\/\/stoic-curie.212-227-153-4.plesk.page\/hr\/wp-json\/wp\/v2\/product\/741750","targetHints":{"allow":["GET"]}}],"collection":[{"href":"https:\/\/stoic-curie.212-227-153-4.plesk.page\/hr\/wp-json\/wp\/v2\/product"}],"about":[{"href":"https:\/\/stoic-curie.212-227-153-4.plesk.page\/hr\/wp-json\/wp\/v2\/types\/product"}],"replies":[{"embeddable":true,"href":"https:\/\/stoic-curie.212-227-153-4.plesk.page\/hr\/wp-json\/wp\/v2\/comments?post=741750"}],"version-history":[{"count":0,"href":"https:\/\/stoic-curie.212-227-153-4.plesk.page\/hr\/wp-json\/wp\/v2\/product\/741750\/revisions"}],"wp:featuredmedia":[{"embeddable":true,"href":"https:\/\/stoic-curie.212-227-153-4.plesk.page\/hr\/wp-json\/wp\/v2\/media\/5942613"}],"wp:attachment":[{"href":"https:\/\/stoic-curie.212-227-153-4.plesk.page\/hr\/wp-json\/wp\/v2\/media?parent=741750"}],"wp:term":[{"taxonomy":"product_brand","embeddable":true,"href":"https:\/\/stoic-curie.212-227-153-4.plesk.page\/hr\/wp-json\/wp\/v2\/product_brand?post=741750"},{"taxonomy":"product_cat","embeddable":true,"href":"https:\/\/stoic-curie.212-227-153-4.plesk.page\/hr\/wp-json\/wp\/v2\/product_cat?post=741750"},{"taxonomy":"product_tag","embeddable":true,"href":"https:\/\/stoic-curie.212-227-153-4.plesk.page\/hr\/wp-json\/wp\/v2\/product_tag?post=741750"}],"curies":[{"name":"wp","href":"https:\/\/api.w.org\/{rel}","templated":true}]}}