{"id":741751,"date":"2025-03-03T18:17:15","date_gmt":"2025-03-03T17:17:15","guid":{"rendered":"https:\/\/stoic-curie.212-227-153-4.plesk.page\/producto\/ocean-evolution-elektricni-kit-za-pretvaranje-rucnih-wc-a-u-24v-elektricne-toalete\/"},"modified":"2026-02-25T00:00:56","modified_gmt":"2026-02-25T00:00:56","slug":"ocean-evolution-elektricni-kit-za-pretvaranje-rucnih-wc-a-u-24v-elektricne-toalete","status":"publish","type":"product","link":"https:\/\/stoic-curie.212-227-153-4.plesk.page\/hr\/product\/ocean-evolution-elektricni-kit-za-pretvaranje-rucnih-wc-a-u-24v-elektricne-toalete\/","title":{"rendered":"Ocean Evolution elektricni kit za pretvaranje rucnih WC-a u 24V elektricne toalete"},"content":{"rendered":"<p>Ocean Evolution elektricni kit za pretvaranje rucnih WC-a u 24V elektricne toalete &#8211; <\/p>\n<p>Elektri\u010dni kit koji se koristi za pretvaranje ru\u010dnog WC-a u elektri\u010dni WC tipa Evolution. Lako se instalira, zamjenjuje ru\u010dnu pumpu. Opremljen novom generacijom tihi pumpom s smanjenom potro\u0161njom vode. Prilago\u0111ava se svakom WC-u s pri\u010dvr\u0161\u0107ivanjem na 4 vijka i me\u0111uprostorom kota\u010da od 95 mm, kao Ocean\/TMC\/Jabsco\/Raritan\/RM69\/Johnson\/Thetford\/Lalizas. Upravlja\u010dka veza ispusta 360\u00b0.<\/p>\n","protected":false},"excerpt":{"rendered":"<p>Ocean Evolution elektricni kit za pretvaranje rucnih WC-a u 24V elektricne toalete &#8211; Elektri\u010dni kit koji se koristi za pretvaranje<\/p>\n","protected":false},"featured_media":5942614,"comment_status":"open","ping_status":"closed","template":"","meta":[],"product_brand":[3141],"product_cat":[1675],"product_tag":[],"class_list":{"0":"post-741751","1":"product","2":"type-product","3":"status-publish","4":"has-post-thumbnail","6":"product_brand-matromarine-hr","7":"product_cat-brodski-wc","9":"first","10":"instock","11":"shipping-taxable","12":"purchasable","13":"product-type-simple"},"_links":{"self":[{"href":"https:\/\/stoic-curie.212-227-153-4.plesk.page\/hr\/wp-json\/wp\/v2\/product\/741751","targetHints":{"allow":["GET"]}}],"collection":[{"href":"https:\/\/stoic-curie.212-227-153-4.plesk.page\/hr\/wp-json\/wp\/v2\/product"}],"about":[{"href":"https:\/\/stoic-curie.212-227-153-4.plesk.page\/hr\/wp-json\/wp\/v2\/types\/product"}],"replies":[{"embeddable":true,"href":"https:\/\/stoic-curie.212-227-153-4.plesk.page\/hr\/wp-json\/wp\/v2\/comments?post=741751"}],"version-history":[{"count":0,"href":"https:\/\/stoic-curie.212-227-153-4.plesk.page\/hr\/wp-json\/wp\/v2\/product\/741751\/revisions"}],"wp:featuredmedia":[{"embeddable":true,"href":"https:\/\/stoic-curie.212-227-153-4.plesk.page\/hr\/wp-json\/wp\/v2\/media\/5942614"}],"wp:attachment":[{"href":"https:\/\/stoic-curie.212-227-153-4.plesk.page\/hr\/wp-json\/wp\/v2\/media?parent=741751"}],"wp:term":[{"taxonomy":"product_brand","embeddable":true,"href":"https:\/\/stoic-curie.212-227-153-4.plesk.page\/hr\/wp-json\/wp\/v2\/product_brand?post=741751"},{"taxonomy":"product_cat","embeddable":true,"href":"https:\/\/stoic-curie.212-227-153-4.plesk.page\/hr\/wp-json\/wp\/v2\/product_cat?post=741751"},{"taxonomy":"product_tag","embeddable":true,"href":"https:\/\/stoic-curie.212-227-153-4.plesk.page\/hr\/wp-json\/wp\/v2\/product_tag?post=741751"}],"curies":[{"name":"wp","href":"https:\/\/api.w.org\/{rel}","templated":true}]}}