{"id":741753,"date":"2025-03-03T18:17:16","date_gmt":"2025-03-03T17:17:16","guid":{"rendered":"https:\/\/stoic-curie.212-227-153-4.plesk.page\/producto\/membranska-pumpa-ocean-24-u-20-l\/"},"modified":"2026-02-25T00:00:56","modified_gmt":"2026-02-25T00:00:56","slug":"membranska-pumpa-ocean-24-u-20-l","status":"publish","type":"product","link":"https:\/\/stoic-curie.212-227-153-4.plesk.page\/hr\/product\/membranska-pumpa-ocean-24-u-20-l\/","title":{"rendered":"Membranska pumpa Ocean 24 u 20 L"},"content":{"rendered":"<p>Membranska pumpa Ocean 24 u 20 L &#8211; <\/p>\n<p>Ocean dijafragmatska pumpa samo primanja do 3m visine s dvostrukim nepovratnim ventilom. Zahvaljuju\u0107i svom kompaktnom dizajnu i 360\u00b0 rotiraju\u0107oj glavi, savr\u0161ena je za odvod tu\u0161a ili sudopera te za op\u0107e primjene sive vode. Tiho radi, mo\u017ee raditi suho i ne zahtijeva filter. Dostupni modeli: ravni ili kutni za uske prostore.<\/p>\n","protected":false},"excerpt":{"rendered":"<p>Membranska pumpa Ocean 24 u 20 L &#8211; Ocean dijafragmatska pumpa samo primanja do 3m visine s dvostrukim nepovratnim ventilom.<\/p>\n","protected":false},"featured_media":5942212,"comment_status":"open","ping_status":"closed","template":"","meta":[],"product_brand":[3141],"product_cat":[1672,1671,1656],"product_tag":[],"class_list":{"0":"post-741753","1":"product","2":"type-product","3":"status-publish","4":"has-post-thumbnail","6":"product_brand-matromarine-hr","7":"product_cat-brodske-pumpe-za-otpadne-vode","8":"product_cat-cirkulacijske-crpke","9":"product_cat-sustavi-sive-vode","11":"first","12":"instock","13":"shipping-taxable","14":"purchasable","15":"product-type-simple"},"_links":{"self":[{"href":"https:\/\/stoic-curie.212-227-153-4.plesk.page\/hr\/wp-json\/wp\/v2\/product\/741753","targetHints":{"allow":["GET"]}}],"collection":[{"href":"https:\/\/stoic-curie.212-227-153-4.plesk.page\/hr\/wp-json\/wp\/v2\/product"}],"about":[{"href":"https:\/\/stoic-curie.212-227-153-4.plesk.page\/hr\/wp-json\/wp\/v2\/types\/product"}],"replies":[{"embeddable":true,"href":"https:\/\/stoic-curie.212-227-153-4.plesk.page\/hr\/wp-json\/wp\/v2\/comments?post=741753"}],"version-history":[{"count":0,"href":"https:\/\/stoic-curie.212-227-153-4.plesk.page\/hr\/wp-json\/wp\/v2\/product\/741753\/revisions"}],"wp:featuredmedia":[{"embeddable":true,"href":"https:\/\/stoic-curie.212-227-153-4.plesk.page\/hr\/wp-json\/wp\/v2\/media\/5942212"}],"wp:attachment":[{"href":"https:\/\/stoic-curie.212-227-153-4.plesk.page\/hr\/wp-json\/wp\/v2\/media?parent=741753"}],"wp:term":[{"taxonomy":"product_brand","embeddable":true,"href":"https:\/\/stoic-curie.212-227-153-4.plesk.page\/hr\/wp-json\/wp\/v2\/product_brand?post=741753"},{"taxonomy":"product_cat","embeddable":true,"href":"https:\/\/stoic-curie.212-227-153-4.plesk.page\/hr\/wp-json\/wp\/v2\/product_cat?post=741753"},{"taxonomy":"product_tag","embeddable":true,"href":"https:\/\/stoic-curie.212-227-153-4.plesk.page\/hr\/wp-json\/wp\/v2\/product_tag?post=741753"}],"curies":[{"name":"wp","href":"https:\/\/api.w.org\/{rel}","templated":true}]}}