{"id":741754,"date":"2025-03-03T18:17:16","date_gmt":"2025-03-03T17:17:16","guid":{"rendered":"https:\/\/stoic-curie.212-227-153-4.plesk.page\/producto\/stakloplasticna-vhf-antena-glomex-ra106-09-mt\/"},"modified":"2026-02-25T00:00:56","modified_gmt":"2026-02-25T00:00:56","slug":"stakloplasticna-vhf-antena-glomex-ra106-09-mt","status":"publish","type":"product","link":"https:\/\/stoic-curie.212-227-153-4.plesk.page\/hr\/product\/stakloplasticna-vhf-antena-glomex-ra106-09-mt\/","title":{"rendered":"Stakloplasti\u010dna VHF Antena Glomex RA106 0,9 mt"},"content":{"rendered":"<p>Stakloplasti\u010dna VHF Antena Glomex RA106 0,9 mt &#8211; <\/p>\n<p>UV-otporn fleksibilni VHF RA106 FME antena od staklenih vlakana ili nehr\u0111aju\u0107eg \u010delika za sve vrste brodova. FME konektor omogu\u0107uje brzu i jednostavnu instalaciju zahvaljuju\u0107i priklju\u010denim kabelima i adapterima. Navojna baza 5\/8&#8243; x 24. 100W \/ 3db \/ 156\/162 MHz \/ 50 Ohm. Visina: 0,9 m. S adapterom antena se mo\u017ee montirati na navojne baze 1&#8243; x 14. Konektor omogu\u0107uje povezivanje FME navoja s PL258 koaksijalnom vezom.<\/p>\n","protected":false},"excerpt":{"rendered":"<p>Stakloplasti\u010dna VHF Antena Glomex RA106 0,9 mt &#8211; UV-otporn fleksibilni VHF RA106 FME antena od staklenih vlakana ili nehr\u0111aju\u0107eg \u010delika<\/p>\n","protected":false},"featured_media":5942620,"comment_status":"open","ping_status":"closed","template":"","meta":[],"product_brand":[2279,2981],"product_cat":[1753],"product_tag":[],"class_list":{"0":"post-741754","1":"product","2":"type-product","3":"status-publish","4":"has-post-thumbnail","6":"product_brand-glomex","7":"product_brand-glomex-hr","8":"product_cat-vhf-antene","10":"first","11":"instock","12":"shipping-taxable","13":"purchasable","14":"product-type-simple"},"_links":{"self":[{"href":"https:\/\/stoic-curie.212-227-153-4.plesk.page\/hr\/wp-json\/wp\/v2\/product\/741754","targetHints":{"allow":["GET"]}}],"collection":[{"href":"https:\/\/stoic-curie.212-227-153-4.plesk.page\/hr\/wp-json\/wp\/v2\/product"}],"about":[{"href":"https:\/\/stoic-curie.212-227-153-4.plesk.page\/hr\/wp-json\/wp\/v2\/types\/product"}],"replies":[{"embeddable":true,"href":"https:\/\/stoic-curie.212-227-153-4.plesk.page\/hr\/wp-json\/wp\/v2\/comments?post=741754"}],"version-history":[{"count":0,"href":"https:\/\/stoic-curie.212-227-153-4.plesk.page\/hr\/wp-json\/wp\/v2\/product\/741754\/revisions"}],"wp:featuredmedia":[{"embeddable":true,"href":"https:\/\/stoic-curie.212-227-153-4.plesk.page\/hr\/wp-json\/wp\/v2\/media\/5942620"}],"wp:attachment":[{"href":"https:\/\/stoic-curie.212-227-153-4.plesk.page\/hr\/wp-json\/wp\/v2\/media?parent=741754"}],"wp:term":[{"taxonomy":"product_brand","embeddable":true,"href":"https:\/\/stoic-curie.212-227-153-4.plesk.page\/hr\/wp-json\/wp\/v2\/product_brand?post=741754"},{"taxonomy":"product_cat","embeddable":true,"href":"https:\/\/stoic-curie.212-227-153-4.plesk.page\/hr\/wp-json\/wp\/v2\/product_cat?post=741754"},{"taxonomy":"product_tag","embeddable":true,"href":"https:\/\/stoic-curie.212-227-153-4.plesk.page\/hr\/wp-json\/wp\/v2\/product_tag?post=741754"}],"curies":[{"name":"wp","href":"https:\/\/api.w.org\/{rel}","templated":true}]}}