{"id":741755,"date":"2025-03-03T18:17:16","date_gmt":"2025-03-03T17:17:16","guid":{"rendered":"https:\/\/stoic-curie.212-227-153-4.plesk.page\/producto\/glomex-ra106sls-stainless-vhf-antena-1-2mt\/"},"modified":"2026-02-25T00:00:56","modified_gmt":"2026-02-25T00:00:56","slug":"glomex-ra106sls-stainless-vhf-antena-1-2mt","status":"publish","type":"product","link":"https:\/\/stoic-curie.212-227-153-4.plesk.page\/hr\/product\/glomex-ra106sls-stainless-vhf-antena-1-2mt\/","title":{"rendered":"Glomex Ra106sls Stainless VHF antena 1.2mt"},"content":{"rendered":"<p>Glomex Ra106sls Stainless VHF antena 1.2mt &#8211; <\/p>\n<p>UV-otporna fleksibilna VHF RA106 FME antena od stakloplastike ili nehr\u0111aju\u0107eg \u010delika za sve vrste \u010damaca. FME konektor omogu\u0107uje brzu i jednostavnu instalaciju zahvaljuju\u0107i priklju\u010denim kabelima i adapterima. Navojna osnova 5\/8&#8243; x 24, 100W \/ 3dB \/ 156\/162 MHz \/ 50 Ohm. Visina: 0,9 m. S adapterom, antena se mo\u017ee montirati na navojne osnove 1&#8243; x 14. Konektor omogu\u0107uje povezivanje FME navoja s PL258 koaksijalnom vezom.<\/p>\n","protected":false},"excerpt":{"rendered":"<p>Glomex Ra106sls Stainless VHF antena 1.2mt &#8211; UV-otporna fleksibilna VHF RA106 FME antena od stakloplastike ili nehr\u0111aju\u0107eg \u010delika za sve<\/p>\n","protected":false},"featured_media":5942620,"comment_status":"open","ping_status":"closed","template":"","meta":[],"product_brand":[2279,2981],"product_cat":[1753],"product_tag":[],"class_list":{"0":"post-741755","1":"product","2":"type-product","3":"status-publish","4":"has-post-thumbnail","6":"product_brand-glomex","7":"product_brand-glomex-hr","8":"product_cat-vhf-antene","10":"first","11":"instock","12":"shipping-taxable","13":"purchasable","14":"product-type-simple"},"_links":{"self":[{"href":"https:\/\/stoic-curie.212-227-153-4.plesk.page\/hr\/wp-json\/wp\/v2\/product\/741755","targetHints":{"allow":["GET"]}}],"collection":[{"href":"https:\/\/stoic-curie.212-227-153-4.plesk.page\/hr\/wp-json\/wp\/v2\/product"}],"about":[{"href":"https:\/\/stoic-curie.212-227-153-4.plesk.page\/hr\/wp-json\/wp\/v2\/types\/product"}],"replies":[{"embeddable":true,"href":"https:\/\/stoic-curie.212-227-153-4.plesk.page\/hr\/wp-json\/wp\/v2\/comments?post=741755"}],"version-history":[{"count":0,"href":"https:\/\/stoic-curie.212-227-153-4.plesk.page\/hr\/wp-json\/wp\/v2\/product\/741755\/revisions"}],"wp:featuredmedia":[{"embeddable":true,"href":"https:\/\/stoic-curie.212-227-153-4.plesk.page\/hr\/wp-json\/wp\/v2\/media\/5942620"}],"wp:attachment":[{"href":"https:\/\/stoic-curie.212-227-153-4.plesk.page\/hr\/wp-json\/wp\/v2\/media?parent=741755"}],"wp:term":[{"taxonomy":"product_brand","embeddable":true,"href":"https:\/\/stoic-curie.212-227-153-4.plesk.page\/hr\/wp-json\/wp\/v2\/product_brand?post=741755"},{"taxonomy":"product_cat","embeddable":true,"href":"https:\/\/stoic-curie.212-227-153-4.plesk.page\/hr\/wp-json\/wp\/v2\/product_cat?post=741755"},{"taxonomy":"product_tag","embeddable":true,"href":"https:\/\/stoic-curie.212-227-153-4.plesk.page\/hr\/wp-json\/wp\/v2\/product_tag?post=741755"}],"curies":[{"name":"wp","href":"https:\/\/api.w.org\/{rel}","templated":true}]}}