{"id":741757,"date":"2025-03-03T18:17:17","date_gmt":"2025-03-03T17:17:17","guid":{"rendered":"https:\/\/stoic-curie.212-227-153-4.plesk.page\/producto\/kuka-od-nehrdajuceg-celika-za-otpustanje-sidra\/"},"modified":"2026-02-25T00:00:56","modified_gmt":"2026-02-25T00:00:56","slug":"kuka-od-nehrdajuceg-celika-za-otpustanje-sidra","status":"publish","type":"product","link":"https:\/\/stoic-curie.212-227-153-4.plesk.page\/hr\/product\/kuka-od-nehrdajuceg-celika-za-otpustanje-sidra\/","title":{"rendered":"Kuka od nehr\u0111aju\u0107eg \u010delika za otpu\u0161tanje sidra"},"content":{"rendered":"<p>Kuka od nehr\u0111aju\u0107eg \u010delika za otpu\u0161tanje sidra &#8211; <\/p>\n<p>Igle poliranog nehr\u0111aju\u0107eg \u010delika za spa\u0161avanje sidra. Savr\u0161eno za izvla\u010denje blokiranih sidara, osloba\u0111aju\u0107i ih iz uvrnutih konopa ili lanaca.<\/p>\n","protected":false},"excerpt":{"rendered":"<p>Kuka od nehr\u0111aju\u0107eg \u010delika za otpu\u0161tanje sidra &#8211; Igle poliranog nehr\u0111aju\u0107eg \u010delika za spa\u0161avanje sidra. Savr\u0161eno za izvla\u010denje blokiranih sidara,<\/p>\n","protected":false},"featured_media":5942630,"comment_status":"open","ping_status":"closed","template":"","meta":[],"product_brand":[2836],"product_cat":[1616,1862],"product_tag":[],"class_list":{"0":"post-741757","1":"product","2":"type-product","3":"status-publish","4":"has-post-thumbnail","6":"product_brand-boatasy-hr","7":"product_cat-kuke-za-privez-i-pristajanje","8":"product_cat-sidreno-uze","10":"first","11":"instock","12":"shipping-taxable","13":"purchasable","14":"product-type-simple"},"_links":{"self":[{"href":"https:\/\/stoic-curie.212-227-153-4.plesk.page\/hr\/wp-json\/wp\/v2\/product\/741757","targetHints":{"allow":["GET"]}}],"collection":[{"href":"https:\/\/stoic-curie.212-227-153-4.plesk.page\/hr\/wp-json\/wp\/v2\/product"}],"about":[{"href":"https:\/\/stoic-curie.212-227-153-4.plesk.page\/hr\/wp-json\/wp\/v2\/types\/product"}],"replies":[{"embeddable":true,"href":"https:\/\/stoic-curie.212-227-153-4.plesk.page\/hr\/wp-json\/wp\/v2\/comments?post=741757"}],"version-history":[{"count":0,"href":"https:\/\/stoic-curie.212-227-153-4.plesk.page\/hr\/wp-json\/wp\/v2\/product\/741757\/revisions"}],"wp:featuredmedia":[{"embeddable":true,"href":"https:\/\/stoic-curie.212-227-153-4.plesk.page\/hr\/wp-json\/wp\/v2\/media\/5942630"}],"wp:attachment":[{"href":"https:\/\/stoic-curie.212-227-153-4.plesk.page\/hr\/wp-json\/wp\/v2\/media?parent=741757"}],"wp:term":[{"taxonomy":"product_brand","embeddable":true,"href":"https:\/\/stoic-curie.212-227-153-4.plesk.page\/hr\/wp-json\/wp\/v2\/product_brand?post=741757"},{"taxonomy":"product_cat","embeddable":true,"href":"https:\/\/stoic-curie.212-227-153-4.plesk.page\/hr\/wp-json\/wp\/v2\/product_cat?post=741757"},{"taxonomy":"product_tag","embeddable":true,"href":"https:\/\/stoic-curie.212-227-153-4.plesk.page\/hr\/wp-json\/wp\/v2\/product_tag?post=741757"}],"curies":[{"name":"wp","href":"https:\/\/api.w.org\/{rel}","templated":true}]}}