{"id":741760,"date":"2025-03-03T18:17:17","date_gmt":"2025-03-03T17:17:17","guid":{"rendered":"https:\/\/stoic-curie.212-227-153-4.plesk.page\/producto\/prijenosni-hladnjaci-icey-tek-hd-90lt-925-x-460-x-h475mm\/"},"modified":"2026-02-25T00:00:56","modified_gmt":"2026-02-25T00:00:56","slug":"prijenosni-hladnjaci-icey-tek-hd-90lt-925-x-460-x-h475mm","status":"publish","type":"product","link":"https:\/\/stoic-curie.212-227-153-4.plesk.page\/hr\/product\/prijenosni-hladnjaci-icey-tek-hd-90lt-925-x-460-x-h475mm\/","title":{"rendered":"Prijenosni hladnjaci Icey-Tek HD 90lt bijeli"},"content":{"rendered":"<p>Prijenosni hladnjaci Icey-Tek HD 90lt bijeli &#8211; <\/p>\n<p style=\"color: rgb(34, 34, 34); font-family: Arial, Helvetica, sans-serif; font-size: small;\">Otkrijte Icey-Tek hladnjake izra\u0111ene u Australiji, dizajnirane za profesionalce koji trebaju pouzdano skladi\u0161tenje za ribu i hranu. S njihovom gustim izolacijom, ovi hladnjaci mogu zadr\u017eati predmete hladnima danima, osiguravaju\u0107i optimalno o\u010duvanje va\u0161eg ulova. Svaki hladnjak ima dva 1-in\u010dna navojna otvora s \u010depovima, savr\u0161ena za kori\u0161tenje kao rezervoar za \u017eive ribe.<\/p>\n<p style=\"color: rgb(34, 34, 34); font-family: Arial, Helvetica, sans-serif; font-size: small;\">Izra\u0111eni za dugotrajnost, Icey-Tek hladnjaci dolaze s robusnim injekcijom oblikovanim \u0161arkama i kop\u010dama od termoplasti\u010dne elastomere, omogu\u0107uju\u0107i im da slu\u017ee kao sjedenje. Modeli od 160 litara i 260 litara uklju\u010duju prakti\u010dni dvostruki poklopac, dok je model od 90 litara gotovo jednako popularan kao i verzija od 70 litara. Ove ve\u0107e dimenzije idealne su za obitelji ozbiljnih ribolovaca i kampista. Iako mo\u017eda ne stanu u prtlja\u017enik ve\u0107ine automobila, lako se mogu smjestiti na zadnje sjedalo limuzine ili u stra\u017enjem dijelu terenskog vozila. Mogu primiti srednje velike pelagijske i velike koraljne ribe, \u0161to ih \u010dini savr\u0161enima za ribolovne izlete, kao i za skladi\u0161tenje hrane i pi\u0107a tijekom kampiranja ili vikend bijega. Tako\u0111er su izvrstan dodatak va\u0161em domu za ro\u0161tilje i okupljanja, omogu\u0107uju\u0107i vam da zadr\u017eite nekoliko pakiranja pi\u0107a hladnima bez kori\u0161tenja va\u0161e hladnjake.<\/p>\n<p style=\"color: rgb(34, 34, 34); font-family: Arial, Helvetica, sans-serif; font-size: small;\">Svaki hladnjak od 90 litara opremljen je s tri robusne injekcijom oblikovane \u0161arke koje se otvaraju ne\u0161to iznad 90 stupnjeva, eliminiraju\u0107i potrebu za u\u017eadima za dr\u017eanje poklopaca otvorenima.<\/p>\n<p style=\"color: rgb(34, 34, 34); font-family: Arial, Helvetica, sans-serif; font-size: small;\">Debljina zidova varira od 80 mm u poklopcu, gdje je izolacija klju\u010dna, do 40 mm do 45 mm u bazi i stranama. Ovaj dizajn pru\u017ea izvrsnu termalnu izolaciju bez dodavanja prekomjerne te\u017eine.<\/p>\n<p style=\"color: rgb(34, 34, 34); font-family: Arial, Helvetica, sans-serif; font-size: small;\"><strong>Vanjske dimenzije:<\/strong><\/p>\n<ul style=\"color: rgb(34, 34, 34); font-family: Arial, Helvetica, sans-serif; font-size: small;\">\n<li>Du\u017eina: 925 mm<\/li>\n<li>Visina: 480 mm<\/li>\n<li>\u0160irina: 470 mm<\/li>\n<\/ul>\n<p style=\"color: rgb(34, 34, 34); font-family: Arial, Helvetica, sans-serif; font-size: small;\"><strong>Unutarnje dimenzije:<\/strong><\/p>\n<ul style=\"color: rgb(34, 34, 34); font-family: Arial, Helvetica, sans-serif; font-size: small;\">\n<li>Du\u017eina: 770 mm<\/li>\n<li>Visina: 345 mm<\/li>\n<li>\u0160irina: 340 mm<\/li>\n<\/ul>\n<p style=\"color: rgb(34, 34, 34); font-family: Arial, Helvetica, sans-serif; font-size: small;\"><strong>Te\u017eina:<\/strong> 14 kg<br \/><strong>Visina poklopca kada je otvoren:<\/strong> 935 mm<br \/><strong>Usnik poklopca:<\/strong> 38 mm<\/p>\n","protected":false},"excerpt":{"rendered":"<p>Prijenosni hladnjaci Icey-Tek HD 90lt bijeli &#8211; Otkrijte Icey-Tek hladnjake izra\u0111ene u Australiji, dizajnirane za profesionalce koji trebaju pouzdano skladi\u0161tenje<\/p>\n","protected":false},"featured_media":5942640,"comment_status":"open","ping_status":"closed","template":"","meta":[],"product_brand":[3006],"product_cat":[1646,1843],"product_tag":[],"class_list":{"0":"post-741760","1":"product","2":"type-product","3":"status-publish","4":"has-post-thumbnail","6":"product_brand-icey-tek-hr","7":"product_cat-cool-box-hladnjaci","8":"product_cat-oprema-za-ribolov-na-brodu","10":"first","11":"instock","12":"shipping-taxable","13":"purchasable","14":"product-type-simple"},"_links":{"self":[{"href":"https:\/\/stoic-curie.212-227-153-4.plesk.page\/hr\/wp-json\/wp\/v2\/product\/741760","targetHints":{"allow":["GET"]}}],"collection":[{"href":"https:\/\/stoic-curie.212-227-153-4.plesk.page\/hr\/wp-json\/wp\/v2\/product"}],"about":[{"href":"https:\/\/stoic-curie.212-227-153-4.plesk.page\/hr\/wp-json\/wp\/v2\/types\/product"}],"replies":[{"embeddable":true,"href":"https:\/\/stoic-curie.212-227-153-4.plesk.page\/hr\/wp-json\/wp\/v2\/comments?post=741760"}],"version-history":[{"count":0,"href":"https:\/\/stoic-curie.212-227-153-4.plesk.page\/hr\/wp-json\/wp\/v2\/product\/741760\/revisions"}],"wp:featuredmedia":[{"embeddable":true,"href":"https:\/\/stoic-curie.212-227-153-4.plesk.page\/hr\/wp-json\/wp\/v2\/media\/5942640"}],"wp:attachment":[{"href":"https:\/\/stoic-curie.212-227-153-4.plesk.page\/hr\/wp-json\/wp\/v2\/media?parent=741760"}],"wp:term":[{"taxonomy":"product_brand","embeddable":true,"href":"https:\/\/stoic-curie.212-227-153-4.plesk.page\/hr\/wp-json\/wp\/v2\/product_brand?post=741760"},{"taxonomy":"product_cat","embeddable":true,"href":"https:\/\/stoic-curie.212-227-153-4.plesk.page\/hr\/wp-json\/wp\/v2\/product_cat?post=741760"},{"taxonomy":"product_tag","embeddable":true,"href":"https:\/\/stoic-curie.212-227-153-4.plesk.page\/hr\/wp-json\/wp\/v2\/product_tag?post=741760"}],"curies":[{"name":"wp","href":"https:\/\/api.w.org\/{rel}","templated":true}]}}