{"id":741761,"date":"2025-03-03T18:17:17","date_gmt":"2025-03-03T17:17:17","guid":{"rendered":"https:\/\/stoic-curie.212-227-153-4.plesk.page\/producto\/prijenosni-hladnjaci-icey-tek-hd-115lt-1100-x-500-x-h490mm\/"},"modified":"2026-02-25T00:00:56","modified_gmt":"2026-02-25T00:00:56","slug":"prijenosni-hladnjaci-icey-tek-hd-115lt-1100-x-500-x-h490mm","status":"publish","type":"product","link":"https:\/\/stoic-curie.212-227-153-4.plesk.page\/hr\/product\/prijenosni-hladnjaci-icey-tek-hd-115lt-1100-x-500-x-h490mm\/","title":{"rendered":"Prijenosni hladnjaci Icey-Tek Hd 115lt"},"content":{"rendered":"<p>Prijenosni hladnjaci Icey-Tek Hd 115lt &#8211; <\/p>\n<p>Otkrijte Icey-Tek hladnjake koji se proizvode u Australiji, dizajnirane za profesionalce koji trebaju pouzdano skladi\u0161tenje za ribu i hranu. S densnom izolacijom, ovi hladnjaci mogu odr\u017eavati sadr\u017eaj hladnim danima, osiguravaju\u0107i optimalnu o\u010duvanje va\u0161eg ulova. Svaki hladnjak ima dvije navo\u0111ene rupe promjera 1 in\u010da s \u010depovima, savr\u0161ene za kori\u0161tenje kao akvarij za ribu.<\/p>\n<p>Izra\u0111eni za dugotrajnost, ovi hladnjaci dolaze s robusnim brizganim \u0161arkama i bravama od termoplasti\u010dnog elastomera, omogu\u0107uju\u0107i im da slu\u017ee kao sjedala. modeli od 160 litara i 260 litara uklju\u010duju praktican razdvojeni poklopac s dvostrukim otvaranjem. Hladnjak od 115 litara omiljen je me\u0111u ribolovcima koji love pelagi\u010dnu ribu, lako smje\u0161taju\u0107i ulove srednje veli\u010dine poput sku\u0161e te\u017eine do 10 kg, dok se ve\u0107e ribe mogu smjestiti uvijanjem unutar. Ovi hladnjaci su tako\u0111er idealni za tjedne kamperske izlete, pru\u017eaju\u0107i dovoljno prostora za hranu i pi\u0107e u dugom formatu.<\/p>\n<p>Svaki hladnjak od 115 litara opremljen je s \u010detiri sna\u017ene brizgane \u0161arke koje se otvaraju malo iznad 90 stupnjeva, eliminiraju\u0107i potrebu za u\u017eadima za dr\u017eanje poklopaca otvorenim.<\/p>\n<p>Debljina zida varira izme\u0111u 80 mm na poklopcu, gdje je izolacija klju\u010dna, do 40-45 mm u bazi i bo\u010dnim stranama. Ovaj dizajn nudi izvrsnu termalnu izolaciju bez dodatne te\u017eine.<\/p>\n<p><strong>Vanjske dimenzije:<\/strong><\/p>\n<ul>\n<li>Du\u017eina: 1100 mm<\/li>\n<li>Visina: 500 mm<\/li>\n<li>\u0160irina: 490 mm<\/li>\n<\/ul>\n<p><strong>Unutarnje dimenzije:<\/strong><\/p>\n<ul>\n<li>Du\u017eina: 940 mm<\/li>\n<li>Visina: 360 mm<\/li>\n<li>\u0160irina: 365 mm<\/li>\n<\/ul>\n<p><strong>Te\u017eina:<\/strong> 19,5 kg<br \/><strong>Visina poklopca kada je otvoren:<\/strong> 990 mm<br \/><strong>Rub poklopca:<\/strong> 38 mm<\/p>\n","protected":false},"excerpt":{"rendered":"<p>Prijenosni hladnjaci Icey-Tek Hd 115lt &#8211; Otkrijte Icey-Tek hladnjake koji se proizvode u Australiji, dizajnirane za profesionalce koji trebaju pouzdano<\/p>\n","protected":false},"featured_media":5942661,"comment_status":"open","ping_status":"closed","template":"","meta":[],"product_brand":[3006],"product_cat":[1646,1843],"product_tag":[],"class_list":{"0":"post-741761","1":"product","2":"type-product","3":"status-publish","4":"has-post-thumbnail","6":"product_brand-icey-tek-hr","7":"product_cat-cool-box-hladnjaci","8":"product_cat-oprema-za-ribolov-na-brodu","10":"first","11":"instock","12":"shipping-taxable","13":"purchasable","14":"product-type-simple"},"_links":{"self":[{"href":"https:\/\/stoic-curie.212-227-153-4.plesk.page\/hr\/wp-json\/wp\/v2\/product\/741761","targetHints":{"allow":["GET"]}}],"collection":[{"href":"https:\/\/stoic-curie.212-227-153-4.plesk.page\/hr\/wp-json\/wp\/v2\/product"}],"about":[{"href":"https:\/\/stoic-curie.212-227-153-4.plesk.page\/hr\/wp-json\/wp\/v2\/types\/product"}],"replies":[{"embeddable":true,"href":"https:\/\/stoic-curie.212-227-153-4.plesk.page\/hr\/wp-json\/wp\/v2\/comments?post=741761"}],"version-history":[{"count":0,"href":"https:\/\/stoic-curie.212-227-153-4.plesk.page\/hr\/wp-json\/wp\/v2\/product\/741761\/revisions"}],"wp:featuredmedia":[{"embeddable":true,"href":"https:\/\/stoic-curie.212-227-153-4.plesk.page\/hr\/wp-json\/wp\/v2\/media\/5942661"}],"wp:attachment":[{"href":"https:\/\/stoic-curie.212-227-153-4.plesk.page\/hr\/wp-json\/wp\/v2\/media?parent=741761"}],"wp:term":[{"taxonomy":"product_brand","embeddable":true,"href":"https:\/\/stoic-curie.212-227-153-4.plesk.page\/hr\/wp-json\/wp\/v2\/product_brand?post=741761"},{"taxonomy":"product_cat","embeddable":true,"href":"https:\/\/stoic-curie.212-227-153-4.plesk.page\/hr\/wp-json\/wp\/v2\/product_cat?post=741761"},{"taxonomy":"product_tag","embeddable":true,"href":"https:\/\/stoic-curie.212-227-153-4.plesk.page\/hr\/wp-json\/wp\/v2\/product_tag?post=741761"}],"curies":[{"name":"wp","href":"https:\/\/api.w.org\/{rel}","templated":true}]}}