{"id":741762,"date":"2025-03-03T18:17:18","date_gmt":"2025-03-03T17:17:18","guid":{"rendered":"https:\/\/stoic-curie.212-227-153-4.plesk.page\/producto\/prijenosni-hladnjaci-icey-tek-160lt-1290-x-530-x-h525mm\/"},"modified":"2026-02-25T00:00:56","modified_gmt":"2026-02-25T00:00:56","slug":"prijenosni-hladnjaci-icey-tek-160lt-1290-x-530-x-h525mm","status":"publish","type":"product","link":"https:\/\/stoic-curie.212-227-153-4.plesk.page\/hr\/product\/prijenosni-hladnjaci-icey-tek-160lt-1290-x-530-x-h525mm\/","title":{"rendered":"Prijenosni hladnjaci Icey-Tek 160lt"},"content":{"rendered":"<p>Prijenosni hladnjaci Icey-Tek 160lt &#8211; <\/p>\n<p style=\"color: rgb(34, 34, 34); font-family: Arial, Helvetica, sans-serif; font-size: small;\">Prijenosni hladnjaci Icey-Tek 160lt 1290 x 530 x H525mm. Icey Tek kutije za led pa\u017eljivo su osmi\u0161ljene u Australiji kako bi izdr\u017eale najizazovnije uvjete, istovremeno po\u0161tuju\u0107i visoke standarde na\u0161ih cijenjenih korisnika. U na\u0161em proizvodnom procesu koristimo vrhunske materijale, uklju\u010duju\u0107i thermoplasti\u010dne elastomerne brave koje su dizajnirane da izdr\u017ee visoke temperature bez deformacija.<\/p>\n<p style=\"color: rgb(34, 34, 34); font-family: Arial, Helvetica, sans-serif; font-size: small;\">Ovaj komercijalni hladnjak ima dovoljnu kapacitet za zna\u010dajne ulove, osiguravaju\u0107i da va\u0161a riba ostane adekvatno ohla\u0111ena. Dovoljno je prostran da primi rezanog lososa ili vi\u0161e jelena, pru\u017eaju\u0107i i svestranost i izdr\u017eljivost unutar jedne jedinice.<\/p>\n<p style=\"color: rgb(34, 34, 34); font-family: Arial, Helvetica, sans-serif; font-size: small;\">Savr\u0161eno je prikladan za ribolov na moru ili lov na velike \u017eivotinje, a ova kutija tako\u0111er slu\u017ei kao veliki lednjak za dru\u0161tvena okupljanja i kao ledena kupka za sporta\u0161e.<\/p>\n<p style=\"color: rgb(34, 34, 34); font-family: Arial, Helvetica, sans-serif; font-size: small;\"><strong>\u010cvrsti Hinge<\/strong><br \/>Na\u0161i samolockivi \u0161arke su plasti\u010dno zavarene i oja\u010dane nehr\u0111aju\u0107im vijcima, pobolj\u0161avaju\u0107i njihovu \u010dvrsto\u0107u i pouzdanost.<\/p>\n<p style=\"color: rgb(34, 34, 34); font-family: Arial, Helvetica, sans-serif; font-size: small;\"><strong>Napredne Thermoplasti\u010dne Brave<\/strong><br \/>Ove state-of-the-art brave su otporne na koroziju, neprovodljive i stabilne na UV zra\u010denje, \u0161to osigurava trajnu u\u010dinkovitost.<\/p>\n<p style=\"color: rgb(34, 34, 34); font-family: Arial, Helvetica, sans-serif; font-size: small;\"><strong>Dvostruki Ventili za Odvodnju<\/strong><br \/>Dvostruki sustav ventila od 25 mm omogu\u0107ava jednostavno pra\u017enjenje u razli\u010ditim okolnostima.<\/p>\n<p style=\"color: rgb(34, 34, 34); font-family: Arial, Helvetica, sans-serif; font-size: small;\"><strong>Obloga Sigurna za Hranu<\/strong><br \/>Na\u0161e obloge u\u010dinkovito sprje\u010davaju mirise hrane i kontaminaciju, olak\u0161avaju\u0107i proces \u010di\u0161\u0107enja i minimiziraju\u0107i potrebe za odr\u017eavanjem.<\/p>\n<p style=\"color: rgb(34, 34, 34); font-family: Arial, Helvetica, sans-serif; font-size: small;\">Ovaj model nazivamo na\u0161om kutijom za sku\u0161e, koja mo\u017ee udobno primiti 15kg sku\u0161u ili zlatovratku polo\u017eenu ravno. Riba od 20 kg tako\u0111er mo\u017ee stati uz lagano uvijanje, a uspje\u0161no sam pohranio 38 kg \u017eutotrg semfina unutar ove kutije.<\/p>\n<p style=\"color: rgb(34, 34, 34); font-family: Arial, Helvetica, sans-serif; font-size: small;\">Ribolovci koji love i pelagi\u010dne i koraljne ribe \u0107e cijeniti velikodu\u0161nu kapacitet za pohranu. Osim toga, mali kontejner ili posuda mogu se staviti unutar za hranu i pi\u0107a, osiguravaju\u0107i da ostanu odvojeni od ribe.<\/p>\n<p style=\"color: rgb(34, 34, 34); font-family: Arial, Helvetica, sans-serif; font-size: small;\">Svaka 160L kutija opremljena je s \u010detiri \u010dvrste \u0161arke koje se otvaraju malo vi\u0161e od 90 stupnjeva, \u010dime se eliminira potreba za konopcima za osiguranje poklopaca u otvorenom polo\u017eaju.<\/p>\n<p style=\"color: rgb(34, 34, 34); font-family: Arial, Helvetica, sans-serif; font-size: small;\">Na\u0161e kutije od 160 litara imaju dizajn razdvojenog poklopca za prikladan pristup. Ova konfiguracija omogu\u0107ava otvaranje samo pola poklopca kada je to potrebno, dok jo\u0161 uvijek omogu\u0107ava potpuno otvaranje. Razdvojeno uklju\u010duje dodatni gumeni pe\u010dat za odr\u017eavanje hladne unutarnje temperature.<\/p>\n<p style=\"color: rgb(34, 34, 34); font-family: Arial, Helvetica, sans-serif; font-size: small;\">Debljina zidova varira od 80 mm u poklopcu, gdje je izolacija od najve\u0107e va\u017enosti, do 40 mm do 45 mm u dnu i stranama. Ovaj dizajn pru\u017ea izvanrednu toplinsku izolaciju bez vi\u0161ka te\u017eine.<\/p>\n<p style=\"color: rgb(34, 34, 34); font-family: Arial, Helvetica, sans-serif; font-size: small;\"><strong>Vanjske Dimenzije<\/strong><br \/>Du\u017eina: 1305mm<br \/>Visina: 535mm<br \/>\u0160irina: 525mm<\/p>\n<p style=\"color: rgb(34, 34, 34); font-family: Arial, Helvetica, sans-serif; font-size: small;\"><strong>Unutarnje Dimenzije<\/strong><br \/>Du\u017eina: 1125mm<br \/>Visina: 380mm<br \/>\u0160irina: 390mm<\/p>\n<p style=\"color: rgb(34, 34, 34); font-family: Arial, Helvetica, sans-serif; font-size: small;\"><strong>Te\u017eina:<\/strong>&nbsp;22kg<\/p>\n","protected":false},"excerpt":{"rendered":"<p>Prijenosni hladnjaci Icey-Tek 160lt &#8211; Prijenosni hladnjaci Icey-Tek 160lt 1290 x 530 x H525mm. Icey Tek kutije za led pa\u017eljivo<\/p>\n","protected":false},"featured_media":5942672,"comment_status":"open","ping_status":"closed","template":"","meta":[],"product_brand":[3006],"product_cat":[1646,1843],"product_tag":[],"class_list":{"0":"post-741762","1":"product","2":"type-product","3":"status-publish","4":"has-post-thumbnail","6":"product_brand-icey-tek-hr","7":"product_cat-cool-box-hladnjaci","8":"product_cat-oprema-za-ribolov-na-brodu","10":"first","11":"instock","12":"shipping-taxable","13":"purchasable","14":"product-type-simple"},"_links":{"self":[{"href":"https:\/\/stoic-curie.212-227-153-4.plesk.page\/hr\/wp-json\/wp\/v2\/product\/741762","targetHints":{"allow":["GET"]}}],"collection":[{"href":"https:\/\/stoic-curie.212-227-153-4.plesk.page\/hr\/wp-json\/wp\/v2\/product"}],"about":[{"href":"https:\/\/stoic-curie.212-227-153-4.plesk.page\/hr\/wp-json\/wp\/v2\/types\/product"}],"replies":[{"embeddable":true,"href":"https:\/\/stoic-curie.212-227-153-4.plesk.page\/hr\/wp-json\/wp\/v2\/comments?post=741762"}],"version-history":[{"count":0,"href":"https:\/\/stoic-curie.212-227-153-4.plesk.page\/hr\/wp-json\/wp\/v2\/product\/741762\/revisions"}],"wp:featuredmedia":[{"embeddable":true,"href":"https:\/\/stoic-curie.212-227-153-4.plesk.page\/hr\/wp-json\/wp\/v2\/media\/5942672"}],"wp:attachment":[{"href":"https:\/\/stoic-curie.212-227-153-4.plesk.page\/hr\/wp-json\/wp\/v2\/media?parent=741762"}],"wp:term":[{"taxonomy":"product_brand","embeddable":true,"href":"https:\/\/stoic-curie.212-227-153-4.plesk.page\/hr\/wp-json\/wp\/v2\/product_brand?post=741762"},{"taxonomy":"product_cat","embeddable":true,"href":"https:\/\/stoic-curie.212-227-153-4.plesk.page\/hr\/wp-json\/wp\/v2\/product_cat?post=741762"},{"taxonomy":"product_tag","embeddable":true,"href":"https:\/\/stoic-curie.212-227-153-4.plesk.page\/hr\/wp-json\/wp\/v2\/product_tag?post=741762"}],"curies":[{"name":"wp","href":"https:\/\/api.w.org\/{rel}","templated":true}]}}