{"id":741763,"date":"2025-03-03T18:17:18","date_gmt":"2025-03-03T17:17:18","guid":{"rendered":"https:\/\/stoic-curie.212-227-153-4.plesk.page\/producto\/prijenosni-hladnjaci-icey-tek-hd-56lt-790-x-420-x-h395mm\/"},"modified":"2026-02-25T00:00:56","modified_gmt":"2026-02-25T00:00:56","slug":"prijenosni-hladnjaci-icey-tek-hd-56lt-790-x-420-x-h395mm","status":"publish","type":"product","link":"https:\/\/stoic-curie.212-227-153-4.plesk.page\/hr\/product\/prijenosni-hladnjaci-icey-tek-hd-56lt-790-x-420-x-h395mm\/","title":{"rendered":"Prijenosni hladnjaci Icey-Tek HD 56l bijeli"},"content":{"rendered":"<p>Prijenosni hladnjaci Icey-Tek HD 56l bijeli &#8211; <\/p>\n<p style=\"color: rgb(34, 34, 34); font-family: Arial, Helvetica, sans-serif; font-size: small;\">56L Icey-Tek prijenosni hladnjak predstavlja najkompaktniji izbor u njihovoj pro\u0161irenoj seriji. Posebno je popularan me\u0111u ribolovcima i ljubiteljima prirode, ali tako\u0111er se pokazuje kao fantasti\u010dan hladnjak za okupljanja i ro\u0161tiljanja. Njegov uski, izdu\u017eeni oblik pobolj\u0161ava organizaciju sadr\u017eaja, omogu\u0107uju\u0107i lak pristup potrebnim predmetima bez neugode pretra\u017eivanja hladnjaka. Ovaj dizajn je savr\u0161en za smje\u0161taj malih do srednje velikih riba i prakti\u010dno se uklapa u prtlja\u017enik ve\u0107ine vozila ili na stra\u017enje sjedalo.<\/p>\n<p style=\"color: rgb(34, 34, 34); font-family: Arial, Helvetica, sans-serif; font-size: small;\">Svaki 56L Icebox opremljen je s tri izdr\u017eljive kateteri\u010dne \u0161arke koje se otvaraju preko 90 stupnjeva. Ove \u010dvrste \u0161arke eliminiraju potrebu za u\u017eadima kako bi se poklopac osigurao od povratnog preklapanja.<\/p>\n<p style=\"color: rgb(34, 34, 34); font-family: Arial, Helvetica, sans-serif; font-size: small;\">Specifikacije:<\/p>\n<ul style=\"color: rgb(34, 34, 34); font-family: Arial, Helvetica, sans-serif; font-size: small;\">\n<li>Vanjske dimenzije (\u0160xDxV): 16.5 x 31.1 x 16.1 in\u010da<\/li>\n<li>Unutarnje dimenzije (\u0160xDxV): 11.8 x 25.8 x 12.0 in\u010da<\/li>\n<li>Kapacitet: 56 litara<\/li>\n<li>Odvod: lijevo\/desno<\/li>\n<li>Te\u017eina: 22 lbs<\/li>\n<\/ul>\n","protected":false},"excerpt":{"rendered":"<p>Prijenosni hladnjaci Icey-Tek HD 56l bijeli &#8211; 56L Icey-Tek prijenosni hladnjak predstavlja najkompaktniji izbor u njihovoj pro\u0161irenoj seriji. Posebno je<\/p>\n","protected":false},"featured_media":5942683,"comment_status":"open","ping_status":"closed","template":"","meta":[],"product_brand":[3006],"product_cat":[1646,1843],"product_tag":[],"class_list":{"0":"post-741763","1":"product","2":"type-product","3":"status-publish","4":"has-post-thumbnail","6":"product_brand-icey-tek-hr","7":"product_cat-cool-box-hladnjaci","8":"product_cat-oprema-za-ribolov-na-brodu","10":"first","11":"instock","12":"shipping-taxable","13":"purchasable","14":"product-type-simple"},"_links":{"self":[{"href":"https:\/\/stoic-curie.212-227-153-4.plesk.page\/hr\/wp-json\/wp\/v2\/product\/741763","targetHints":{"allow":["GET"]}}],"collection":[{"href":"https:\/\/stoic-curie.212-227-153-4.plesk.page\/hr\/wp-json\/wp\/v2\/product"}],"about":[{"href":"https:\/\/stoic-curie.212-227-153-4.plesk.page\/hr\/wp-json\/wp\/v2\/types\/product"}],"replies":[{"embeddable":true,"href":"https:\/\/stoic-curie.212-227-153-4.plesk.page\/hr\/wp-json\/wp\/v2\/comments?post=741763"}],"version-history":[{"count":0,"href":"https:\/\/stoic-curie.212-227-153-4.plesk.page\/hr\/wp-json\/wp\/v2\/product\/741763\/revisions"}],"wp:featuredmedia":[{"embeddable":true,"href":"https:\/\/stoic-curie.212-227-153-4.plesk.page\/hr\/wp-json\/wp\/v2\/media\/5942683"}],"wp:attachment":[{"href":"https:\/\/stoic-curie.212-227-153-4.plesk.page\/hr\/wp-json\/wp\/v2\/media?parent=741763"}],"wp:term":[{"taxonomy":"product_brand","embeddable":true,"href":"https:\/\/stoic-curie.212-227-153-4.plesk.page\/hr\/wp-json\/wp\/v2\/product_brand?post=741763"},{"taxonomy":"product_cat","embeddable":true,"href":"https:\/\/stoic-curie.212-227-153-4.plesk.page\/hr\/wp-json\/wp\/v2\/product_cat?post=741763"},{"taxonomy":"product_tag","embeddable":true,"href":"https:\/\/stoic-curie.212-227-153-4.plesk.page\/hr\/wp-json\/wp\/v2\/product_tag?post=741763"}],"curies":[{"name":"wp","href":"https:\/\/api.w.org\/{rel}","templated":true}]}}