{"id":741764,"date":"2025-03-03T18:17:18","date_gmt":"2025-03-03T17:17:18","guid":{"rendered":"https:\/\/stoic-curie.212-227-153-4.plesk.page\/producto\/prijenosni-hladnjaci-icey-tek-hd-70lt-855-x-430-x-h445mm\/"},"modified":"2026-02-25T00:00:56","modified_gmt":"2026-02-25T00:00:56","slug":"prijenosni-hladnjaci-icey-tek-hd-70lt-855-x-430-x-h445mm","status":"publish","type":"product","link":"https:\/\/stoic-curie.212-227-153-4.plesk.page\/hr\/product\/prijenosni-hladnjaci-icey-tek-hd-70lt-855-x-430-x-h445mm\/","title":{"rendered":"Prijenosni hladnjaci Icey-Tek HD 70l bijeli"},"content":{"rendered":"<p>Prijenosni hladnjaci Icey-Tek HD 70l bijeli &#8211; <\/p>\n<p style=\"color: rgb(34, 34, 34); font-family: Arial, Helvetica, sans-serif; font-size: small;\">70L ledenica je na\u0161 najprodavaniji model, \u0161to je \u010dini odli\u010dnim izborom za va\u0161u prvu hladnjak. Njen dug oblik idealan je za srednje velike ribolovne izlete, pru\u017eaju\u0107i dovoljno hrane i potrep\u0161tina za 2 do 3 osobe tijekom vikenda. Savr\u0161eno se uklapa u prtlja\u017enik ve\u0107ine automobila ili mo\u017ee biti postavljena na stra\u017enje sjedalo ili u krevet va\u0161eg kamiona.<\/p>\n<p style=\"color: rgb(34, 34, 34); font-family: Arial, Helvetica, sans-serif; font-size: small;\">Na\u0161i Icey-Tek hladnjaci su savr\u0161eni za profesionalnu i rekreativnu upotrebu, osiguravaju\u0107i optimalno o\u010duvanje ribe i hrane. Zahvaljuju\u0107i svojoj gustoj izolaciji, mogu odr\u017eavati sadr\u017eaj hladnim nekoliko dana. Svaki hladnjak sadr\u017ei dva 1-in\u010dna navojna otvora s \u010depovima, koji se mogu koristiti kao \u017eivi ribnjak za ribu. Izra\u0111eni su za dugotrajnost, ovi hladnjaci imaju robusne \u0161arke od injekcijski oblikovanih materijala i brave od termoplasti\u010dnog elastomera, \u0161to im omogu\u0107uje da slu\u017ee i kao sjedala.<\/p>\n<p style=\"color: rgb(34, 34, 34); font-family: Arial, Helvetica, sans-serif; font-size: small;\">Modeli od 160L i 260L dolaze s dvostrukim otvorom poklopca za dodatnu prakti\u010dnost.<\/p>\n<p style=\"color: rgb(34, 34, 34); font-family: Arial, Helvetica, sans-serif; font-size: small;\">Svaka 70L ledenica opremljena je s tri \u010dvrste \u0161arke od injekcijski oblikovanih materijala koje se zaustavljaju malo nakon 90 stupnjeva, uklanjaju\u0107i potrebu za u\u017eadima za dr\u017eanje poklopaca otvorenima.<\/p>\n<p style=\"color: rgb(34, 34, 34); font-family: Arial, Helvetica, sans-serif; font-size: small;\">Debljina zidova varira od 80 mm na poklopcu, gdje je izolacija klju\u010dna, do 40 mm do 45 mm u bazi i stranama. Ovaj dizajn osigurava izvrsnu termalnu izolaciju bez dodavanja prekomjerne te\u017eine.<\/p>\n<p style=\"color: rgb(34, 34, 34); font-family: Arial, Helvetica, sans-serif; font-size: small;\"><strong>Vanjske dimenzije:<\/strong><\/p>\n<ul style=\"color: rgb(34, 34, 34); font-family: Arial, Helvetica, sans-serif; font-size: small;\">\n<li>Du\u017eina: 855 mm<\/li>\n<li>Visina: 445 mm<\/li>\n<li>\u0160irina: 435 mm<\/li>\n<\/ul>\n<p style=\"color: rgb(34, 34, 34); font-family: Arial, Helvetica, sans-serif; font-size: small;\"><strong>Unutarnje dimenzije:<\/strong><\/p>\n<ul style=\"color: rgb(34, 34, 34); font-family: Arial, Helvetica, sans-serif; font-size: small;\">\n<li>Du\u017eina: 695 mm<\/li>\n<li>Visina: 320 mm<\/li>\n<li>\u0160irina: 310 mm<\/li>\n<\/ul>\n<p style=\"color: rgb(34, 34, 34); font-family: Arial, Helvetica, sans-serif; font-size: small;\"><strong>Te\u017eina:<\/strong>&nbsp;12.5 kg<br \/><strong>Visina poklopca kad je otvoren:<\/strong>&nbsp;875 mm<br \/><strong>Usjek poklopca:<\/strong>&nbsp;28 mm<\/p>\n","protected":false},"excerpt":{"rendered":"<p>Prijenosni hladnjaci Icey-Tek HD 70l bijeli &#8211; 70L ledenica je na\u0161 najprodavaniji model, \u0161to je \u010dini odli\u010dnim izborom za va\u0161u<\/p>\n","protected":false},"featured_media":5942683,"comment_status":"open","ping_status":"closed","template":"","meta":[],"product_brand":[3006],"product_cat":[1646,1843],"product_tag":[],"class_list":{"0":"post-741764","1":"product","2":"type-product","3":"status-publish","4":"has-post-thumbnail","6":"product_brand-icey-tek-hr","7":"product_cat-cool-box-hladnjaci","8":"product_cat-oprema-za-ribolov-na-brodu","10":"first","11":"instock","12":"shipping-taxable","13":"purchasable","14":"product-type-simple"},"_links":{"self":[{"href":"https:\/\/stoic-curie.212-227-153-4.plesk.page\/hr\/wp-json\/wp\/v2\/product\/741764","targetHints":{"allow":["GET"]}}],"collection":[{"href":"https:\/\/stoic-curie.212-227-153-4.plesk.page\/hr\/wp-json\/wp\/v2\/product"}],"about":[{"href":"https:\/\/stoic-curie.212-227-153-4.plesk.page\/hr\/wp-json\/wp\/v2\/types\/product"}],"replies":[{"embeddable":true,"href":"https:\/\/stoic-curie.212-227-153-4.plesk.page\/hr\/wp-json\/wp\/v2\/comments?post=741764"}],"version-history":[{"count":0,"href":"https:\/\/stoic-curie.212-227-153-4.plesk.page\/hr\/wp-json\/wp\/v2\/product\/741764\/revisions"}],"wp:featuredmedia":[{"embeddable":true,"href":"https:\/\/stoic-curie.212-227-153-4.plesk.page\/hr\/wp-json\/wp\/v2\/media\/5942683"}],"wp:attachment":[{"href":"https:\/\/stoic-curie.212-227-153-4.plesk.page\/hr\/wp-json\/wp\/v2\/media?parent=741764"}],"wp:term":[{"taxonomy":"product_brand","embeddable":true,"href":"https:\/\/stoic-curie.212-227-153-4.plesk.page\/hr\/wp-json\/wp\/v2\/product_brand?post=741764"},{"taxonomy":"product_cat","embeddable":true,"href":"https:\/\/stoic-curie.212-227-153-4.plesk.page\/hr\/wp-json\/wp\/v2\/product_cat?post=741764"},{"taxonomy":"product_tag","embeddable":true,"href":"https:\/\/stoic-curie.212-227-153-4.plesk.page\/hr\/wp-json\/wp\/v2\/product_tag?post=741764"}],"curies":[{"name":"wp","href":"https:\/\/api.w.org\/{rel}","templated":true}]}}