{"id":741772,"date":"2025-03-03T18:17:20","date_gmt":"2025-03-03T17:17:20","guid":{"rendered":"https:\/\/stoic-curie.212-227-153-4.plesk.page\/producto\/ultragard-dock-edge-odbojnik-za-ponton-crni-890x127x57mm\/"},"modified":"2026-02-25T00:00:56","modified_gmt":"2026-02-25T00:00:56","slug":"ultragard-dock-edge-odbojnik-za-ponton-crni-890x127x57mm","status":"publish","type":"product","link":"https:\/\/stoic-curie.212-227-153-4.plesk.page\/hr\/product\/ultragard-dock-edge-odbojnik-za-ponton-crni-890x127x57mm\/","title":{"rendered":"UltraGard Dock Edge odbojnik za ponton, crni &#8211; 890x127x57mm"},"content":{"rendered":"<p>UltraGard Dock Edge odbojnik za ponton, crni &#8211; 890x127x57mm &#8211; <\/p>\n<p>Za\u0161titni umetak za pristani\u0161ta, pontone i za bilo koju za\u0161titnu primjenu. Mo\u017ee se montirati i na jarbole i blago zakrivene povr\u0161ine. Izra\u0111en od PVC-a otpornog na UV zra\u010denje i sol, u morskoj kvaliteti. Nepodlo\u017ean ulju, tretiran fungicidima, ne blijedi ni propada i ne ostavlja tragove na gelcoatu \u010damca.<\/p>\n","protected":false},"excerpt":{"rendered":"<p>UltraGard Dock Edge odbojnik za ponton, crni &#8211; 890x127x57mm &#8211; Za\u0161titni umetak za pristani\u0161ta, pontone i za bilo koju za\u0161titnu<\/p>\n","protected":false},"featured_media":5942734,"comment_status":"open","ping_status":"closed","template":"","meta":[],"product_brand":[2886],"product_cat":[1849],"product_tag":[],"class_list":{"0":"post-741772","1":"product","2":"type-product","3":"status-publish","4":"has-post-thumbnail","6":"product_brand-dock-edge-hr","7":"product_cat-bokobrani-za-dokove","9":"first","10":"instock","11":"shipping-taxable","12":"purchasable","13":"product-type-simple"},"_links":{"self":[{"href":"https:\/\/stoic-curie.212-227-153-4.plesk.page\/hr\/wp-json\/wp\/v2\/product\/741772","targetHints":{"allow":["GET"]}}],"collection":[{"href":"https:\/\/stoic-curie.212-227-153-4.plesk.page\/hr\/wp-json\/wp\/v2\/product"}],"about":[{"href":"https:\/\/stoic-curie.212-227-153-4.plesk.page\/hr\/wp-json\/wp\/v2\/types\/product"}],"replies":[{"embeddable":true,"href":"https:\/\/stoic-curie.212-227-153-4.plesk.page\/hr\/wp-json\/wp\/v2\/comments?post=741772"}],"version-history":[{"count":0,"href":"https:\/\/stoic-curie.212-227-153-4.plesk.page\/hr\/wp-json\/wp\/v2\/product\/741772\/revisions"}],"wp:featuredmedia":[{"embeddable":true,"href":"https:\/\/stoic-curie.212-227-153-4.plesk.page\/hr\/wp-json\/wp\/v2\/media\/5942734"}],"wp:attachment":[{"href":"https:\/\/stoic-curie.212-227-153-4.plesk.page\/hr\/wp-json\/wp\/v2\/media?parent=741772"}],"wp:term":[{"taxonomy":"product_brand","embeddable":true,"href":"https:\/\/stoic-curie.212-227-153-4.plesk.page\/hr\/wp-json\/wp\/v2\/product_brand?post=741772"},{"taxonomy":"product_cat","embeddable":true,"href":"https:\/\/stoic-curie.212-227-153-4.plesk.page\/hr\/wp-json\/wp\/v2\/product_cat?post=741772"},{"taxonomy":"product_tag","embeddable":true,"href":"https:\/\/stoic-curie.212-227-153-4.plesk.page\/hr\/wp-json\/wp\/v2\/product_tag?post=741772"}],"curies":[{"name":"wp","href":"https:\/\/api.w.org\/{rel}","templated":true}]}}